{"id":3896044,"date":"2026-04-05T01:00:05","date_gmt":"2026-04-04T23:00:05","guid":{"rendered":"https:\/\/streetmarkets.fr\/app\/produit\/pince-coeur\/"},"modified":"2026-05-10T01:00:02","modified_gmt":"2026-05-09T23:00:02","slug":"pince-coeur","status":"publish","type":"product","link":"https:\/\/streetmarkets.fr\/app\/produit\/pince-coeur\/","title":{"rendered":"Pince C\u0153ur"},"content":{"rendered":"<p data-start=\"0\" data-end=\"64\" class=\"\">Pince C\u0153ur : L&#8217;amour s&#8217;invite dans nos cheveux<br \/>Coup de love pour cette pince \u00e0 cheveux en ac\u00e9tate en forme de c\u0153ur ! Avec sa couleur pep&#8217;s et son look romantique, elle insuffle instantan\u00e9ment une touche de fra\u00eecheur et de fun \u00e0 toutes nos coiffures. <br \/>On l\u2019adopte les yeux ferm\u00e9s pour dompter une m\u00e8che rebelle, relever une demi-queue ou juste accessoiriser nos looks avec une pointe de bonne humeur.<\/p>\n<p data-start=\"551\" data-end=\"752\" class=\"\">D\u00e9tails qu\u2019on adore :<br data-start=\"576\" data-end=\"579\">\u2013 Pince en ac\u00e9tate r\u00e9sistante et l\u00e9g\u00e8re<br data-start=\"618\" data-end=\"621\">\u2013 Design romantique en forme de c\u0153ur<br data-start=\"657\" data-end=\"660\">\u2013 Parfaite pour cheveux fins \u00e0 normaux<br data-start=\"698\" data-end=\"701\" data-is-only-node=\"\">\u2013 Look fun et color\u00e9 pour twister notre quotidien<\/p>\n","protected":false},"excerpt":{"rendered":"<p>Pince C\u0153ur : L&#8217;amour s&#8217;invite dans nos cheveuxCoup de love pour cette pince \u00e0 cheveux en ac\u00e9tate en forme de c\u0153ur ! Avec sa couleur pep&#8217;s et son look romantique, elle insuffle instantan\u00e9ment une touche de fra\u00eecheur et de fun \u00e0 toutes nos coiffures. On l\u2019adopte les yeux ferm\u00e9s pour dompter une m\u00e8che rebelle, relever [&hellip;]<\/p>\n","protected":false},"featured_media":3896045,"comment_status":"open","ping_status":"closed","template":"","meta":[],"product_brand":[],"product_cat":[],"product_tag":[],"acf":[],"_links":{"self":[{"href":"https:\/\/streetmarkets.fr\/app\/wp-json\/wp\/v2\/product\/3896044"}],"collection":[{"href":"https:\/\/streetmarkets.fr\/app\/wp-json\/wp\/v2\/product"}],"about":[{"href":"https:\/\/streetmarkets.fr\/app\/wp-json\/wp\/v2\/types\/product"}],"replies":[{"embeddable":true,"href":"https:\/\/streetmarkets.fr\/app\/wp-json\/wp\/v2\/comments?post=3896044"}],"wp:featuredmedia":[{"embeddable":true,"href":"https:\/\/streetmarkets.fr\/app\/wp-json\/wp\/v2\/media\/3896045"}],"wp:attachment":[{"href":"https:\/\/streetmarkets.fr\/app\/wp-json\/wp\/v2\/media?parent=3896044"}],"wp:term":[{"taxonomy":"product_brand","embeddable":true,"href":"https:\/\/streetmarkets.fr\/app\/wp-json\/wp\/v2\/product_brand?post=3896044"},{"taxonomy":"product_cat","embeddable":true,"href":"https:\/\/streetmarkets.fr\/app\/wp-json\/wp\/v2\/product_cat?post=3896044"},{"taxonomy":"product_tag","embeddable":true,"href":"https:\/\/streetmarkets.fr\/app\/wp-json\/wp\/v2\/product_tag?post=3896044"}],"curies":[{"name":"wp","href":"https:\/\/api.w.org\/{rel}","templated":true}]}}