{"id":3890272,"date":"2026-04-04T02:06:45","date_gmt":"2026-04-04T00:06:45","guid":{"rendered":"https:\/\/streetmarkets.fr\/app\/produit\/nouveau-laurence-bras-chemise-bassimo-beige-stripe\/"},"modified":"2026-05-11T02:05:27","modified_gmt":"2026-05-11T00:05:27","slug":"nouveau-laurence-bras-chemise-bassimo-beige-stripe","status":"publish","type":"product","link":"https:\/\/streetmarkets.fr\/app\/produit\/nouveau-laurence-bras-chemise-bassimo-beige-stripe\/","title":{"rendered":"Nouveau ! LAURENCE BRAS Chemise Bassimo Beige Stripe"},"content":{"rendered":"<p class=\"\" data-rte-preserve-empty=\"true\">Chemise en coton ray\u00e9, coupe ample et droite, manches longues et poignets resserr\u00e9s, emmanchure large, deux poches plaqu\u00e9es \u00e0 rabats sur le devant. <\/p>\n<p class=\"\" data-rte-preserve-empty=\"true\">D\u00e9tail : 70% coton, 30% hemp<\/p>\n","protected":false},"excerpt":{"rendered":"<p>Chemise en coton ray\u00e9, coupe ample et droite, manches longues et poignets resserr\u00e9s, emmanchure large, deux poches plaqu\u00e9es \u00e0 rabats sur le devant. D\u00e9tail : 70% coton, 30% hemp<\/p>\n","protected":false},"featured_media":3890273,"comment_status":"open","ping_status":"closed","template":"","meta":[],"product_brand":[],"product_cat":[],"product_tag":[],"acf":[],"_links":{"self":[{"href":"https:\/\/streetmarkets.fr\/app\/wp-json\/wp\/v2\/product\/3890272"}],"collection":[{"href":"https:\/\/streetmarkets.fr\/app\/wp-json\/wp\/v2\/product"}],"about":[{"href":"https:\/\/streetmarkets.fr\/app\/wp-json\/wp\/v2\/types\/product"}],"replies":[{"embeddable":true,"href":"https:\/\/streetmarkets.fr\/app\/wp-json\/wp\/v2\/comments?post=3890272"}],"wp:featuredmedia":[{"embeddable":true,"href":"https:\/\/streetmarkets.fr\/app\/wp-json\/wp\/v2\/media\/3890273"}],"wp:attachment":[{"href":"https:\/\/streetmarkets.fr\/app\/wp-json\/wp\/v2\/media?parent=3890272"}],"wp:term":[{"taxonomy":"product_brand","embeddable":true,"href":"https:\/\/streetmarkets.fr\/app\/wp-json\/wp\/v2\/product_brand?post=3890272"},{"taxonomy":"product_cat","embeddable":true,"href":"https:\/\/streetmarkets.fr\/app\/wp-json\/wp\/v2\/product_cat?post=3890272"},{"taxonomy":"product_tag","embeddable":true,"href":"https:\/\/streetmarkets.fr\/app\/wp-json\/wp\/v2\/product_tag?post=3890272"}],"curies":[{"name":"wp","href":"https:\/\/api.w.org\/{rel}","templated":true}]}}