{"id":3890243,"date":"2026-04-04T02:06:35","date_gmt":"2026-04-04T00:06:35","guid":{"rendered":"https:\/\/streetmarkets.fr\/app\/produit\/nouveau-laurence-bras-blouse-wheeless-kaki\/"},"modified":"2026-05-04T02:11:51","modified_gmt":"2026-05-04T00:11:51","slug":"nouveau-laurence-bras-blouse-wheeless-kaki","status":"publish","type":"product","link":"https:\/\/streetmarkets.fr\/app\/produit\/nouveau-laurence-bras-blouse-wheeless-kaki\/","title":{"rendered":"Nouveau ! LAURENCE BRAS Blouse Wheeless Kaki"},"content":{"rendered":"<p class=\"\" data-rte-preserve-empty=\"true\">Blouse en voile de coton coupe ample, sans manche, \u00e9paules tombantes \u00e9vas\u00e9es, d\u00e9collet\u00e9 v et boutonn\u00e9 avec lien \u00e0 nouer, douce et fluide. Le mod\u00e8le taille grand. <\/p>\n<p class=\"\" data-rte-preserve-empty=\"true\">D\u00e9tail : 100% coton<\/p>\n","protected":false},"excerpt":{"rendered":"<p>Blouse en voile de coton coupe ample, sans manche, \u00e9paules tombantes \u00e9vas\u00e9es, d\u00e9collet\u00e9 v et boutonn\u00e9 avec lien \u00e0 nouer, douce et fluide. Le mod\u00e8le taille grand. D\u00e9tail : 100% coton<\/p>\n","protected":false},"featured_media":3890244,"comment_status":"open","ping_status":"closed","template":"","meta":[],"product_brand":[],"product_cat":[],"product_tag":[],"acf":[],"_links":{"self":[{"href":"https:\/\/streetmarkets.fr\/app\/wp-json\/wp\/v2\/product\/3890243"}],"collection":[{"href":"https:\/\/streetmarkets.fr\/app\/wp-json\/wp\/v2\/product"}],"about":[{"href":"https:\/\/streetmarkets.fr\/app\/wp-json\/wp\/v2\/types\/product"}],"replies":[{"embeddable":true,"href":"https:\/\/streetmarkets.fr\/app\/wp-json\/wp\/v2\/comments?post=3890243"}],"wp:featuredmedia":[{"embeddable":true,"href":"https:\/\/streetmarkets.fr\/app\/wp-json\/wp\/v2\/media\/3890244"}],"wp:attachment":[{"href":"https:\/\/streetmarkets.fr\/app\/wp-json\/wp\/v2\/media?parent=3890243"}],"wp:term":[{"taxonomy":"product_brand","embeddable":true,"href":"https:\/\/streetmarkets.fr\/app\/wp-json\/wp\/v2\/product_brand?post=3890243"},{"taxonomy":"product_cat","embeddable":true,"href":"https:\/\/streetmarkets.fr\/app\/wp-json\/wp\/v2\/product_cat?post=3890243"},{"taxonomy":"product_tag","embeddable":true,"href":"https:\/\/streetmarkets.fr\/app\/wp-json\/wp\/v2\/product_tag?post=3890243"}],"curies":[{"name":"wp","href":"https:\/\/api.w.org\/{rel}","templated":true}]}}