{"id":3890157,"date":"2026-04-04T01:45:12","date_gmt":"2026-04-03T23:45:12","guid":{"rendered":"https:\/\/streetmarkets.fr\/app\/produit\/robe-damana-motif-floral-en-voile-de-coton-bio\/"},"modified":"2026-05-13T01:45:08","modified_gmt":"2026-05-12T23:45:08","slug":"robe-damana-motif-floral-en-voile-de-coton-bio","status":"publish","type":"product","link":"https:\/\/streetmarkets.fr\/app\/produit\/robe-damana-motif-floral-en-voile-de-coton-bio\/","title":{"rendered":"Robe Damana motif floral en voile de coton bio"},"content":{"rendered":"<ul>\n<li>robe midi en voile de coton bio<\/li>\n<li>imprim\u00e9 <strong>floral<\/strong> sur fond rouge framboise\u00a0<\/li>\n<li>doublure coton<\/li>\n<li>d\u00e9coupe sous la poitrine<\/li>\n<li>100% <strong>coton biologique<\/strong>\n<\/li>\n<li>confection en Inde<\/li>\n<li>marque fran\u00e7aise <strong>La Fianc\u00e9e<\/strong>\n<\/li>\n<\/ul>\n","protected":false},"excerpt":{"rendered":"<p>robe midi en voile de coton bio imprim\u00e9 floral sur fond rouge framboise\u00a0 doublure coton d\u00e9coupe sous la poitrine 100% coton biologique confection en Inde marque fran\u00e7aise La Fianc\u00e9e<\/p>\n","protected":false},"featured_media":3890158,"comment_status":"open","ping_status":"closed","template":"","meta":[],"product_brand":[],"product_cat":[],"product_tag":[],"acf":[],"_links":{"self":[{"href":"https:\/\/streetmarkets.fr\/app\/wp-json\/wp\/v2\/product\/3890157"}],"collection":[{"href":"https:\/\/streetmarkets.fr\/app\/wp-json\/wp\/v2\/product"}],"about":[{"href":"https:\/\/streetmarkets.fr\/app\/wp-json\/wp\/v2\/types\/product"}],"replies":[{"embeddable":true,"href":"https:\/\/streetmarkets.fr\/app\/wp-json\/wp\/v2\/comments?post=3890157"}],"wp:featuredmedia":[{"embeddable":true,"href":"https:\/\/streetmarkets.fr\/app\/wp-json\/wp\/v2\/media\/3890158"}],"wp:attachment":[{"href":"https:\/\/streetmarkets.fr\/app\/wp-json\/wp\/v2\/media?parent=3890157"}],"wp:term":[{"taxonomy":"product_brand","embeddable":true,"href":"https:\/\/streetmarkets.fr\/app\/wp-json\/wp\/v2\/product_brand?post=3890157"},{"taxonomy":"product_cat","embeddable":true,"href":"https:\/\/streetmarkets.fr\/app\/wp-json\/wp\/v2\/product_cat?post=3890157"},{"taxonomy":"product_tag","embeddable":true,"href":"https:\/\/streetmarkets.fr\/app\/wp-json\/wp\/v2\/product_tag?post=3890157"}],"curies":[{"name":"wp","href":"https:\/\/api.w.org\/{rel}","templated":true}]}}