{"id":3890136,"date":"2026-04-04T01:45:09","date_gmt":"2026-04-03T23:45:09","guid":{"rendered":"https:\/\/streetmarkets.fr\/app\/produit\/pantalon-large-imprime-bleu-en-ecovero\/"},"modified":"2026-05-06T01:45:03","modified_gmt":"2026-05-05T23:45:03","slug":"pantalon-large-imprime-bleu-en-ecovero","status":"publish","type":"product","link":"https:\/\/streetmarkets.fr\/app\/produit\/pantalon-large-imprime-bleu-en-ecovero\/","title":{"rendered":"Pantalon large imprim\u00e9 bleu en Ecovero"},"content":{"rendered":"<ul>\n<li>pantalon <strong>fluide<\/strong>\n<\/li>\n<li>imprim\u00e9 <strong>bleu<\/strong> et <strong>blanc\u00a0<\/strong>\n<\/li>\n<li>taille \u00e9lastique dans le dos<\/li>\n<li>poches sur les c\u00f4t\u00e9s\n<\/li>\n<li>100% <strong>Ecovero<\/strong>\n<\/li>\n<li>marque <strong>\u00e9thique<\/strong> anglaise Nomads Clothing\n<\/li>\n<\/ul>\n<p><strong>Pantalon l\u00e9ger et confortable pour l&#8217;\u00e9t\u00e9 !<\/strong><\/p>\n<p><strong><br \/><\/strong><\/p>\n","protected":false},"excerpt":{"rendered":"<p>pantalon fluide imprim\u00e9 bleu et blanc\u00a0 taille \u00e9lastique dans le dos poches sur les c\u00f4t\u00e9s 100% Ecovero marque \u00e9thique anglaise Nomads Clothing Pantalon l\u00e9ger et confortable pour l&#8217;\u00e9t\u00e9 !<\/p>\n","protected":false},"featured_media":3890137,"comment_status":"open","ping_status":"closed","template":"","meta":[],"product_brand":[],"product_cat":[],"product_tag":[],"acf":[],"_links":{"self":[{"href":"https:\/\/streetmarkets.fr\/app\/wp-json\/wp\/v2\/product\/3890136"}],"collection":[{"href":"https:\/\/streetmarkets.fr\/app\/wp-json\/wp\/v2\/product"}],"about":[{"href":"https:\/\/streetmarkets.fr\/app\/wp-json\/wp\/v2\/types\/product"}],"replies":[{"embeddable":true,"href":"https:\/\/streetmarkets.fr\/app\/wp-json\/wp\/v2\/comments?post=3890136"}],"wp:featuredmedia":[{"embeddable":true,"href":"https:\/\/streetmarkets.fr\/app\/wp-json\/wp\/v2\/media\/3890137"}],"wp:attachment":[{"href":"https:\/\/streetmarkets.fr\/app\/wp-json\/wp\/v2\/media?parent=3890136"}],"wp:term":[{"taxonomy":"product_brand","embeddable":true,"href":"https:\/\/streetmarkets.fr\/app\/wp-json\/wp\/v2\/product_brand?post=3890136"},{"taxonomy":"product_cat","embeddable":true,"href":"https:\/\/streetmarkets.fr\/app\/wp-json\/wp\/v2\/product_cat?post=3890136"},{"taxonomy":"product_tag","embeddable":true,"href":"https:\/\/streetmarkets.fr\/app\/wp-json\/wp\/v2\/product_tag?post=3890136"}],"curies":[{"name":"wp","href":"https:\/\/api.w.org\/{rel}","templated":true}]}}