{"id":3889562,"date":"2026-04-04T00:56:47","date_gmt":"2026-04-03T22:56:47","guid":{"rendered":"https:\/\/streetmarkets.fr\/app\/produit\/bougie-adopo-crocodile\/"},"modified":"2026-05-09T00:56:44","modified_gmt":"2026-05-08T22:56:44","slug":"bougie-adopo-crocodile","status":"publish","type":"product","link":"https:\/\/streetmarkets.fr\/app\/produit\/bougie-adopo-crocodile\/","title":{"rendered":"Bougie Adopo Crocodile"},"content":{"rendered":"<p>La bougie adopo Crocodile est parfum\u00e9e aux notes de pomme et de c\u00e8dre fum\u00e9, pr\u00e9sent\u00e9e dans un contenant illustr\u00e9 au design audacieux, inspir\u00e9 de l\u2019art et des motifs exotiques.<\/p>\n<p data-start=\"687\" data-end=\"700\">D\u00e9tails<\/p>\n<ul data-start=\"702\" data-end=\"887\">\n<li data-start=\"702\" data-end=\"719\">Poids : 226 g<\/li>\n<li data-start=\"720\" data-end=\"729\">Vegan<\/li>\n<li data-start=\"730\" data-end=\"746\">Cire de soja<\/li>\n<li data-start=\"747\" data-end=\"782\">Sans phtalates ni formald\u00e9hydes<\/li>\n<li data-start=\"783\" data-end=\"801\">M\u00e8che en coton<\/li>\n<li data-start=\"802\" data-end=\"836\">Livr\u00e9e dans une bo\u00eete \u00e9l\u00e9gante<\/li>\n<\/ul>\n<p data-start=\"1249\" data-end=\"1264\">La marque<\/p>\n<p data-start=\"1268\" data-end=\"1310\">&#8211; Les bougies cr\u00e9atives et r\u00e9utilisables &#8211;<\/p>\n<p data-start=\"1312\" data-end=\"1600\">Paddywax Candle, sp\u00e9cialiste des fragrances pour la maison, allie design cr\u00e9atif et senteurs uniques. Fabriqu\u00e9es aux USA, ses collections offrent une exp\u00e9rience sensorielle sophistiqu\u00e9e. Leurs bougies invitent au voyage sensoriel sans quitter la maison. Allumez, respirez, \u00e9vadez-vous !<\/p>\n","protected":false},"excerpt":{"rendered":"<p>La bougie adopo Crocodile est parfum\u00e9e aux notes de pomme et de c\u00e8dre fum\u00e9, pr\u00e9sent\u00e9e dans un contenant illustr\u00e9 au design audacieux, inspir\u00e9 de l\u2019art et des motifs exotiques. D\u00e9tails Poids : 226 g Vegan Cire de soja Sans phtalates ni formald\u00e9hydes M\u00e8che en coton Livr\u00e9e dans une bo\u00eete \u00e9l\u00e9gante La marque &#8211; Les bougies [&hellip;]<\/p>\n","protected":false},"featured_media":3889563,"comment_status":"open","ping_status":"closed","template":"","meta":[],"product_brand":[],"product_cat":[],"product_tag":[],"acf":[],"_links":{"self":[{"href":"https:\/\/streetmarkets.fr\/app\/wp-json\/wp\/v2\/product\/3889562"}],"collection":[{"href":"https:\/\/streetmarkets.fr\/app\/wp-json\/wp\/v2\/product"}],"about":[{"href":"https:\/\/streetmarkets.fr\/app\/wp-json\/wp\/v2\/types\/product"}],"replies":[{"embeddable":true,"href":"https:\/\/streetmarkets.fr\/app\/wp-json\/wp\/v2\/comments?post=3889562"}],"wp:featuredmedia":[{"embeddable":true,"href":"https:\/\/streetmarkets.fr\/app\/wp-json\/wp\/v2\/media\/3889563"}],"wp:attachment":[{"href":"https:\/\/streetmarkets.fr\/app\/wp-json\/wp\/v2\/media?parent=3889562"}],"wp:term":[{"taxonomy":"product_brand","embeddable":true,"href":"https:\/\/streetmarkets.fr\/app\/wp-json\/wp\/v2\/product_brand?post=3889562"},{"taxonomy":"product_cat","embeddable":true,"href":"https:\/\/streetmarkets.fr\/app\/wp-json\/wp\/v2\/product_cat?post=3889562"},{"taxonomy":"product_tag","embeddable":true,"href":"https:\/\/streetmarkets.fr\/app\/wp-json\/wp\/v2\/product_tag?post=3889562"}],"curies":[{"name":"wp","href":"https:\/\/api.w.org\/{rel}","templated":true}]}}