{"id":3889493,"date":"2026-04-04T00:56:41","date_gmt":"2026-04-03T22:56:41","guid":{"rendered":"https:\/\/streetmarkets.fr\/app\/produit\/small-trousse-gaya-janie-brown\/"},"modified":"2026-05-06T00:56:27","modified_gmt":"2026-05-05T22:56:27","slug":"small-trousse-gaya-janie-brown","status":"publish","type":"product","link":"https:\/\/streetmarkets.fr\/app\/produit\/small-trousse-gaya-janie-brown\/","title":{"rendered":"Small Trousse Gaya JANIE BROWN"},"content":{"rendered":"<p data-start=\"175\" data-end=\"539\">D\u00e9couvrez la trousse Gaya, compacte et fonctionnelle, elle est parfaite pour y glisser maquillage, petits soins, accessoires ou tr\u00e9sors personnels. Facile \u00e0 transporter, elle se glisse dans tous les sacs et apporte une touche color\u00e9e et \u00e9l\u00e9gante \u00e0 vos journ\u00e9es.<\/p>\n<p data-start=\"546\" data-end=\"559\">D\u00e9tails<\/p>\n<ul>\n<li data-start=\"562\" data-end=\"585\">Mati\u00e8re : 100 % coton<\/li>\n<li data-start=\"588\" data-end=\"621\">Origine : confectionn\u00e9e en Inde\n<\/li>\n<\/ul>\n<p data-start=\"671\" data-end=\"697\">Conseils d\u2019entretien<\/p>\n<ul>\n<li data-start=\"700\" data-end=\"762\">Lavage \u00e0 30 \u00b0C en cycle d\u00e9licat, avec des coloris similaires<\/li>\n<li data-start=\"765\" data-end=\"786\">Pas de blanchissant<\/li>\n<li data-start=\"789\" data-end=\"809\">Pas de s\u00e8che-linge<\/li>\n<li data-start=\"812\" data-end=\"843\">Privil\u00e9gier un s\u00e9chage \u00e0 plat<\/li>\n<li data-start=\"846\" data-end=\"903\">Nous recommandons de laver le produit avant utilisation<\/li>\n<\/ul>\n<p data-start=\"1170\" data-end=\"1227\">La marque<\/p>\n<p data-start=\"1170\" data-end=\"1227\">&#8211; Des v\u00eatements aux imprim\u00e9s de caract\u00e8re &#8211;<\/p>\n<p data-start=\"1228\" data-end=\"1566\">Derri\u00e8re <strong data-start=\"1237\" data-end=\"1260\">Apaches Collections<\/strong> se cachent deux femmes, Cl\u00e9mentine et Cl\u00e9mence, qui ont souhait\u00e9 cr\u00e9er un vestiaire pens\u00e9 pour la famille, s\u2019inspirant des couleurs issues de la nature. Une fabrication au Portugal et en Inde, et la technique du <strong data-start=\"1473\" data-end=\"1488\">block-print<\/strong>, permettent \u00e0 la marque d\u2019affirmer des imprim\u00e9s singuliers et de caract\u00e8re.<\/p>\n","protected":false},"excerpt":{"rendered":"<p>D\u00e9couvrez la trousse Gaya, compacte et fonctionnelle, elle est parfaite pour y glisser maquillage, petits soins, accessoires ou tr\u00e9sors personnels. Facile \u00e0 transporter, elle se glisse dans tous les sacs et apporte une touche color\u00e9e et \u00e9l\u00e9gante \u00e0 vos journ\u00e9es. D\u00e9tails Mati\u00e8re : 100 % coton Origine : confectionn\u00e9e en Inde Conseils d\u2019entretien Lavage \u00e0 [&hellip;]<\/p>\n","protected":false},"featured_media":3889494,"comment_status":"open","ping_status":"closed","template":"","meta":[],"product_brand":[],"product_cat":[],"product_tag":[],"acf":[],"_links":{"self":[{"href":"https:\/\/streetmarkets.fr\/app\/wp-json\/wp\/v2\/product\/3889493"}],"collection":[{"href":"https:\/\/streetmarkets.fr\/app\/wp-json\/wp\/v2\/product"}],"about":[{"href":"https:\/\/streetmarkets.fr\/app\/wp-json\/wp\/v2\/types\/product"}],"replies":[{"embeddable":true,"href":"https:\/\/streetmarkets.fr\/app\/wp-json\/wp\/v2\/comments?post=3889493"}],"wp:featuredmedia":[{"embeddable":true,"href":"https:\/\/streetmarkets.fr\/app\/wp-json\/wp\/v2\/media\/3889494"}],"wp:attachment":[{"href":"https:\/\/streetmarkets.fr\/app\/wp-json\/wp\/v2\/media?parent=3889493"}],"wp:term":[{"taxonomy":"product_brand","embeddable":true,"href":"https:\/\/streetmarkets.fr\/app\/wp-json\/wp\/v2\/product_brand?post=3889493"},{"taxonomy":"product_cat","embeddable":true,"href":"https:\/\/streetmarkets.fr\/app\/wp-json\/wp\/v2\/product_cat?post=3889493"},{"taxonomy":"product_tag","embeddable":true,"href":"https:\/\/streetmarkets.fr\/app\/wp-json\/wp\/v2\/product_tag?post=3889493"}],"curies":[{"name":"wp","href":"https:\/\/api.w.org\/{rel}","templated":true}]}}