{"id":3889473,"date":"2026-04-04T00:56:32","date_gmt":"2026-04-03T22:56:32","guid":{"rendered":"https:\/\/streetmarkets.fr\/app\/produit\/small-foulard-manika-cerisier-orage\/"},"modified":"2026-05-16T00:56:25","modified_gmt":"2026-05-15T22:56:25","slug":"small-foulard-manika-cerisier-orage","status":"publish","type":"product","link":"https:\/\/streetmarkets.fr\/app\/produit\/small-foulard-manika-cerisier-orage\/","title":{"rendered":"Small Foulard Manika &#8220;Cerisier&#8221; Orage"},"content":{"rendered":"<p>Adoptez le small foulard avec le motif po\u00e9tique cerisier \u00e0 la teinte douce et d\u00e9licate qui se mariera bien avec toutes vos tenues. Confectionn\u00e9 de mani\u00e8re artisanale en Inde gr\u00e2ce \u00e0 la technique du block-print, ce petit foulard est l&#8217;accessoire mode pour toutes les saisons. Il apportera ce petit plus \u00e0 votre tenue.<\/p>\n<p>LE CONSEIL D&#8217;ASTRID<\/p>\n<p>Portez ce petit foulard sur un petit pull ou un t-shirt uni pour apporter un peu de relief \u00e0 votre look. Pour soi ou \u00e0 offrir, ce foulard plaira \u00e0 coup s\u00fbr.<\/p>\n<p>D\u00c9TAILS<\/p>\n<ul>\n<li>Dimensions : 50x50cm<\/li>\n<li>Composition 100% coton<\/li>\n<li>Confection en Inde<\/li>\n<li>Chaque collection est unique. Les colorations peuvent varier d&#8217;une production \u00e0 une autre.<\/li>\n<\/ul>\n<p>CONSEIL D&#8217;ENTRETIEN<\/p>\n<p>Il est conseill\u00e9 de laver votre foulard \u00e0 30\u00b0 en programme d\u00e9licat, seuls ou avec des coloris similaires, avant de les porter pour la premi\u00e8re fois.<\/p>\n<p>LA MARQUE<\/p>\n<p>&#8211; Des v\u00eatements aux imprim\u00e9s de caract\u00e8re &#8211;<\/p>\n<p>Derri\u00e8re Apaches collections, se cachent deux femmes Cl\u00e9mentine et Cl\u00e9mence qui ont souhait\u00e9 cr\u00e9er un vestiaire pens\u00e9e pour la famille s&#8217;inspirant de couleurs issues de la nature. Une fabrication au Portugal et en Inde, gr\u00e2ce \u00e0 la technique du block-print, permet \u00e0 la marque d&#8217;affirmer des imprim\u00e9s singuliers et de caract\u00e8re.<\/p>\n","protected":false},"excerpt":{"rendered":"<p>Adoptez le small foulard avec le motif po\u00e9tique cerisier \u00e0 la teinte douce et d\u00e9licate qui se mariera bien avec toutes vos tenues. Confectionn\u00e9 de mani\u00e8re artisanale en Inde gr\u00e2ce \u00e0 la technique du block-print, ce petit foulard est l&#8217;accessoire mode pour toutes les saisons. Il apportera ce petit plus \u00e0 votre tenue. LE CONSEIL [&hellip;]<\/p>\n","protected":false},"featured_media":3889474,"comment_status":"open","ping_status":"closed","template":"","meta":[],"product_brand":[],"product_cat":[],"product_tag":[],"acf":[],"_links":{"self":[{"href":"https:\/\/streetmarkets.fr\/app\/wp-json\/wp\/v2\/product\/3889473"}],"collection":[{"href":"https:\/\/streetmarkets.fr\/app\/wp-json\/wp\/v2\/product"}],"about":[{"href":"https:\/\/streetmarkets.fr\/app\/wp-json\/wp\/v2\/types\/product"}],"replies":[{"embeddable":true,"href":"https:\/\/streetmarkets.fr\/app\/wp-json\/wp\/v2\/comments?post=3889473"}],"wp:featuredmedia":[{"embeddable":true,"href":"https:\/\/streetmarkets.fr\/app\/wp-json\/wp\/v2\/media\/3889474"}],"wp:attachment":[{"href":"https:\/\/streetmarkets.fr\/app\/wp-json\/wp\/v2\/media?parent=3889473"}],"wp:term":[{"taxonomy":"product_brand","embeddable":true,"href":"https:\/\/streetmarkets.fr\/app\/wp-json\/wp\/v2\/product_brand?post=3889473"},{"taxonomy":"product_cat","embeddable":true,"href":"https:\/\/streetmarkets.fr\/app\/wp-json\/wp\/v2\/product_cat?post=3889473"},{"taxonomy":"product_tag","embeddable":true,"href":"https:\/\/streetmarkets.fr\/app\/wp-json\/wp\/v2\/product_tag?post=3889473"}],"curies":[{"name":"wp","href":"https:\/\/api.w.org\/{rel}","templated":true}]}}