{"id":3889348,"date":"2026-04-04T00:50:47","date_gmt":"2026-04-03T22:50:47","guid":{"rendered":"https:\/\/streetmarkets.fr\/app\/produit\/rapha-maillot-pro-team-training-iii-carbon-dark-grey\/"},"modified":"2026-05-02T00:50:07","modified_gmt":"2026-05-01T22:50:07","slug":"rapha-maillot-pro-team-training-iii-carbon-dark-grey","status":"publish","type":"product","link":"https:\/\/streetmarkets.fr\/app\/produit\/rapha-maillot-pro-team-training-iii-carbon-dark-grey\/","title":{"rendered":"Rapha Maillot Pro Team Training III Carbon Dark Grey"},"content":{"rendered":"<p>Le Rapha Maillot Pro Team Training III Carbon Dark Grey est u<span style=\"font-family: -apple-system, BlinkMacSystemFont, 'San Francisco', 'Segoe UI', Roboto, 'Helvetica Neue', sans-serif;font-size: 0.875rem\">ne couche polyvalente con\u00e7ue pour accompagner vos entra\u00eenements intensifs lorsque les conditions m\u00e9t\u00e9o changent. <\/span><\/p>\n<p><span style=\"font-family: -apple-system, BlinkMacSystemFont, 'San Francisco', 'Segoe UI', Roboto, 'Helvetica Neue', sans-serif;font-size: 0.875rem\">Ce maillot combine une protection l\u00e9g\u00e8re et une excellente respirabilit\u00e9 pour vous pr\u00e9server de la fra\u00eecheur matinale, tout en \u00e9vacuant efficacement l\u2019exc\u00e8s de chaleur afin de maintenir votre confort et votre concentration lors d\u2019efforts r\u00e9p\u00e9t\u00e9s. Enti\u00e8rement revisit\u00e9 en 2026 avec une coupe plus ajust\u00e9e : consultez la description du produit pour s\u00e9lectionner la taille la plus adapt\u00e9e.<\/p>\n<p><\/span><span style=\"font-family: -apple-system, BlinkMacSystemFont, 'San Francisco', 'Segoe UI', Roboto, 'Helvetica Neue', sans-serif;font-size: 0.875rem\"> <span>La conception bi-mati\u00e8re offre une protection solaire UPF30 tout en maximisant la respirabilit\u00e9, pour une performance optimale lors des efforts intenses.<\/span><\/span><\/p>\n","protected":false},"excerpt":{"rendered":"<p>Le Rapha Maillot Pro Team Training III Carbon Dark Grey est une couche polyvalente con\u00e7ue pour accompagner vos entra\u00eenements intensifs lorsque les conditions m\u00e9t\u00e9o changent. Ce maillot combine une protection l\u00e9g\u00e8re et une excellente respirabilit\u00e9 pour vous pr\u00e9server de la fra\u00eecheur matinale, tout en \u00e9vacuant efficacement l\u2019exc\u00e8s de chaleur afin de maintenir votre confort et [&hellip;]<\/p>\n","protected":false},"featured_media":3889349,"comment_status":"open","ping_status":"closed","template":"","meta":[],"product_brand":[],"product_cat":[],"product_tag":[],"acf":[],"_links":{"self":[{"href":"https:\/\/streetmarkets.fr\/app\/wp-json\/wp\/v2\/product\/3889348"}],"collection":[{"href":"https:\/\/streetmarkets.fr\/app\/wp-json\/wp\/v2\/product"}],"about":[{"href":"https:\/\/streetmarkets.fr\/app\/wp-json\/wp\/v2\/types\/product"}],"replies":[{"embeddable":true,"href":"https:\/\/streetmarkets.fr\/app\/wp-json\/wp\/v2\/comments?post=3889348"}],"wp:featuredmedia":[{"embeddable":true,"href":"https:\/\/streetmarkets.fr\/app\/wp-json\/wp\/v2\/media\/3889349"}],"wp:attachment":[{"href":"https:\/\/streetmarkets.fr\/app\/wp-json\/wp\/v2\/media?parent=3889348"}],"wp:term":[{"taxonomy":"product_brand","embeddable":true,"href":"https:\/\/streetmarkets.fr\/app\/wp-json\/wp\/v2\/product_brand?post=3889348"},{"taxonomy":"product_cat","embeddable":true,"href":"https:\/\/streetmarkets.fr\/app\/wp-json\/wp\/v2\/product_cat?post=3889348"},{"taxonomy":"product_tag","embeddable":true,"href":"https:\/\/streetmarkets.fr\/app\/wp-json\/wp\/v2\/product_tag?post=3889348"}],"curies":[{"name":"wp","href":"https:\/\/api.w.org\/{rel}","templated":true}]}}