{"id":3889235,"date":"2026-04-04T00:50:26","date_gmt":"2026-04-03T22:50:26","guid":{"rendered":"https:\/\/streetmarkets.fr\/app\/produit\/rapha-maillot-femme-core-forest-green\/"},"modified":"2026-05-11T00:50:02","modified_gmt":"2026-05-10T22:50:02","slug":"rapha-maillot-femme-core-forest-green","status":"publish","type":"product","link":"https:\/\/streetmarkets.fr\/app\/produit\/rapha-maillot-femme-core-forest-green\/","title":{"rendered":"Rapha Maillot Femme Core Forest Green"},"content":{"rendered":"<p data-start=\"69\" data-end=\"307\">Le Maillot Femme Rapha Core best-seller revisit\u00e9, con\u00e7u pour offrir performance et confort au quotidien. Fabriqu\u00e9 \u00e0 partir de fils 100 % recycl\u00e9s, il assure respirabilit\u00e9 et excellente gestion de l\u2019humidit\u00e9, id\u00e9al par temps doux \u00e0 chaud (18\u201332\u00b0C).<\/p>\n<p data-start=\"309\" data-end=\"618\">Sa conception polyvalente convient \u00e0 l\u2019entra\u00eenement, aux trajets quotidiens et aux sorties r\u00e9guli\u00e8res. Les manches mont\u00e9es am\u00e9liorent le confort en position, tandis que les finitions soign\u00e9es \u2014 poches retravaill\u00e9es, bandes silicone \u00e0 l\u2019ourlet et col l\u00e9ger \u2014 garantissent maintien et r\u00e9duction des irritations.<\/p>\n<p data-start=\"620\" data-end=\"736\">Coupe standard, moins compressive que la gamme Pro Team. \u00c0 associer avec un Core Bib Shorts pour un usage quotidien.<\/p>\n","protected":false},"excerpt":{"rendered":"<p>Le Maillot Femme Rapha Core best-seller revisit\u00e9, con\u00e7u pour offrir performance et confort au quotidien. Fabriqu\u00e9 \u00e0 partir de fils 100 % recycl\u00e9s, il assure respirabilit\u00e9 et excellente gestion de l\u2019humidit\u00e9, id\u00e9al par temps doux \u00e0 chaud (18\u201332\u00b0C). Sa conception polyvalente convient \u00e0 l\u2019entra\u00eenement, aux trajets quotidiens et aux sorties r\u00e9guli\u00e8res. Les manches mont\u00e9es am\u00e9liorent [&hellip;]<\/p>\n","protected":false},"featured_media":3889236,"comment_status":"open","ping_status":"closed","template":"","meta":[],"product_brand":[],"product_cat":[],"product_tag":[],"acf":[],"_links":{"self":[{"href":"https:\/\/streetmarkets.fr\/app\/wp-json\/wp\/v2\/product\/3889235"}],"collection":[{"href":"https:\/\/streetmarkets.fr\/app\/wp-json\/wp\/v2\/product"}],"about":[{"href":"https:\/\/streetmarkets.fr\/app\/wp-json\/wp\/v2\/types\/product"}],"replies":[{"embeddable":true,"href":"https:\/\/streetmarkets.fr\/app\/wp-json\/wp\/v2\/comments?post=3889235"}],"wp:featuredmedia":[{"embeddable":true,"href":"https:\/\/streetmarkets.fr\/app\/wp-json\/wp\/v2\/media\/3889236"}],"wp:attachment":[{"href":"https:\/\/streetmarkets.fr\/app\/wp-json\/wp\/v2\/media?parent=3889235"}],"wp:term":[{"taxonomy":"product_brand","embeddable":true,"href":"https:\/\/streetmarkets.fr\/app\/wp-json\/wp\/v2\/product_brand?post=3889235"},{"taxonomy":"product_cat","embeddable":true,"href":"https:\/\/streetmarkets.fr\/app\/wp-json\/wp\/v2\/product_cat?post=3889235"},{"taxonomy":"product_tag","embeddable":true,"href":"https:\/\/streetmarkets.fr\/app\/wp-json\/wp\/v2\/product_tag?post=3889235"}],"curies":[{"name":"wp","href":"https:\/\/api.w.org\/{rel}","templated":true}]}}