{"id":3889191,"date":"2026-04-04T00:50:21","date_gmt":"2026-04-03T22:50:21","guid":{"rendered":"https:\/\/streetmarkets.fr\/app\/produit\/rapha-maillot-de-corps-thermal-black\/"},"modified":"2026-05-16T00:49:53","modified_gmt":"2026-05-15T22:49:53","slug":"rapha-maillot-de-corps-thermal-black","status":"publish","type":"product","link":"https:\/\/streetmarkets.fr\/app\/produit\/rapha-maillot-de-corps-thermal-black\/","title":{"rendered":"Rapha Maillot de Corps Thermal Black"},"content":{"rendered":"<p>Le Rapha Maillot de Corps Thermal Black est u<span>ne couche de base technique pour temps froid avec des capacit\u00e9s de thermor\u00e9gulation et de contr\u00f4le de la temp\u00e9rature corporelle \u00e9lev\u00e9es.<\/span><\/p>\n<p><span>Thermor\u00e9gulation &#8211; Assure une r\u00e9gulation de la temp\u00e9rature corporelle et une gestion de l\u2019humidit\u00e9 efficaces dans des conditions froides.<br \/><\/span><span><\/span><\/p>\n<p><span>Le tour de cou int\u00e9gr\u00e9 remonte tr\u00e8s haut afin de couvrir la bouche et les oreilles pour mieux vous isoler du froid.<\/span><\/p>\n","protected":false},"excerpt":{"rendered":"<p>Le Rapha Maillot de Corps Thermal Black est une couche de base technique pour temps froid avec des capacit\u00e9s de thermor\u00e9gulation et de contr\u00f4le de la temp\u00e9rature corporelle \u00e9lev\u00e9es. Thermor\u00e9gulation &#8211; Assure une r\u00e9gulation de la temp\u00e9rature corporelle et une gestion de l\u2019humidit\u00e9 efficaces dans des conditions froides. Le tour de cou int\u00e9gr\u00e9 remonte tr\u00e8s [&hellip;]<\/p>\n","protected":false},"featured_media":3889192,"comment_status":"open","ping_status":"closed","template":"","meta":[],"product_brand":[],"product_cat":[],"product_tag":[],"acf":[],"_links":{"self":[{"href":"https:\/\/streetmarkets.fr\/app\/wp-json\/wp\/v2\/product\/3889191"}],"collection":[{"href":"https:\/\/streetmarkets.fr\/app\/wp-json\/wp\/v2\/product"}],"about":[{"href":"https:\/\/streetmarkets.fr\/app\/wp-json\/wp\/v2\/types\/product"}],"replies":[{"embeddable":true,"href":"https:\/\/streetmarkets.fr\/app\/wp-json\/wp\/v2\/comments?post=3889191"}],"wp:featuredmedia":[{"embeddable":true,"href":"https:\/\/streetmarkets.fr\/app\/wp-json\/wp\/v2\/media\/3889192"}],"wp:attachment":[{"href":"https:\/\/streetmarkets.fr\/app\/wp-json\/wp\/v2\/media?parent=3889191"}],"wp:term":[{"taxonomy":"product_brand","embeddable":true,"href":"https:\/\/streetmarkets.fr\/app\/wp-json\/wp\/v2\/product_brand?post=3889191"},{"taxonomy":"product_cat","embeddable":true,"href":"https:\/\/streetmarkets.fr\/app\/wp-json\/wp\/v2\/product_cat?post=3889191"},{"taxonomy":"product_tag","embeddable":true,"href":"https:\/\/streetmarkets.fr\/app\/wp-json\/wp\/v2\/product_tag?post=3889191"}],"curies":[{"name":"wp","href":"https:\/\/api.w.org\/{rel}","templated":true}]}}