{"id":3889177,"date":"2026-04-04T00:50:20","date_gmt":"2026-04-03T22:50:20","guid":{"rendered":"https:\/\/streetmarkets.fr\/app\/produit\/maap-maillot-de-corps-thermal-manche-longue-black\/"},"modified":"2026-05-13T00:49:44","modified_gmt":"2026-05-12T22:49:44","slug":"maap-maillot-de-corps-thermal-manche-longue-black","status":"publish","type":"product","link":"https:\/\/streetmarkets.fr\/app\/produit\/maap-maillot-de-corps-thermal-manche-longue-black\/","title":{"rendered":"Maap Maillot de Corps Thermal Manche Longue Black"},"content":{"rendered":"<p>Le confort par temps froid commence \u00e0 la premi\u00e8re couche.\u00a0Le Maap Maillot de Corps Thermal Manches Longues Black est fabriqu\u00e9 \u00e0 partir de tissus Polartec\u00ae Power Grid qui offrent une chaleur polyvalente et une thermor\u00e9gulation avanc\u00e9e. Ce tissu hautement respirant, \u00e0 s\u00e9chage rapide et \u00e9vacuant l&#8217;humidit\u00e9 vous assure un confort optimal, que vous rouliez tranquillement ou que vous encha\u00eeniez les intervalles intenses. Ce tissu performant est \u00e9galement r\u00e9sistant aux odeurs pour vous aider \u00e0 rester frais plus longtemps. De plus, le base layer bi-composant tr\u00e8s extensible associ\u00e9 \u00e0 des empi\u00e8cements lat\u00e9raux profil\u00e9s suit les mouvements de votre corps pour une libert\u00e9 de mouvement optimale.<\/p>\n<p>\u00a0<\/p>\n<p>\u00a0<\/p>\n","protected":false},"excerpt":{"rendered":"<p>Le confort par temps froid commence \u00e0 la premi\u00e8re couche.\u00a0Le Maap Maillot de Corps Thermal Manches Longues Black est fabriqu\u00e9 \u00e0 partir de tissus Polartec\u00ae Power Grid qui offrent une chaleur polyvalente et une thermor\u00e9gulation avanc\u00e9e. Ce tissu hautement respirant, \u00e0 s\u00e9chage rapide et \u00e9vacuant l&#8217;humidit\u00e9 vous assure un confort optimal, que vous rouliez tranquillement [&hellip;]<\/p>\n","protected":false},"featured_media":3889178,"comment_status":"open","ping_status":"closed","template":"","meta":[],"product_brand":[],"product_cat":[],"product_tag":[],"acf":[],"_links":{"self":[{"href":"https:\/\/streetmarkets.fr\/app\/wp-json\/wp\/v2\/product\/3889177"}],"collection":[{"href":"https:\/\/streetmarkets.fr\/app\/wp-json\/wp\/v2\/product"}],"about":[{"href":"https:\/\/streetmarkets.fr\/app\/wp-json\/wp\/v2\/types\/product"}],"replies":[{"embeddable":true,"href":"https:\/\/streetmarkets.fr\/app\/wp-json\/wp\/v2\/comments?post=3889177"}],"wp:featuredmedia":[{"embeddable":true,"href":"https:\/\/streetmarkets.fr\/app\/wp-json\/wp\/v2\/media\/3889178"}],"wp:attachment":[{"href":"https:\/\/streetmarkets.fr\/app\/wp-json\/wp\/v2\/media?parent=3889177"}],"wp:term":[{"taxonomy":"product_brand","embeddable":true,"href":"https:\/\/streetmarkets.fr\/app\/wp-json\/wp\/v2\/product_brand?post=3889177"},{"taxonomy":"product_cat","embeddable":true,"href":"https:\/\/streetmarkets.fr\/app\/wp-json\/wp\/v2\/product_cat?post=3889177"},{"taxonomy":"product_tag","embeddable":true,"href":"https:\/\/streetmarkets.fr\/app\/wp-json\/wp\/v2\/product_tag?post=3889177"}],"curies":[{"name":"wp","href":"https:\/\/api.w.org\/{rel}","templated":true}]}}