{"id":3889162,"date":"2026-04-04T00:50:18","date_gmt":"2026-04-03T22:50:18","guid":{"rendered":"https:\/\/streetmarkets.fr\/app\/produit\/maap-maillot-aeon-thermal-ls-atlantic\/"},"modified":"2026-05-11T00:49:49","modified_gmt":"2026-05-10T22:49:49","slug":"maap-maillot-aeon-thermal-ls-atlantic","status":"publish","type":"product","link":"https:\/\/streetmarkets.fr\/app\/produit\/maap-maillot-aeon-thermal-ls-atlantic\/","title":{"rendered":"Maap Maillot Aeon Thermal LS Atlantic"},"content":{"rendered":"<p>Affrontez le froid avec style et chaleur ! Le maillot Aeon Thermal LS combine une polaire bross\u00e9e italienne ultra-douce \u00e0 un rev\u00eatement DWR pour vous garder au sec lors de vos sorties hivernales. La fermeture \u00e9clair coll\u00e9e \u00e0 l&#8217;avant optimise la r\u00e9tention de chaleur, tandis que la construction \u00e9pur\u00e9e \u00e9limine les surplus. Restez visible en toutes conditions gr\u00e2ce aux bandes r\u00e9fl\u00e9chissantes 360\u00b0. Minimaliste dehors, cosy dedans\u2014exactement ce qu&#8217;il faut pour dominer les routes froides.<\/p>\n","protected":false},"excerpt":{"rendered":"<p>Affrontez le froid avec style et chaleur ! Le maillot Aeon Thermal LS combine une polaire bross\u00e9e italienne ultra-douce \u00e0 un rev\u00eatement DWR pour vous garder au sec lors de vos sorties hivernales. La fermeture \u00e9clair coll\u00e9e \u00e0 l&#8217;avant optimise la r\u00e9tention de chaleur, tandis que la construction \u00e9pur\u00e9e \u00e9limine les surplus. Restez visible en [&hellip;]<\/p>\n","protected":false},"featured_media":3889163,"comment_status":"open","ping_status":"closed","template":"","meta":[],"product_brand":[],"product_cat":[],"product_tag":[],"acf":[],"_links":{"self":[{"href":"https:\/\/streetmarkets.fr\/app\/wp-json\/wp\/v2\/product\/3889162"}],"collection":[{"href":"https:\/\/streetmarkets.fr\/app\/wp-json\/wp\/v2\/product"}],"about":[{"href":"https:\/\/streetmarkets.fr\/app\/wp-json\/wp\/v2\/types\/product"}],"replies":[{"embeddable":true,"href":"https:\/\/streetmarkets.fr\/app\/wp-json\/wp\/v2\/comments?post=3889162"}],"wp:featuredmedia":[{"embeddable":true,"href":"https:\/\/streetmarkets.fr\/app\/wp-json\/wp\/v2\/media\/3889163"}],"wp:attachment":[{"href":"https:\/\/streetmarkets.fr\/app\/wp-json\/wp\/v2\/media?parent=3889162"}],"wp:term":[{"taxonomy":"product_brand","embeddable":true,"href":"https:\/\/streetmarkets.fr\/app\/wp-json\/wp\/v2\/product_brand?post=3889162"},{"taxonomy":"product_cat","embeddable":true,"href":"https:\/\/streetmarkets.fr\/app\/wp-json\/wp\/v2\/product_cat?post=3889162"},{"taxonomy":"product_tag","embeddable":true,"href":"https:\/\/streetmarkets.fr\/app\/wp-json\/wp\/v2\/product_tag?post=3889162"}],"curies":[{"name":"wp","href":"https:\/\/api.w.org\/{rel}","templated":true}]}}