{"id":3889126,"date":"2026-04-04T00:50:13","date_gmt":"2026-04-03T22:50:13","guid":{"rendered":"https:\/\/streetmarkets.fr\/app\/produit\/rapha-veste-pro-team-shadow-winter-carbon\/"},"modified":"2026-05-06T00:49:38","modified_gmt":"2026-05-05T22:49:38","slug":"rapha-veste-pro-team-shadow-winter-carbon","status":"publish","type":"product","link":"https:\/\/streetmarkets.fr\/app\/produit\/rapha-veste-pro-team-shadow-winter-carbon\/","title":{"rendered":"Rapha Veste Pro Team Shadow Winter Carbon"},"content":{"rendered":"<p><span>La Rapha Veste Pro Team Shadow Winter Carbon offre des performances et une protection ultimes par temps froid, cette veste polyvalente coupe-vent r\u00e9siste \u00e0 la pluie sans compromettre le confort ni la respirablit\u00e9.<\/span><\/p>\n<p class=\"sc-de46bc74-0 dOgqHo\">D\u00e9velopp\u00e9e au c\u0153ur du World Tour\u00a0\u2013 Port\u00e9e par des coureurs du World Tour dans les conditions de course les plus exigeantes.<\/p>\n<p class=\"sc-de46bc74-0 dOgqHo\">Libert\u00e9 de mouvement\u00a0\u2013 Les tissus tr\u00e8s extensibles garantissent confort et mouvement sans restriction.<\/p>\n<p class=\"sc-de46bc74-0 dOgqHo\">Protection et l\u00e9g\u00e8ret\u00e9\u00a0\u2013 Membrane microporeuse l\u00e9g\u00e8re, respirante et coupe-vent, avec traitement d\u00e9perlant durable sans PFAS pour faire barri\u00e8re \u00e0 la pluie l\u00e9g\u00e8re. Finitions des coutures thermocoll\u00e9es.<\/p>\n<p class=\"sc-de46bc74-0 dOgqHo\">Doublure thermique\u00a0\u2013 L\u2019int\u00e9rieur en polaire quadrill\u00e9e vous garde au chaud sur les sorties les plus froides.<\/p>\n","protected":false},"excerpt":{"rendered":"<p>La Rapha Veste Pro Team Shadow Winter Carbon offre des performances et une protection ultimes par temps froid, cette veste polyvalente coupe-vent r\u00e9siste \u00e0 la pluie sans compromettre le confort ni la respirablit\u00e9. D\u00e9velopp\u00e9e au c\u0153ur du World Tour\u00a0\u2013 Port\u00e9e par des coureurs du World Tour dans les conditions de course les plus exigeantes. Libert\u00e9 [&hellip;]<\/p>\n","protected":false},"featured_media":3889127,"comment_status":"open","ping_status":"closed","template":"","meta":[],"product_brand":[],"product_cat":[],"product_tag":[],"acf":[],"_links":{"self":[{"href":"https:\/\/streetmarkets.fr\/app\/wp-json\/wp\/v2\/product\/3889126"}],"collection":[{"href":"https:\/\/streetmarkets.fr\/app\/wp-json\/wp\/v2\/product"}],"about":[{"href":"https:\/\/streetmarkets.fr\/app\/wp-json\/wp\/v2\/types\/product"}],"replies":[{"embeddable":true,"href":"https:\/\/streetmarkets.fr\/app\/wp-json\/wp\/v2\/comments?post=3889126"}],"wp:featuredmedia":[{"embeddable":true,"href":"https:\/\/streetmarkets.fr\/app\/wp-json\/wp\/v2\/media\/3889127"}],"wp:attachment":[{"href":"https:\/\/streetmarkets.fr\/app\/wp-json\/wp\/v2\/media?parent=3889126"}],"wp:term":[{"taxonomy":"product_brand","embeddable":true,"href":"https:\/\/streetmarkets.fr\/app\/wp-json\/wp\/v2\/product_brand?post=3889126"},{"taxonomy":"product_cat","embeddable":true,"href":"https:\/\/streetmarkets.fr\/app\/wp-json\/wp\/v2\/product_cat?post=3889126"},{"taxonomy":"product_tag","embeddable":true,"href":"https:\/\/streetmarkets.fr\/app\/wp-json\/wp\/v2\/product_tag?post=3889126"}],"curies":[{"name":"wp","href":"https:\/\/api.w.org\/{rel}","templated":true}]}}