{"id":3889120,"date":"2026-04-04T00:50:12","date_gmt":"2026-04-03T22:50:12","guid":{"rendered":"https:\/\/streetmarkets.fr\/app\/produit\/rapha-gilet-pro-team-insulated-blue\/"},"modified":"2026-05-13T00:49:44","modified_gmt":"2026-05-12T22:49:44","slug":"rapha-gilet-pro-team-insulated-blue","status":"publish","type":"product","link":"https:\/\/streetmarkets.fr\/app\/produit\/rapha-gilet-pro-team-insulated-blue\/","title":{"rendered":"Rapha Gilet Pro Team Insulated Blue"},"content":{"rendered":"<p>Ce gilet Rapha ProTeam Insulated Blue combine isolation modulable et confort optimal gr\u00e2ce \u00e0 son doublet Octa positionn\u00e9 strat\u00e9giquement pour vous garder au chaud sans surchauffer. Con\u00e7u avec des panneaux extensibles en mati\u00e8res contrast\u00e9es, il facilite les superpositions m\u00eame lorsque vos poches sont charg\u00e9es.<\/p>\n<p>Sa grande poche lat\u00e9rale, accessible m\u00eame gant\u00e9, assure un rangement pratique des essentiels. Le zip bidirectionnel r\u00e9gule efficacement la temp\u00e9rature, tandis que la bande \u00e9lastique \u00e0 l\u2019ourlet retient la chaleur pour une tenue s\u00e9curis\u00e9e. Id\u00e9al port\u00e9 avec un maillot Pro Team MidWeight et un cuissard long Pro Team Lightweight Tights.<\/p>\n","protected":false},"excerpt":{"rendered":"<p>Ce gilet Rapha ProTeam Insulated Blue combine isolation modulable et confort optimal gr\u00e2ce \u00e0 son doublet Octa positionn\u00e9 strat\u00e9giquement pour vous garder au chaud sans surchauffer. Con\u00e7u avec des panneaux extensibles en mati\u00e8res contrast\u00e9es, il facilite les superpositions m\u00eame lorsque vos poches sont charg\u00e9es. Sa grande poche lat\u00e9rale, accessible m\u00eame gant\u00e9, assure un rangement pratique [&hellip;]<\/p>\n","protected":false},"featured_media":3889121,"comment_status":"open","ping_status":"closed","template":"","meta":[],"product_brand":[],"product_cat":[],"product_tag":[],"acf":[],"_links":{"self":[{"href":"https:\/\/streetmarkets.fr\/app\/wp-json\/wp\/v2\/product\/3889120"}],"collection":[{"href":"https:\/\/streetmarkets.fr\/app\/wp-json\/wp\/v2\/product"}],"about":[{"href":"https:\/\/streetmarkets.fr\/app\/wp-json\/wp\/v2\/types\/product"}],"replies":[{"embeddable":true,"href":"https:\/\/streetmarkets.fr\/app\/wp-json\/wp\/v2\/comments?post=3889120"}],"wp:featuredmedia":[{"embeddable":true,"href":"https:\/\/streetmarkets.fr\/app\/wp-json\/wp\/v2\/media\/3889121"}],"wp:attachment":[{"href":"https:\/\/streetmarkets.fr\/app\/wp-json\/wp\/v2\/media?parent=3889120"}],"wp:term":[{"taxonomy":"product_brand","embeddable":true,"href":"https:\/\/streetmarkets.fr\/app\/wp-json\/wp\/v2\/product_brand?post=3889120"},{"taxonomy":"product_cat","embeddable":true,"href":"https:\/\/streetmarkets.fr\/app\/wp-json\/wp\/v2\/product_cat?post=3889120"},{"taxonomy":"product_tag","embeddable":true,"href":"https:\/\/streetmarkets.fr\/app\/wp-json\/wp\/v2\/product_tag?post=3889120"}],"curies":[{"name":"wp","href":"https:\/\/api.w.org\/{rel}","templated":true}]}}