{"id":3889098,"date":"2026-04-04T00:50:00","date_gmt":"2026-04-03T22:50:00","guid":{"rendered":"https:\/\/streetmarkets.fr\/app\/produit\/rapha-gilet-core-paprika\/"},"modified":"2026-05-13T00:49:44","modified_gmt":"2026-05-12T22:49:44","slug":"rapha-gilet-core-paprika","status":"publish","type":"product","link":"https:\/\/streetmarkets.fr\/app\/produit\/rapha-gilet-core-paprika\/","title":{"rendered":"Rapha Gilet Core Paprika"},"content":{"rendered":"<p>Le Rapha Gilet Core Paprika allie l\u00e9g\u00e8ret\u00e9 et praticit\u00e9 pour vos sorties matinales.<\/p>\n<p>Facile \u00e0 glisser dans la poche de votre maillot, il vous prot\u00e8ge sans vous alourdir. Son zip \u00e0 double curseur astucieux vous permet d\u2019acc\u00e9der rapidement \u00e0 vos poches, m\u00eame en roulant, tout en affichant ce style unique sign\u00e9 Rapha. Un compagnon id\u00e9al pour rouler malin et avec panache !<\/p>\n","protected":false},"excerpt":{"rendered":"<p>Le Rapha Gilet Core Paprika allie l\u00e9g\u00e8ret\u00e9 et praticit\u00e9 pour vos sorties matinales. Facile \u00e0 glisser dans la poche de votre maillot, il vous prot\u00e8ge sans vous alourdir. Son zip \u00e0 double curseur astucieux vous permet d\u2019acc\u00e9der rapidement \u00e0 vos poches, m\u00eame en roulant, tout en affichant ce style unique sign\u00e9 Rapha. Un compagnon id\u00e9al [&hellip;]<\/p>\n","protected":false},"featured_media":3889099,"comment_status":"open","ping_status":"closed","template":"","meta":[],"product_brand":[],"product_cat":[],"product_tag":[],"acf":[],"_links":{"self":[{"href":"https:\/\/streetmarkets.fr\/app\/wp-json\/wp\/v2\/product\/3889098"}],"collection":[{"href":"https:\/\/streetmarkets.fr\/app\/wp-json\/wp\/v2\/product"}],"about":[{"href":"https:\/\/streetmarkets.fr\/app\/wp-json\/wp\/v2\/types\/product"}],"replies":[{"embeddable":true,"href":"https:\/\/streetmarkets.fr\/app\/wp-json\/wp\/v2\/comments?post=3889098"}],"wp:featuredmedia":[{"embeddable":true,"href":"https:\/\/streetmarkets.fr\/app\/wp-json\/wp\/v2\/media\/3889099"}],"wp:attachment":[{"href":"https:\/\/streetmarkets.fr\/app\/wp-json\/wp\/v2\/media?parent=3889098"}],"wp:term":[{"taxonomy":"product_brand","embeddable":true,"href":"https:\/\/streetmarkets.fr\/app\/wp-json\/wp\/v2\/product_brand?post=3889098"},{"taxonomy":"product_cat","embeddable":true,"href":"https:\/\/streetmarkets.fr\/app\/wp-json\/wp\/v2\/product_cat?post=3889098"},{"taxonomy":"product_tag","embeddable":true,"href":"https:\/\/streetmarkets.fr\/app\/wp-json\/wp\/v2\/product_tag?post=3889098"}],"curies":[{"name":"wp","href":"https:\/\/api.w.org\/{rel}","templated":true}]}}