{"id":3889085,"date":"2026-04-04T00:49:59","date_gmt":"2026-04-03T22:49:59","guid":{"rendered":"https:\/\/streetmarkets.fr\/app\/produit\/maap-maillot-femme-aeon-slate\/"},"modified":"2026-05-16T00:49:52","modified_gmt":"2026-05-15T22:49:52","slug":"maap-maillot-femme-aeon-slate","status":"publish","type":"product","link":"https:\/\/streetmarkets.fr\/app\/produit\/maap-maillot-femme-aeon-slate\/","title":{"rendered":"Maap Maillot Femme Aeon Slate"},"content":{"rendered":"<p>Le Maap Maillot Femme Aeon Slate est votre alli\u00e9 pour les escapades longues et chaudes ! Gr\u00e2ce au tissu Polartec\u00ae Delta\u2122, il vous garde fra\u00eeche avec une ventilation au top et un s\u00e9chage ultra rapide.<\/p>\n<p>Sa coupe ajust\u00e9e et ses mat\u00e9riaux doux vous enveloppent comme une seconde peau, pour bouger librement sans compromis. Osez l\u2019endurance en toute l\u00e9g\u00e8ret\u00e9 et style avec ce maillot taill\u00e9 pour les cyclistes qui veulent allier performance et confort.<\/p>\n","protected":false},"excerpt":{"rendered":"<p>Le Maap Maillot Femme Aeon Slate est votre alli\u00e9 pour les escapades longues et chaudes ! Gr\u00e2ce au tissu Polartec\u00ae Delta\u2122, il vous garde fra\u00eeche avec une ventilation au top et un s\u00e9chage ultra rapide. Sa coupe ajust\u00e9e et ses mat\u00e9riaux doux vous enveloppent comme une seconde peau, pour bouger librement sans compromis. Osez l\u2019endurance [&hellip;]<\/p>\n","protected":false},"featured_media":3889086,"comment_status":"open","ping_status":"closed","template":"","meta":[],"product_brand":[],"product_cat":[],"product_tag":[],"acf":[],"_links":{"self":[{"href":"https:\/\/streetmarkets.fr\/app\/wp-json\/wp\/v2\/product\/3889085"}],"collection":[{"href":"https:\/\/streetmarkets.fr\/app\/wp-json\/wp\/v2\/product"}],"about":[{"href":"https:\/\/streetmarkets.fr\/app\/wp-json\/wp\/v2\/types\/product"}],"replies":[{"embeddable":true,"href":"https:\/\/streetmarkets.fr\/app\/wp-json\/wp\/v2\/comments?post=3889085"}],"wp:featuredmedia":[{"embeddable":true,"href":"https:\/\/streetmarkets.fr\/app\/wp-json\/wp\/v2\/media\/3889086"}],"wp:attachment":[{"href":"https:\/\/streetmarkets.fr\/app\/wp-json\/wp\/v2\/media?parent=3889085"}],"wp:term":[{"taxonomy":"product_brand","embeddable":true,"href":"https:\/\/streetmarkets.fr\/app\/wp-json\/wp\/v2\/product_brand?post=3889085"},{"taxonomy":"product_cat","embeddable":true,"href":"https:\/\/streetmarkets.fr\/app\/wp-json\/wp\/v2\/product_cat?post=3889085"},{"taxonomy":"product_tag","embeddable":true,"href":"https:\/\/streetmarkets.fr\/app\/wp-json\/wp\/v2\/product_tag?post=3889085"}],"curies":[{"name":"wp","href":"https:\/\/api.w.org\/{rel}","templated":true}]}}