{"id":3889054,"date":"2026-04-04T00:49:56","date_gmt":"2026-04-03T22:49:56","guid":{"rendered":"https:\/\/streetmarkets.fr\/app\/produit\/rapha-maillot-pro-team-training-titan\/"},"modified":"2026-05-11T00:49:48","modified_gmt":"2026-05-10T22:49:48","slug":"rapha-maillot-pro-team-training-titan","status":"publish","type":"product","link":"https:\/\/streetmarkets.fr\/app\/produit\/rapha-maillot-pro-team-training-titan\/","title":{"rendered":"Rapha Maillot Pro Team Training Titan"},"content":{"rendered":"<p>Le Rapha\u00a0maillot Pro Team Training Titan offre une construction retravaill\u00e9e alliant deux tissus performants pour une respirabilit\u00e9 optimale et une gestion efficace de l\u2019humidit\u00e9 entre 18 et 32 \u00b0C.<\/p>\n<p>Son tissu italien extensible \u00e0 l\u2019avant garantit un ajustement pr\u00e9cis en position cycliste, tandis que le col bas assure un confort durable sans irritation, m\u00eame sur les longues sorties.\u00a0<\/p>\n<p>Pratique, il dispose de trois poches arri\u00e8re et d\u2019une poche zipp\u00e9e pour la s\u00e9curit\u00e9 de vos effets personnels. Le dos b\u00e9n\u00e9ficie d\u2019une protection solaire UPF30, id\u00e9ale pour vos entra\u00eenements sous le soleil.<\/p>\n","protected":false},"excerpt":{"rendered":"<p>Le Rapha\u00a0maillot Pro Team Training Titan offre une construction retravaill\u00e9e alliant deux tissus performants pour une respirabilit\u00e9 optimale et une gestion efficace de l\u2019humidit\u00e9 entre 18 et 32 \u00b0C. Son tissu italien extensible \u00e0 l\u2019avant garantit un ajustement pr\u00e9cis en position cycliste, tandis que le col bas assure un confort durable sans irritation, m\u00eame sur [&hellip;]<\/p>\n","protected":false},"featured_media":3889055,"comment_status":"open","ping_status":"closed","template":"","meta":[],"product_brand":[],"product_cat":[],"product_tag":[],"acf":[],"_links":{"self":[{"href":"https:\/\/streetmarkets.fr\/app\/wp-json\/wp\/v2\/product\/3889054"}],"collection":[{"href":"https:\/\/streetmarkets.fr\/app\/wp-json\/wp\/v2\/product"}],"about":[{"href":"https:\/\/streetmarkets.fr\/app\/wp-json\/wp\/v2\/types\/product"}],"replies":[{"embeddable":true,"href":"https:\/\/streetmarkets.fr\/app\/wp-json\/wp\/v2\/comments?post=3889054"}],"wp:featuredmedia":[{"embeddable":true,"href":"https:\/\/streetmarkets.fr\/app\/wp-json\/wp\/v2\/media\/3889055"}],"wp:attachment":[{"href":"https:\/\/streetmarkets.fr\/app\/wp-json\/wp\/v2\/media?parent=3889054"}],"wp:term":[{"taxonomy":"product_brand","embeddable":true,"href":"https:\/\/streetmarkets.fr\/app\/wp-json\/wp\/v2\/product_brand?post=3889054"},{"taxonomy":"product_cat","embeddable":true,"href":"https:\/\/streetmarkets.fr\/app\/wp-json\/wp\/v2\/product_cat?post=3889054"},{"taxonomy":"product_tag","embeddable":true,"href":"https:\/\/streetmarkets.fr\/app\/wp-json\/wp\/v2\/product_tag?post=3889054"}],"curies":[{"name":"wp","href":"https:\/\/api.w.org\/{rel}","templated":true}]}}