{"id":3889003,"date":"2026-04-04T00:49:51","date_gmt":"2026-04-03T22:49:51","guid":{"rendered":"https:\/\/streetmarkets.fr\/app\/produit\/steel-t-shirt-kool\/"},"modified":"2026-05-11T00:49:35","modified_gmt":"2026-05-10T22:49:35","slug":"steel-t-shirt-kool","status":"publish","type":"product","link":"https:\/\/streetmarkets.fr\/app\/produit\/steel-t-shirt-kool\/","title":{"rendered":"Steel T-shirt &#8220;Kool&#8221;"},"content":{"rendered":"<p>Steel a 10 ans ! Et oui d\u00e9j\u00e0, \u00e7a ne ne nous rajeunit pas, mais c&#8217;est cool.<br \/>Comme c&#8217;est cool d&#8217;honorer cet anniversaire, que le v\u00e9lo c&#8217;est cool, et que vous l&#8217;\u00eates aussi vous-m\u00eames. Un design souriant reprenant cette &#8220;coolitude&#8221; devait immortaliser tout \u00e7a.<\/p>\n<p>Le bidon est, et sera dor\u00e9navant notre forme de mascotte. Alors, apr\u00e8s avoir dessin\u00e9 son grand fr\u00e8re buvant un caf\u00e9 sur un v\u00e9lo, sur le t-shirt &#8220;Pizza&#8221;, voici donc le petit fr\u00e8re &#8220;Kool as Steel&#8221; inspir\u00e9 de la boisson am\u00e9ricaine Cool Aid. <br \/>Le v\u00e9lo \u00e7a donne le sourire, et \u00e7a donne soif, la r\u00e9f\u00e9rence est appropri\u00e9e.<\/p>\n<p>Artwork : Marc Schmitt<\/p>\n","protected":false},"excerpt":{"rendered":"<p>Steel a 10 ans ! Et oui d\u00e9j\u00e0, \u00e7a ne ne nous rajeunit pas, mais c&#8217;est cool.Comme c&#8217;est cool d&#8217;honorer cet anniversaire, que le v\u00e9lo c&#8217;est cool, et que vous l&#8217;\u00eates aussi vous-m\u00eames. Un design souriant reprenant cette &#8220;coolitude&#8221; devait immortaliser tout \u00e7a. Le bidon est, et sera dor\u00e9navant notre forme de mascotte. Alors, apr\u00e8s [&hellip;]<\/p>\n","protected":false},"featured_media":3889004,"comment_status":"open","ping_status":"closed","template":"","meta":[],"product_brand":[],"product_cat":[],"product_tag":[],"acf":[],"_links":{"self":[{"href":"https:\/\/streetmarkets.fr\/app\/wp-json\/wp\/v2\/product\/3889003"}],"collection":[{"href":"https:\/\/streetmarkets.fr\/app\/wp-json\/wp\/v2\/product"}],"about":[{"href":"https:\/\/streetmarkets.fr\/app\/wp-json\/wp\/v2\/types\/product"}],"replies":[{"embeddable":true,"href":"https:\/\/streetmarkets.fr\/app\/wp-json\/wp\/v2\/comments?post=3889003"}],"wp:featuredmedia":[{"embeddable":true,"href":"https:\/\/streetmarkets.fr\/app\/wp-json\/wp\/v2\/media\/3889004"}],"wp:attachment":[{"href":"https:\/\/streetmarkets.fr\/app\/wp-json\/wp\/v2\/media?parent=3889003"}],"wp:term":[{"taxonomy":"product_brand","embeddable":true,"href":"https:\/\/streetmarkets.fr\/app\/wp-json\/wp\/v2\/product_brand?post=3889003"},{"taxonomy":"product_cat","embeddable":true,"href":"https:\/\/streetmarkets.fr\/app\/wp-json\/wp\/v2\/product_cat?post=3889003"},{"taxonomy":"product_tag","embeddable":true,"href":"https:\/\/streetmarkets.fr\/app\/wp-json\/wp\/v2\/product_tag?post=3889003"}],"curies":[{"name":"wp","href":"https:\/\/api.w.org\/{rel}","templated":true}]}}