{"id":3888921,"date":"2026-04-04T00:49:34","date_gmt":"2026-04-03T22:49:34","guid":{"rendered":"https:\/\/streetmarkets.fr\/app\/produit\/ciele-t-shirt-u-ortshirt-c-side-whitaker\/"},"modified":"2026-05-09T00:49:43","modified_gmt":"2026-05-08T22:49:43","slug":"ciele-t-shirt-u-ortshirt-c-side-whitaker","status":"publish","type":"product","link":"https:\/\/streetmarkets.fr\/app\/produit\/ciele-t-shirt-u-ortshirt-c-side-whitaker\/","title":{"rendered":"Ciele T-Shirt U ORTShirt &#8211; C-Side &#8211; Whitaker"},"content":{"rendered":"<p>Le t-shirt originale. Il \u00e9tait question de cr\u00e9er un t-shirt classique, au m\u00eame standard que les autres produits Ciele Athl\u00e9tique. Un coton recycl\u00e9 \u00e9pais recycl\u00e9 et imprim\u00e9 \u00e0 base d&#8217;encre \u00e0 l&#8217;eau, associ\u00e9 \u00e0 un fit qui rappelle les t-shirts de skate des ann\u00e9es 90.\u00a0<\/p>\n<p>Transpirez, en courant, en dansant, en faisant du skate.. c&#8217;est un original.\u00a0<\/p>\n<p>Mesdames une taille en moins vous est sugg\u00e9r\u00e9e.<\/p>\n","protected":false},"excerpt":{"rendered":"<p>Le t-shirt originale. Il \u00e9tait question de cr\u00e9er un t-shirt classique, au m\u00eame standard que les autres produits Ciele Athl\u00e9tique. Un coton recycl\u00e9 \u00e9pais recycl\u00e9 et imprim\u00e9 \u00e0 base d&#8217;encre \u00e0 l&#8217;eau, associ\u00e9 \u00e0 un fit qui rappelle les t-shirts de skate des ann\u00e9es 90.\u00a0 Transpirez, en courant, en dansant, en faisant du skate.. c&#8217;est [&hellip;]<\/p>\n","protected":false},"featured_media":3888922,"comment_status":"open","ping_status":"closed","template":"","meta":[],"product_brand":[],"product_cat":[],"product_tag":[],"acf":[],"_links":{"self":[{"href":"https:\/\/streetmarkets.fr\/app\/wp-json\/wp\/v2\/product\/3888921"}],"collection":[{"href":"https:\/\/streetmarkets.fr\/app\/wp-json\/wp\/v2\/product"}],"about":[{"href":"https:\/\/streetmarkets.fr\/app\/wp-json\/wp\/v2\/types\/product"}],"replies":[{"embeddable":true,"href":"https:\/\/streetmarkets.fr\/app\/wp-json\/wp\/v2\/comments?post=3888921"}],"wp:featuredmedia":[{"embeddable":true,"href":"https:\/\/streetmarkets.fr\/app\/wp-json\/wp\/v2\/media\/3888922"}],"wp:attachment":[{"href":"https:\/\/streetmarkets.fr\/app\/wp-json\/wp\/v2\/media?parent=3888921"}],"wp:term":[{"taxonomy":"product_brand","embeddable":true,"href":"https:\/\/streetmarkets.fr\/app\/wp-json\/wp\/v2\/product_brand?post=3888921"},{"taxonomy":"product_cat","embeddable":true,"href":"https:\/\/streetmarkets.fr\/app\/wp-json\/wp\/v2\/product_cat?post=3888921"},{"taxonomy":"product_tag","embeddable":true,"href":"https:\/\/streetmarkets.fr\/app\/wp-json\/wp\/v2\/product_tag?post=3888921"}],"curies":[{"name":"wp","href":"https:\/\/api.w.org\/{rel}","templated":true}]}}