{"id":3888881,"date":"2026-04-04T00:49:31","date_gmt":"2026-04-03T22:49:31","guid":{"rendered":"https:\/\/streetmarkets.fr\/app\/produit\/rapha-maillot-pro-team-manches-longues-midweight-walnut-brown\/"},"modified":"2026-05-09T00:49:29","modified_gmt":"2026-05-08T22:49:29","slug":"rapha-maillot-pro-team-manches-longues-midweight-walnut-brown","status":"publish","type":"product","link":"https:\/\/streetmarkets.fr\/app\/produit\/rapha-maillot-pro-team-manches-longues-midweight-walnut-brown\/","title":{"rendered":"Rapha Maillot Pro Team Manches Longues Midweight Walnut Brown"},"content":{"rendered":"<p>Le Rapha Maillot Pro Team Manches Longues Midweight Walnut Brown est une n<span>ouveaut\u00e9 Rapha 2024. C&#8217;est un maillot d\u2019entra\u00eenement manches longues tr\u00e8s performant con\u00e7u pour fonctionner sur plusieurs saisons.<\/span><\/p>\n<p><span>Rapport chaleur\/poids \u00e9lev\u00e9 et tr\u00e8s bonne \u00e9vacuation de l\u2019humidit\u00e9 pour un confort optimal lors de vos sorties rythm\u00e9es. <\/span><\/p>\n<p><span>Optimis\u00e9 pour les superpositions avec une veste ou un gilet, ou pour \u00eatre port\u00e9 seul avec juste un maillot de corps.<\/span><\/p>\n<p>\u00a0<\/p>\n","protected":false},"excerpt":{"rendered":"<p>Le Rapha Maillot Pro Team Manches Longues Midweight Walnut Brown est une nouveaut\u00e9 Rapha 2024. C&#8217;est un maillot d\u2019entra\u00eenement manches longues tr\u00e8s performant con\u00e7u pour fonctionner sur plusieurs saisons. Rapport chaleur\/poids \u00e9lev\u00e9 et tr\u00e8s bonne \u00e9vacuation de l\u2019humidit\u00e9 pour un confort optimal lors de vos sorties rythm\u00e9es. Optimis\u00e9 pour les superpositions avec une veste ou [&hellip;]<\/p>\n","protected":false},"featured_media":3888882,"comment_status":"open","ping_status":"closed","template":"","meta":[],"product_brand":[],"product_cat":[],"product_tag":[],"acf":[],"_links":{"self":[{"href":"https:\/\/streetmarkets.fr\/app\/wp-json\/wp\/v2\/product\/3888881"}],"collection":[{"href":"https:\/\/streetmarkets.fr\/app\/wp-json\/wp\/v2\/product"}],"about":[{"href":"https:\/\/streetmarkets.fr\/app\/wp-json\/wp\/v2\/types\/product"}],"replies":[{"embeddable":true,"href":"https:\/\/streetmarkets.fr\/app\/wp-json\/wp\/v2\/comments?post=3888881"}],"wp:featuredmedia":[{"embeddable":true,"href":"https:\/\/streetmarkets.fr\/app\/wp-json\/wp\/v2\/media\/3888882"}],"wp:attachment":[{"href":"https:\/\/streetmarkets.fr\/app\/wp-json\/wp\/v2\/media?parent=3888881"}],"wp:term":[{"taxonomy":"product_brand","embeddable":true,"href":"https:\/\/streetmarkets.fr\/app\/wp-json\/wp\/v2\/product_brand?post=3888881"},{"taxonomy":"product_cat","embeddable":true,"href":"https:\/\/streetmarkets.fr\/app\/wp-json\/wp\/v2\/product_cat?post=3888881"},{"taxonomy":"product_tag","embeddable":true,"href":"https:\/\/streetmarkets.fr\/app\/wp-json\/wp\/v2\/product_tag?post=3888881"}],"curies":[{"name":"wp","href":"https:\/\/api.w.org\/{rel}","templated":true}]}}