{"id":3888874,"date":"2026-04-04T00:49:31","date_gmt":"2026-04-03T22:49:31","guid":{"rendered":"https:\/\/streetmarkets.fr\/app\/produit\/rapha-veste-core-winter-jacket-black\/"},"modified":"2026-05-16T00:49:19","modified_gmt":"2026-05-15T22:49:19","slug":"rapha-veste-core-winter-jacket-black","status":"publish","type":"product","link":"https:\/\/streetmarkets.fr\/app\/produit\/rapha-veste-core-winter-jacket-black\/","title":{"rendered":"Rapha Veste Core Winter Jacket Black"},"content":{"rendered":"<p>La Rapha Veste Core Winter Jacket Black a \u00e9t\u00e9 con\u00e7ue pour offrir performance et confort \u00e0 un tr\u00e8s bon rapport qualit\u00e9-prix, pour rouler quotidiennement l\u2019hiver.<\/p>\n<p>Enti\u00e8rement coupe-vent \u00e0 l\u2019avant avec un tissu coupe-vent trait\u00e9 avec DWR. Int\u00e9rieur molletonn\u00e9 pour plus de confort et de chaleur. Sans doute une des meilleures veste d&#8217;hiver sur ce segment.<\/p>\n","protected":false},"excerpt":{"rendered":"<p>La Rapha Veste Core Winter Jacket Black a \u00e9t\u00e9 con\u00e7ue pour offrir performance et confort \u00e0 un tr\u00e8s bon rapport qualit\u00e9-prix, pour rouler quotidiennement l\u2019hiver. Enti\u00e8rement coupe-vent \u00e0 l\u2019avant avec un tissu coupe-vent trait\u00e9 avec DWR. Int\u00e9rieur molletonn\u00e9 pour plus de confort et de chaleur. Sans doute une des meilleures veste d&#8217;hiver sur ce segment.<\/p>\n","protected":false},"featured_media":3888875,"comment_status":"open","ping_status":"closed","template":"","meta":[],"product_brand":[],"product_cat":[],"product_tag":[],"acf":[],"_links":{"self":[{"href":"https:\/\/streetmarkets.fr\/app\/wp-json\/wp\/v2\/product\/3888874"}],"collection":[{"href":"https:\/\/streetmarkets.fr\/app\/wp-json\/wp\/v2\/product"}],"about":[{"href":"https:\/\/streetmarkets.fr\/app\/wp-json\/wp\/v2\/types\/product"}],"replies":[{"embeddable":true,"href":"https:\/\/streetmarkets.fr\/app\/wp-json\/wp\/v2\/comments?post=3888874"}],"wp:featuredmedia":[{"embeddable":true,"href":"https:\/\/streetmarkets.fr\/app\/wp-json\/wp\/v2\/media\/3888875"}],"wp:attachment":[{"href":"https:\/\/streetmarkets.fr\/app\/wp-json\/wp\/v2\/media?parent=3888874"}],"wp:term":[{"taxonomy":"product_brand","embeddable":true,"href":"https:\/\/streetmarkets.fr\/app\/wp-json\/wp\/v2\/product_brand?post=3888874"},{"taxonomy":"product_cat","embeddable":true,"href":"https:\/\/streetmarkets.fr\/app\/wp-json\/wp\/v2\/product_cat?post=3888874"},{"taxonomy":"product_tag","embeddable":true,"href":"https:\/\/streetmarkets.fr\/app\/wp-json\/wp\/v2\/product_tag?post=3888874"}],"curies":[{"name":"wp","href":"https:\/\/api.w.org\/{rel}","templated":true}]}}