{"id":3888858,"date":"2026-04-04T00:49:29","date_gmt":"2026-04-03T22:49:29","guid":{"rendered":"https:\/\/streetmarkets.fr\/app\/produit\/standert-t-shirt-performance-logo-my-24-black\/"},"modified":"2026-05-06T00:49:12","modified_gmt":"2026-05-05T22:49:12","slug":"standert-t-shirt-performance-logo-my-24-black","status":"publish","type":"product","link":"https:\/\/streetmarkets.fr\/app\/produit\/standert-t-shirt-performance-logo-my-24-black\/","title":{"rendered":"Standert T-Shirt Performance Logo MY 24 Black"},"content":{"rendered":"<p>Le Standert T-Shirt Performance Logo MY 24 Black est unisexe et a une coupe carr\u00e9e. Il est fabriqu\u00e9 en coton 100 % biologique et est tr\u00e8s \u00e9pais et r\u00e9sistant. Il a \u00e9t\u00e9 pr\u00e9-r\u00e9tr\u00e9ci.\u00a0<\/p>\n<p>Nous recommandons aux femmes de prendre la bonne taille et aux hommes de prendre une taille au-dessus.<\/p>\n","protected":false},"excerpt":{"rendered":"<p>Le Standert T-Shirt Performance Logo MY 24 Black est unisexe et a une coupe carr\u00e9e. Il est fabriqu\u00e9 en coton 100 % biologique et est tr\u00e8s \u00e9pais et r\u00e9sistant. Il a \u00e9t\u00e9 pr\u00e9-r\u00e9tr\u00e9ci.\u00a0 Nous recommandons aux femmes de prendre la bonne taille et aux hommes de prendre une taille au-dessus.<\/p>\n","protected":false},"featured_media":3888859,"comment_status":"open","ping_status":"closed","template":"","meta":[],"product_brand":[],"product_cat":[],"product_tag":[],"acf":[],"_links":{"self":[{"href":"https:\/\/streetmarkets.fr\/app\/wp-json\/wp\/v2\/product\/3888858"}],"collection":[{"href":"https:\/\/streetmarkets.fr\/app\/wp-json\/wp\/v2\/product"}],"about":[{"href":"https:\/\/streetmarkets.fr\/app\/wp-json\/wp\/v2\/types\/product"}],"replies":[{"embeddable":true,"href":"https:\/\/streetmarkets.fr\/app\/wp-json\/wp\/v2\/comments?post=3888858"}],"wp:featuredmedia":[{"embeddable":true,"href":"https:\/\/streetmarkets.fr\/app\/wp-json\/wp\/v2\/media\/3888859"}],"wp:attachment":[{"href":"https:\/\/streetmarkets.fr\/app\/wp-json\/wp\/v2\/media?parent=3888858"}],"wp:term":[{"taxonomy":"product_brand","embeddable":true,"href":"https:\/\/streetmarkets.fr\/app\/wp-json\/wp\/v2\/product_brand?post=3888858"},{"taxonomy":"product_cat","embeddable":true,"href":"https:\/\/streetmarkets.fr\/app\/wp-json\/wp\/v2\/product_cat?post=3888858"},{"taxonomy":"product_tag","embeddable":true,"href":"https:\/\/streetmarkets.fr\/app\/wp-json\/wp\/v2\/product_tag?post=3888858"}],"curies":[{"name":"wp","href":"https:\/\/api.w.org\/{rel}","templated":true}]}}