{"id":3888829,"date":"2026-04-04T00:49:27","date_gmt":"2026-04-03T22:49:27","guid":{"rendered":"https:\/\/streetmarkets.fr\/app\/produit\/rapha-maillot-brevet-femme-manche-longue-black\/"},"modified":"2026-05-16T00:49:19","modified_gmt":"2026-05-15T22:49:19","slug":"rapha-maillot-brevet-femme-manche-longue-black","status":"publish","type":"product","link":"https:\/\/streetmarkets.fr\/app\/produit\/rapha-maillot-brevet-femme-manche-longue-black\/","title":{"rendered":"Rapha Maillot Brevet Femme Manche Longue Black"},"content":{"rendered":"<p>Le Rapha Maillot Brevet Femme Manche Longue Black est un maillot <span data-mce-fragment=\"1\">r\u00e9fl\u00e9chissant en m\u00e9rinos con\u00e7u pour les sorties longue distance en autonomie.<\/span><\/p>\n<p>C&#8217;est l&#8217;une des pi\u00e8ces fortes de la collection Brevet. Il a \u00e9t\u00e9 con\u00e7u pour \u00eatre polyvalent lors de vos longs trajets.<\/p>\n<p>\u00a0<\/p>\n","protected":false},"excerpt":{"rendered":"<p>Le Rapha Maillot Brevet Femme Manche Longue Black est un maillot r\u00e9fl\u00e9chissant en m\u00e9rinos con\u00e7u pour les sorties longue distance en autonomie. C&#8217;est l&#8217;une des pi\u00e8ces fortes de la collection Brevet. Il a \u00e9t\u00e9 con\u00e7u pour \u00eatre polyvalent lors de vos longs trajets. \u00a0<\/p>\n","protected":false},"featured_media":3888830,"comment_status":"open","ping_status":"closed","template":"","meta":[],"product_brand":[],"product_cat":[],"product_tag":[],"acf":[],"_links":{"self":[{"href":"https:\/\/streetmarkets.fr\/app\/wp-json\/wp\/v2\/product\/3888829"}],"collection":[{"href":"https:\/\/streetmarkets.fr\/app\/wp-json\/wp\/v2\/product"}],"about":[{"href":"https:\/\/streetmarkets.fr\/app\/wp-json\/wp\/v2\/types\/product"}],"replies":[{"embeddable":true,"href":"https:\/\/streetmarkets.fr\/app\/wp-json\/wp\/v2\/comments?post=3888829"}],"wp:featuredmedia":[{"embeddable":true,"href":"https:\/\/streetmarkets.fr\/app\/wp-json\/wp\/v2\/media\/3888830"}],"wp:attachment":[{"href":"https:\/\/streetmarkets.fr\/app\/wp-json\/wp\/v2\/media?parent=3888829"}],"wp:term":[{"taxonomy":"product_brand","embeddable":true,"href":"https:\/\/streetmarkets.fr\/app\/wp-json\/wp\/v2\/product_brand?post=3888829"},{"taxonomy":"product_cat","embeddable":true,"href":"https:\/\/streetmarkets.fr\/app\/wp-json\/wp\/v2\/product_cat?post=3888829"},{"taxonomy":"product_tag","embeddable":true,"href":"https:\/\/streetmarkets.fr\/app\/wp-json\/wp\/v2\/product_tag?post=3888829"}],"curies":[{"name":"wp","href":"https:\/\/api.w.org\/{rel}","templated":true}]}}