{"id":3888811,"date":"2026-04-04T00:49:26","date_gmt":"2026-04-03T22:49:26","guid":{"rendered":"https:\/\/streetmarkets.fr\/app\/produit\/vans-sweat-shirt-junior-classic-crew-red-pepper-enfant\/"},"modified":"2026-04-29T00:49:41","modified_gmt":"2026-04-28T22:49:41","slug":"vans-sweat-shirt-junior-classic-crew-red-pepper-enfant","status":"publish","type":"product","link":"https:\/\/streetmarkets.fr\/app\/produit\/vans-sweat-shirt-junior-classic-crew-red-pepper-enfant\/","title":{"rendered":"Vans Sweat-shirt Junior Classic Crew Red Pepper Enfant"},"content":{"rendered":"<p>Le Vans Sweat-shirt Junior Classic Crew Red Pepper Enfant est un pull pour gar\u00e7on \u00e0 col ras-du-cou en molleton, orn\u00e9 du logo classique sur la poitrine.<\/p>\n<p><\/p>\n","protected":false},"excerpt":{"rendered":"<p>Le Vans Sweat-shirt Junior Classic Crew Red Pepper Enfant est un pull pour gar\u00e7on \u00e0 col ras-du-cou en molleton, orn\u00e9 du logo classique sur la poitrine.<\/p>\n","protected":false},"featured_media":3888812,"comment_status":"open","ping_status":"closed","template":"","meta":[],"product_brand":[7138],"product_cat":[],"product_tag":[],"acf":[],"_links":{"self":[{"href":"https:\/\/streetmarkets.fr\/app\/wp-json\/wp\/v2\/product\/3888811"}],"collection":[{"href":"https:\/\/streetmarkets.fr\/app\/wp-json\/wp\/v2\/product"}],"about":[{"href":"https:\/\/streetmarkets.fr\/app\/wp-json\/wp\/v2\/types\/product"}],"replies":[{"embeddable":true,"href":"https:\/\/streetmarkets.fr\/app\/wp-json\/wp\/v2\/comments?post=3888811"}],"wp:featuredmedia":[{"embeddable":true,"href":"https:\/\/streetmarkets.fr\/app\/wp-json\/wp\/v2\/media\/3888812"}],"wp:attachment":[{"href":"https:\/\/streetmarkets.fr\/app\/wp-json\/wp\/v2\/media?parent=3888811"}],"wp:term":[{"taxonomy":"product_brand","embeddable":true,"href":"https:\/\/streetmarkets.fr\/app\/wp-json\/wp\/v2\/product_brand?post=3888811"},{"taxonomy":"product_cat","embeddable":true,"href":"https:\/\/streetmarkets.fr\/app\/wp-json\/wp\/v2\/product_cat?post=3888811"},{"taxonomy":"product_tag","embeddable":true,"href":"https:\/\/streetmarkets.fr\/app\/wp-json\/wp\/v2\/product_tag?post=3888811"}],"curies":[{"name":"wp","href":"https:\/\/api.w.org\/{rel}","templated":true}]}}