{"id":3888785,"date":"2026-04-04T00:49:14","date_gmt":"2026-04-03T22:49:14","guid":{"rendered":"https:\/\/streetmarkets.fr\/app\/produit\/vans-t-shirt-classic-blue-cora-enfant\/"},"modified":"2026-05-11T00:49:22","modified_gmt":"2026-05-10T22:49:22","slug":"vans-t-shirt-classic-blue-cora-enfant","status":"publish","type":"product","link":"https:\/\/streetmarkets.fr\/app\/produit\/vans-t-shirt-classic-blue-cora-enfant\/","title":{"rendered":"Vans T-shirt Classic Blue Cora enfant"},"content":{"rendered":"<p>Le t-shirt Junior Vans Classic est orn\u00e9 d\u2019un logo signature Vans \u00e0 l\u2019avant et d\u2019un coupe ajust\u00e9e. Ce mod\u00e8le est en coton peign\u00e9 fil\u00e9 \u00e0 l\u2019anneau.<\/p>\n","protected":false},"excerpt":{"rendered":"<p>Le t-shirt Junior Vans Classic est orn\u00e9 d\u2019un logo signature Vans \u00e0 l\u2019avant et d\u2019un coupe ajust\u00e9e. Ce mod\u00e8le est en coton peign\u00e9 fil\u00e9 \u00e0 l\u2019anneau.<\/p>\n","protected":false},"featured_media":3888786,"comment_status":"open","ping_status":"closed","template":"","meta":[],"product_brand":[7138],"product_cat":[],"product_tag":[],"acf":[],"_links":{"self":[{"href":"https:\/\/streetmarkets.fr\/app\/wp-json\/wp\/v2\/product\/3888785"}],"collection":[{"href":"https:\/\/streetmarkets.fr\/app\/wp-json\/wp\/v2\/product"}],"about":[{"href":"https:\/\/streetmarkets.fr\/app\/wp-json\/wp\/v2\/types\/product"}],"replies":[{"embeddable":true,"href":"https:\/\/streetmarkets.fr\/app\/wp-json\/wp\/v2\/comments?post=3888785"}],"wp:featuredmedia":[{"embeddable":true,"href":"https:\/\/streetmarkets.fr\/app\/wp-json\/wp\/v2\/media\/3888786"}],"wp:attachment":[{"href":"https:\/\/streetmarkets.fr\/app\/wp-json\/wp\/v2\/media?parent=3888785"}],"wp:term":[{"taxonomy":"product_brand","embeddable":true,"href":"https:\/\/streetmarkets.fr\/app\/wp-json\/wp\/v2\/product_brand?post=3888785"},{"taxonomy":"product_cat","embeddable":true,"href":"https:\/\/streetmarkets.fr\/app\/wp-json\/wp\/v2\/product_cat?post=3888785"},{"taxonomy":"product_tag","embeddable":true,"href":"https:\/\/streetmarkets.fr\/app\/wp-json\/wp\/v2\/product_tag?post=3888785"}],"curies":[{"name":"wp","href":"https:\/\/api.w.org\/{rel}","templated":true}]}}