{"id":3888737,"date":"2026-04-04T00:49:09","date_gmt":"2026-04-03T22:49:09","guid":{"rendered":"https:\/\/streetmarkets.fr\/app\/produit\/chrome-sweat-capuche-femme-merino-wool-cobra-3-0-black\/"},"modified":"2026-05-11T00:49:22","modified_gmt":"2026-05-10T22:49:22","slug":"chrome-sweat-capuche-femme-merino-wool-cobra-3-0-black","status":"publish","type":"product","link":"https:\/\/streetmarkets.fr\/app\/produit\/chrome-sweat-capuche-femme-merino-wool-cobra-3-0-black\/","title":{"rendered":"Chrome Sweat Capuche femme Merino Wool Cobra 3.0 Black"},"content":{"rendered":"<p>Chrome sweat-shirt femme Merino Wool Cobra 3.0 Black est \u00e0 la pointe du confort et de la technologie, avec son tissage de laine m\u00e9rinos, permettant une \u00e9vacuation rapide de l\u2019humidit\u00e9 !<\/p>\n<p>Ce sweat-shirt est \u00e0 la pointe du confort et de la technologie, avec son tissage de laine m\u00e9rinos, respirant, permettant une \u00e9vacuation rapide de l\u2019humidit\u00e9 parfaite pour un s\u00e9chage rapide. Le Chrome sweat-shirt femme Merino Wool Cobra 3.0 Black combine ce mat\u00e9riau naturel avec l\u2019option durable du polyester recycl\u00e9, pour une durabilit\u00e9 accrue et une meilleure performance sur selle et pied-\u00e0-terre. Avec son col lev\u00e9 et son \u00e9paisse capuche, il vous tiendra chaud m\u00eame dans des conditions climatiques hostiles, tout en s\u2019adaptant \u00e0 votre physique pour ne rien perdre en a\u00e9rodynamisme. Avec des manchettes ajust\u00e9es et des fermetures \u00e9clairs \u00e9tanches, il vous prot\u00e8ge des projections et des averses sur la route.<\/p>\n","protected":false},"excerpt":{"rendered":"<p>Chrome sweat-shirt femme Merino Wool Cobra 3.0 Black est \u00e0 la pointe du confort et de la technologie, avec son tissage de laine m\u00e9rinos, permettant une \u00e9vacuation rapide de l\u2019humidit\u00e9 ! Ce sweat-shirt est \u00e0 la pointe du confort et de la technologie, avec son tissage de laine m\u00e9rinos, respirant, permettant une \u00e9vacuation rapide de [&hellip;]<\/p>\n","protected":false},"featured_media":3888738,"comment_status":"open","ping_status":"closed","template":"","meta":[],"product_brand":[],"product_cat":[],"product_tag":[],"acf":[],"_links":{"self":[{"href":"https:\/\/streetmarkets.fr\/app\/wp-json\/wp\/v2\/product\/3888737"}],"collection":[{"href":"https:\/\/streetmarkets.fr\/app\/wp-json\/wp\/v2\/product"}],"about":[{"href":"https:\/\/streetmarkets.fr\/app\/wp-json\/wp\/v2\/types\/product"}],"replies":[{"embeddable":true,"href":"https:\/\/streetmarkets.fr\/app\/wp-json\/wp\/v2\/comments?post=3888737"}],"wp:featuredmedia":[{"embeddable":true,"href":"https:\/\/streetmarkets.fr\/app\/wp-json\/wp\/v2\/media\/3888738"}],"wp:attachment":[{"href":"https:\/\/streetmarkets.fr\/app\/wp-json\/wp\/v2\/media?parent=3888737"}],"wp:term":[{"taxonomy":"product_brand","embeddable":true,"href":"https:\/\/streetmarkets.fr\/app\/wp-json\/wp\/v2\/product_brand?post=3888737"},{"taxonomy":"product_cat","embeddable":true,"href":"https:\/\/streetmarkets.fr\/app\/wp-json\/wp\/v2\/product_cat?post=3888737"},{"taxonomy":"product_tag","embeddable":true,"href":"https:\/\/streetmarkets.fr\/app\/wp-json\/wp\/v2\/product_tag?post=3888737"}],"curies":[{"name":"wp","href":"https:\/\/api.w.org\/{rel}","templated":true}]}}