{"id":3888727,"date":"2026-04-04T00:49:09","date_gmt":"2026-04-03T22:49:09","guid":{"rendered":"https:\/\/streetmarkets.fr\/app\/produit\/chrome-t-shirt-manche-longue-holman-performance-noir\/"},"modified":"2026-05-11T00:49:22","modified_gmt":"2026-05-10T22:49:22","slug":"chrome-t-shirt-manche-longue-holman-performance-noir","status":"publish","type":"product","link":"https:\/\/streetmarkets.fr\/app\/produit\/chrome-t-shirt-manche-longue-holman-performance-noir\/","title":{"rendered":"Chrome T-Shirt manche longue Holman Performance Noir"},"content":{"rendered":"<p>Le Chrome t-shirt homme Holman Performance Long Sleeve Tee Black est un t-shirt performant, respirant, r\u00e9gulateur de chaleur, antistatique, \u00e9vacue l\u2019humidit\u00e9 et s\u00e8che rapidement pour des performances ultimes 365 jours par an. Il est tiss\u00e9 dans un mat\u00e9riau durable et recycl\u00e9. Votre tee-shirt pr\u00e9f\u00e9r\u00e9 mais en mieux.<\/p>\n<p>Le Chrome t-shirt homme Holman Performance Long Sleeve Tee Black est un t-shirt performant,  respirant, r\u00e9gulateur de chaleur, antistatique, \u00e9vacue l&#8217;humidit\u00e9 et s\u00e8che rapidement pour des performances ultimes 365 jours par an. Il est tiss\u00e9 dans un mat\u00e9riau durable et recycl\u00e9. Votre tee-shirt pr\u00e9f\u00e9r\u00e9 mais en mieux.<\/p>\n","protected":false},"excerpt":{"rendered":"<p>Le Chrome t-shirt homme Holman Performance Long Sleeve Tee Black est un t-shirt performant, respirant, r\u00e9gulateur de chaleur, antistatique, \u00e9vacue l\u2019humidit\u00e9 et s\u00e8che rapidement pour des performances ultimes 365 jours par an. Il est tiss\u00e9 dans un mat\u00e9riau durable et recycl\u00e9. Votre tee-shirt pr\u00e9f\u00e9r\u00e9 mais en mieux. Le Chrome t-shirt homme Holman Performance Long Sleeve [&hellip;]<\/p>\n","protected":false},"featured_media":3888728,"comment_status":"open","ping_status":"closed","template":"","meta":[],"product_brand":[],"product_cat":[],"product_tag":[],"acf":[],"_links":{"self":[{"href":"https:\/\/streetmarkets.fr\/app\/wp-json\/wp\/v2\/product\/3888727"}],"collection":[{"href":"https:\/\/streetmarkets.fr\/app\/wp-json\/wp\/v2\/product"}],"about":[{"href":"https:\/\/streetmarkets.fr\/app\/wp-json\/wp\/v2\/types\/product"}],"replies":[{"embeddable":true,"href":"https:\/\/streetmarkets.fr\/app\/wp-json\/wp\/v2\/comments?post=3888727"}],"wp:featuredmedia":[{"embeddable":true,"href":"https:\/\/streetmarkets.fr\/app\/wp-json\/wp\/v2\/media\/3888728"}],"wp:attachment":[{"href":"https:\/\/streetmarkets.fr\/app\/wp-json\/wp\/v2\/media?parent=3888727"}],"wp:term":[{"taxonomy":"product_brand","embeddable":true,"href":"https:\/\/streetmarkets.fr\/app\/wp-json\/wp\/v2\/product_brand?post=3888727"},{"taxonomy":"product_cat","embeddable":true,"href":"https:\/\/streetmarkets.fr\/app\/wp-json\/wp\/v2\/product_cat?post=3888727"},{"taxonomy":"product_tag","embeddable":true,"href":"https:\/\/streetmarkets.fr\/app\/wp-json\/wp\/v2\/product_tag?post=3888727"}],"curies":[{"name":"wp","href":"https:\/\/api.w.org\/{rel}","templated":true}]}}