{"id":3888695,"date":"2026-04-04T00:48:46","date_gmt":"2026-04-03T22:48:46","guid":{"rendered":"https:\/\/streetmarkets.fr\/app\/produit\/oakley-lunettes-rslv-141-matte-black-prizm-road\/"},"modified":"2026-05-06T00:48:45","modified_gmt":"2026-05-05T22:48:45","slug":"oakley-lunettes-rslv-141-matte-black-prizm-road","status":"publish","type":"product","link":"https:\/\/streetmarkets.fr\/app\/produit\/oakley-lunettes-rslv-141-matte-black-prizm-road\/","title":{"rendered":"Oakley Lunettes RSLV 141 Matte Black Prizm Road"},"content":{"rendered":"<p data-start=\"82\" data-end=\"583\">Lunettes de sport <span class=\"hover:entity-accent entity-underline inline cursor-pointer align-baseline\"><span class=\"whitespace-normal\">Oakley<\/span><\/span> RSLV 141 Matte Black Prizm Road, con\u00e7ues pour un fit parfait sur visages moyens. \u00c9cran large offrant une vision panoramique et une protection optimale. Monture l\u00e9g\u00e8re et stable pour un maintien irr\u00e9prochable, m\u00eame \u00e0 haute intensit\u00e9. Confort longue dur\u00e9e sans compromis. Verres Prizm\u2122 Road am\u00e9liorant les contrastes et la perception des d\u00e9tails pour des performances accrues. Id\u00e9ales pour cyclisme route, entra\u00eenement intensif et sorties rapides.<\/p>\n","protected":false},"excerpt":{"rendered":"<p>Lunettes de sport Oakley RSLV 141 Matte Black Prizm Road, con\u00e7ues pour un fit parfait sur visages moyens. \u00c9cran large offrant une vision panoramique et une protection optimale. Monture l\u00e9g\u00e8re et stable pour un maintien irr\u00e9prochable, m\u00eame \u00e0 haute intensit\u00e9. Confort longue dur\u00e9e sans compromis. Verres Prizm\u2122 Road am\u00e9liorant les contrastes et la perception des [&hellip;]<\/p>\n","protected":false},"featured_media":3888696,"comment_status":"open","ping_status":"closed","template":"","meta":[],"product_brand":[],"product_cat":[],"product_tag":[],"acf":[],"_links":{"self":[{"href":"https:\/\/streetmarkets.fr\/app\/wp-json\/wp\/v2\/product\/3888695"}],"collection":[{"href":"https:\/\/streetmarkets.fr\/app\/wp-json\/wp\/v2\/product"}],"about":[{"href":"https:\/\/streetmarkets.fr\/app\/wp-json\/wp\/v2\/types\/product"}],"replies":[{"embeddable":true,"href":"https:\/\/streetmarkets.fr\/app\/wp-json\/wp\/v2\/comments?post=3888695"}],"wp:featuredmedia":[{"embeddable":true,"href":"https:\/\/streetmarkets.fr\/app\/wp-json\/wp\/v2\/media\/3888696"}],"wp:attachment":[{"href":"https:\/\/streetmarkets.fr\/app\/wp-json\/wp\/v2\/media?parent=3888695"}],"wp:term":[{"taxonomy":"product_brand","embeddable":true,"href":"https:\/\/streetmarkets.fr\/app\/wp-json\/wp\/v2\/product_brand?post=3888695"},{"taxonomy":"product_cat","embeddable":true,"href":"https:\/\/streetmarkets.fr\/app\/wp-json\/wp\/v2\/product_cat?post=3888695"},{"taxonomy":"product_tag","embeddable":true,"href":"https:\/\/streetmarkets.fr\/app\/wp-json\/wp\/v2\/product_tag?post=3888695"}],"curies":[{"name":"wp","href":"https:\/\/api.w.org\/{rel}","templated":true}]}}