{"id":3888573,"date":"2026-04-03T08:40:52","date_gmt":"2026-04-03T06:40:52","guid":{"rendered":"https:\/\/streetmarkets.fr\/app\/produit\/bracelet-en-amazonite-vic-max\/"},"modified":"2026-05-15T08:40:30","modified_gmt":"2026-05-15T06:40:30","slug":"bracelet-en-amazonite-vic-max","status":"publish","type":"product","link":"https:\/\/streetmarkets.fr\/app\/produit\/bracelet-en-amazonite-vic-max\/","title":{"rendered":"Bracelet en amazonite &#8211; Vic &amp; Max"},"content":{"rendered":"<p>Bracelet avec gouttes en amazonite et rondelles dor\u00e9es\u00a0<\/p>\n<p><span>L&#8217;\u00a0<strong>Amazonite\u00a0<\/strong>, avec ses nuances apaisantes de vert et de bleu, est une pierre d&#8217;\u00e9quilibre et d&#8217;harmonie \u00e9motionnelle. Elle favorise la ma\u00eetrise des humeurs fluctuantes et soutient un \u00e9tat d&#8217;esprit serein.\u00a0<\/span><\/p>\n<p>Longueur : 16,5cm + 1,5cm de chaine de r\u00e9glage\u00a0\u00a0<\/p>\n","protected":false},"excerpt":{"rendered":"<p>Bracelet avec gouttes en amazonite et rondelles dor\u00e9es\u00a0 L&#8217;\u00a0Amazonite\u00a0, avec ses nuances apaisantes de vert et de bleu, est une pierre d&#8217;\u00e9quilibre et d&#8217;harmonie \u00e9motionnelle. Elle favorise la ma\u00eetrise des humeurs fluctuantes et soutient un \u00e9tat d&#8217;esprit serein.\u00a0 Longueur : 16,5cm + 1,5cm de chaine de r\u00e9glage\u00a0\u00a0<\/p>\n","protected":false},"featured_media":3888574,"comment_status":"open","ping_status":"closed","template":"","meta":[],"product_brand":[],"product_cat":[],"product_tag":[],"acf":[],"_links":{"self":[{"href":"https:\/\/streetmarkets.fr\/app\/wp-json\/wp\/v2\/product\/3888573"}],"collection":[{"href":"https:\/\/streetmarkets.fr\/app\/wp-json\/wp\/v2\/product"}],"about":[{"href":"https:\/\/streetmarkets.fr\/app\/wp-json\/wp\/v2\/types\/product"}],"replies":[{"embeddable":true,"href":"https:\/\/streetmarkets.fr\/app\/wp-json\/wp\/v2\/comments?post=3888573"}],"wp:featuredmedia":[{"embeddable":true,"href":"https:\/\/streetmarkets.fr\/app\/wp-json\/wp\/v2\/media\/3888574"}],"wp:attachment":[{"href":"https:\/\/streetmarkets.fr\/app\/wp-json\/wp\/v2\/media?parent=3888573"}],"wp:term":[{"taxonomy":"product_brand","embeddable":true,"href":"https:\/\/streetmarkets.fr\/app\/wp-json\/wp\/v2\/product_brand?post=3888573"},{"taxonomy":"product_cat","embeddable":true,"href":"https:\/\/streetmarkets.fr\/app\/wp-json\/wp\/v2\/product_cat?post=3888573"},{"taxonomy":"product_tag","embeddable":true,"href":"https:\/\/streetmarkets.fr\/app\/wp-json\/wp\/v2\/product_tag?post=3888573"}],"curies":[{"name":"wp","href":"https:\/\/api.w.org\/{rel}","templated":true}]}}