{"id":3888563,"date":"2026-04-03T08:40:51","date_gmt":"2026-04-03T06:40:51","guid":{"rendered":"https:\/\/streetmarkets.fr\/app\/produit\/blouse-80s-color-coton-gaze-g-kero\/"},"modified":"2026-05-12T08:40:30","modified_gmt":"2026-05-12T06:40:30","slug":"blouse-80s-color-coton-gaze-g-kero","status":"publish","type":"product","link":"https:\/\/streetmarkets.fr\/app\/produit\/blouse-80s-color-coton-gaze-g-kero\/","title":{"rendered":"Blouse 80&#8217;s color coton gaze- G.Kero"},"content":{"rendered":"<ul>\n<li>nouveau mod\u00e8le !<\/li>\n<li>Chemise en gaze de coton avec nouvel imprim\u00e9 avec fond bleu clair, personnages rock de chanteurs\u00a0\n<\/li>\n<\/ul>\n<p><span>Pi\u00e8ce \u00e9dit\u00e9e en s\u00e9rie limit\u00e9e et num\u00e9rot\u00e9e. Le num\u00e9ro de votre pi\u00e8ce est inscrit sur une etiquette \u00e0 l\u2019int\u00e9rieur de votre v\u00eatement.<\/span><\/p>\n<p><span>\u00a0<\/span><\/p>\n<p>\u00a0<\/p>\n","protected":false},"excerpt":{"rendered":"<p>nouveau mod\u00e8le ! Chemise en gaze de coton avec nouvel imprim\u00e9 avec fond bleu clair, personnages rock de chanteurs\u00a0 Pi\u00e8ce \u00e9dit\u00e9e en s\u00e9rie limit\u00e9e et num\u00e9rot\u00e9e. Le num\u00e9ro de votre pi\u00e8ce est inscrit sur une etiquette \u00e0 l\u2019int\u00e9rieur de votre v\u00eatement. \u00a0 \u00a0<\/p>\n","protected":false},"featured_media":3888564,"comment_status":"open","ping_status":"closed","template":"","meta":[],"product_brand":[],"product_cat":[],"product_tag":[],"acf":[],"_links":{"self":[{"href":"https:\/\/streetmarkets.fr\/app\/wp-json\/wp\/v2\/product\/3888563"}],"collection":[{"href":"https:\/\/streetmarkets.fr\/app\/wp-json\/wp\/v2\/product"}],"about":[{"href":"https:\/\/streetmarkets.fr\/app\/wp-json\/wp\/v2\/types\/product"}],"replies":[{"embeddable":true,"href":"https:\/\/streetmarkets.fr\/app\/wp-json\/wp\/v2\/comments?post=3888563"}],"wp:featuredmedia":[{"embeddable":true,"href":"https:\/\/streetmarkets.fr\/app\/wp-json\/wp\/v2\/media\/3888564"}],"wp:attachment":[{"href":"https:\/\/streetmarkets.fr\/app\/wp-json\/wp\/v2\/media?parent=3888563"}],"wp:term":[{"taxonomy":"product_brand","embeddable":true,"href":"https:\/\/streetmarkets.fr\/app\/wp-json\/wp\/v2\/product_brand?post=3888563"},{"taxonomy":"product_cat","embeddable":true,"href":"https:\/\/streetmarkets.fr\/app\/wp-json\/wp\/v2\/product_cat?post=3888563"},{"taxonomy":"product_tag","embeddable":true,"href":"https:\/\/streetmarkets.fr\/app\/wp-json\/wp\/v2\/product_tag?post=3888563"}],"curies":[{"name":"wp","href":"https:\/\/api.w.org\/{rel}","templated":true}]}}