{"id":3888502,"date":"2026-04-03T05:22:17","date_gmt":"2026-04-03T03:22:17","guid":{"rendered":"https:\/\/streetmarkets.fr\/app\/produit\/jupe-marin-foncee\/"},"modified":"2026-05-07T05:22:13","modified_gmt":"2026-05-07T03:22:13","slug":"jupe-marin-foncee","status":"publish","type":"product","link":"https:\/\/streetmarkets.fr\/app\/produit\/jupe-marin-foncee\/","title":{"rendered":"JUPE MARIN fonc\u00e9e"},"content":{"rendered":"<p>Jupe plis creux doubl\u00e9e de voile de coton.<br \/>\nToile Denim Jacquard Ray\u00e9 .<br \/>\nLongueur sous genoux,<br \/>\nD\u00e9coupes soulign\u00e9es de passepoil de coton marine<br \/>\nComposition: 90% coton 8% polyester 2% elasthanne<br \/>\nLavage machine 30\u00b0<br \/>\nTaille normalement.<\/p>\n<p>Prix : 185\u20ac<\/p>\n","protected":false},"excerpt":{"rendered":"<p>Jupe plis creux doubl\u00e9e de voile de coton. Toile Denim Jacquard Ray\u00e9 . Longueur sous genoux, D\u00e9coupes soulign\u00e9es de passepoil de coton marine Composition: 90% coton 8% polyester 2% elasthanne Lavage machine 30\u00b0 Taille normalement. Prix : 185\u20ac<\/p>\n","protected":false},"featured_media":3888503,"comment_status":"open","ping_status":"closed","template":"","meta":[],"product_brand":[1310],"product_cat":[],"product_tag":[],"acf":[],"_links":{"self":[{"href":"https:\/\/streetmarkets.fr\/app\/wp-json\/wp\/v2\/product\/3888502"}],"collection":[{"href":"https:\/\/streetmarkets.fr\/app\/wp-json\/wp\/v2\/product"}],"about":[{"href":"https:\/\/streetmarkets.fr\/app\/wp-json\/wp\/v2\/types\/product"}],"replies":[{"embeddable":true,"href":"https:\/\/streetmarkets.fr\/app\/wp-json\/wp\/v2\/comments?post=3888502"}],"wp:featuredmedia":[{"embeddable":true,"href":"https:\/\/streetmarkets.fr\/app\/wp-json\/wp\/v2\/media\/3888503"}],"wp:attachment":[{"href":"https:\/\/streetmarkets.fr\/app\/wp-json\/wp\/v2\/media?parent=3888502"}],"wp:term":[{"taxonomy":"product_brand","embeddable":true,"href":"https:\/\/streetmarkets.fr\/app\/wp-json\/wp\/v2\/product_brand?post=3888502"},{"taxonomy":"product_cat","embeddable":true,"href":"https:\/\/streetmarkets.fr\/app\/wp-json\/wp\/v2\/product_cat?post=3888502"},{"taxonomy":"product_tag","embeddable":true,"href":"https:\/\/streetmarkets.fr\/app\/wp-json\/wp\/v2\/product_tag?post=3888502"}],"curies":[{"name":"wp","href":"https:\/\/api.w.org\/{rel}","templated":true}]}}