{"id":3888492,"date":"2026-04-03T02:09:05","date_gmt":"2026-04-03T00:09:05","guid":{"rendered":"https:\/\/streetmarkets.fr\/app\/produit\/basco-nest-anan-top-blu\/"},"modified":"2026-05-15T02:04:21","modified_gmt":"2026-05-15T00:04:21","slug":"basco-nest-anan-top-blu","status":"publish","type":"product","link":"https:\/\/streetmarkets.fr\/app\/produit\/basco-nest-anan-top-blu\/","title":{"rendered":"BASCO Nest ANAN Top Blu"},"content":{"rendered":"<p><b>Cr\u00e9ateur :<\/b> Basco, Made in Japan<\/p>\n<p><b>Detail : <\/b>Tee -shirt avec d\u00e9tail brod\u00e9<\/p>\n<p>100 % coton<\/p>\n<p><em>Detail : <span class=\"Y2IQFc\" lang=\"en\">T-shirt with embroidered detail<\/span><\/em><\/p>\n","protected":false},"excerpt":{"rendered":"<p>Cr\u00e9ateur : Basco, Made in Japan Detail : Tee -shirt avec d\u00e9tail brod\u00e9 100 % coton Detail : T-shirt with embroidered detail<\/p>\n","protected":false},"featured_media":3888493,"comment_status":"open","ping_status":"closed","template":"","meta":[],"product_brand":[],"product_cat":[],"product_tag":[],"acf":[],"_links":{"self":[{"href":"https:\/\/streetmarkets.fr\/app\/wp-json\/wp\/v2\/product\/3888492"}],"collection":[{"href":"https:\/\/streetmarkets.fr\/app\/wp-json\/wp\/v2\/product"}],"about":[{"href":"https:\/\/streetmarkets.fr\/app\/wp-json\/wp\/v2\/types\/product"}],"replies":[{"embeddable":true,"href":"https:\/\/streetmarkets.fr\/app\/wp-json\/wp\/v2\/comments?post=3888492"}],"wp:featuredmedia":[{"embeddable":true,"href":"https:\/\/streetmarkets.fr\/app\/wp-json\/wp\/v2\/media\/3888493"}],"wp:attachment":[{"href":"https:\/\/streetmarkets.fr\/app\/wp-json\/wp\/v2\/media?parent=3888492"}],"wp:term":[{"taxonomy":"product_brand","embeddable":true,"href":"https:\/\/streetmarkets.fr\/app\/wp-json\/wp\/v2\/product_brand?post=3888492"},{"taxonomy":"product_cat","embeddable":true,"href":"https:\/\/streetmarkets.fr\/app\/wp-json\/wp\/v2\/product_cat?post=3888492"},{"taxonomy":"product_tag","embeddable":true,"href":"https:\/\/streetmarkets.fr\/app\/wp-json\/wp\/v2\/product_tag?post=3888492"}],"curies":[{"name":"wp","href":"https:\/\/api.w.org\/{rel}","templated":true}]}}