{"id":3888449,"date":"2026-04-03T02:09:01","date_gmt":"2026-04-03T00:09:01","guid":{"rendered":"https:\/\/streetmarkets.fr\/app\/produit\/apuntob-p2026-ts939-jacket-black\/"},"modified":"2026-05-06T02:06:31","modified_gmt":"2026-05-06T00:06:31","slug":"apuntob-p2026-ts939-jacket-black","status":"publish","type":"product","link":"https:\/\/streetmarkets.fr\/app\/produit\/apuntob-p2026-ts939-jacket-black\/","title":{"rendered":"APUNTOB P2026\/ TS939 Jacket Black"},"content":{"rendered":"<p><b>Cr\u00e9ateur :<\/b> ApuntoB, Italie<\/p>\n<p><b>D\u00e9tails : <\/b><span class=\"Y2IQFc\" lang=\"fr\">Veste en popeline technique, froiss\u00e9e<\/span><\/p>\n<p class=\"p1\">66% cotton, 34% polyester, doublure 100% cotton<\/p>\n<p>code : P2026\/ TS939<\/p>\n<p>ApuntoB est une marque italienne de mode, inspir\u00e9e par la ligne et la d\u00e9licatesse du pr\u00eat \u00e0 porter\u00a0 japonais, la marque cr\u00e9\u00e9 des v\u00eatements durables au caract\u00e8re singulier.<\/p>\n<p><em>Details : Jacket crinkle tech popeline<\/em><\/p>\n<p>&nbsp;<\/p>\n","protected":false},"excerpt":{"rendered":"<p>Cr\u00e9ateur : ApuntoB, Italie D\u00e9tails : Veste en popeline technique, froiss\u00e9e 66% cotton, 34% polyester, doublure 100% cotton code : P2026\/ TS939 ApuntoB est une marque italienne de mode, inspir\u00e9e par la ligne et la d\u00e9licatesse du pr\u00eat \u00e0 porter\u00a0 japonais, la marque cr\u00e9\u00e9 des v\u00eatements durables au caract\u00e8re singulier. Details : Jacket crinkle tech [&hellip;]<\/p>\n","protected":false},"featured_media":3888450,"comment_status":"open","ping_status":"closed","template":"","meta":[],"product_brand":[],"product_cat":[],"product_tag":[],"acf":[],"_links":{"self":[{"href":"https:\/\/streetmarkets.fr\/app\/wp-json\/wp\/v2\/product\/3888449"}],"collection":[{"href":"https:\/\/streetmarkets.fr\/app\/wp-json\/wp\/v2\/product"}],"about":[{"href":"https:\/\/streetmarkets.fr\/app\/wp-json\/wp\/v2\/types\/product"}],"replies":[{"embeddable":true,"href":"https:\/\/streetmarkets.fr\/app\/wp-json\/wp\/v2\/comments?post=3888449"}],"wp:featuredmedia":[{"embeddable":true,"href":"https:\/\/streetmarkets.fr\/app\/wp-json\/wp\/v2\/media\/3888450"}],"wp:attachment":[{"href":"https:\/\/streetmarkets.fr\/app\/wp-json\/wp\/v2\/media?parent=3888449"}],"wp:term":[{"taxonomy":"product_brand","embeddable":true,"href":"https:\/\/streetmarkets.fr\/app\/wp-json\/wp\/v2\/product_brand?post=3888449"},{"taxonomy":"product_cat","embeddable":true,"href":"https:\/\/streetmarkets.fr\/app\/wp-json\/wp\/v2\/product_cat?post=3888449"},{"taxonomy":"product_tag","embeddable":true,"href":"https:\/\/streetmarkets.fr\/app\/wp-json\/wp\/v2\/product_tag?post=3888449"}],"curies":[{"name":"wp","href":"https:\/\/api.w.org\/{rel}","templated":true}]}}