{"id":3888329,"date":"2026-04-02T20:05:49","date_gmt":"2026-04-02T18:05:49","guid":{"rendered":"https:\/\/streetmarkets.fr\/app\/produit\/veste-courte-en-laine-jeanne-lanvin-1970-taille-s\/"},"modified":"2026-05-11T20:05:37","modified_gmt":"2026-05-11T18:05:37","slug":"veste-courte-en-laine-jeanne-lanvin-1970-taille-s","status":"publish","type":"product","link":"https:\/\/streetmarkets.fr\/app\/produit\/veste-courte-en-laine-jeanne-lanvin-1970-taille-s\/","title":{"rendered":"Veste courte en laine Jeanne Lanvin 1970 \u2022 Taille S"},"content":{"rendered":"<p><span>Veste courte Lanvin \u2013 \u201cLa Boutique de Jeanne Lanvin\u201d, circa ann\u00e9es 1970.<\/span><\/p>\n<p><span>Mod\u00e8le en laine textur\u00e9e \u00e0 motif quadrill\u00e9 noir et cr\u00e8me, embl\u00e9matique de l\u2019esth\u00e9tique graphique des sixties. La coupe est courte et structur\u00e9e, avec des \u00e9paules marqu\u00e9es et un large col arrondi. Fermeture par boutons en r\u00e9sine ton sur ton. La veste est enti\u00e8rement doubl\u00e9e.<\/span><\/p>\n<p><span>Cette pi\u00e8ce provient de la ligne \u201cLa Boutique de Jeanne Lanvin\u201d, d\u00e9velopp\u00e9e dans les ann\u00e9es 1960 pour proposer des silhouettes \u00e9l\u00e9gantes et modernes dans les boutiques de la maison. Le motif g\u00e9om\u00e9trique et la coupe concise refl\u00e8tent parfaitement l\u2019esprit de la mode parisienne de cette p\u00e9riode.<\/span><\/p>\n<p><span>Marque : Lanvin<\/span><br \/><span>Circa : 1970<\/span><br \/><span>Composition : Laine<\/span><\/p>\n<p><span>Taille estim\u00e9e : convient \u00e0 du S<\/span><br \/><span>\u00c9paules (cm): 42<\/span><br \/><span>Poitrine (cm): 49<\/span><br \/><span>Longueur dos (cm): 50<\/span><br \/><span>Longueur manche, poignet \u00e0 aisselle (cm): 38<\/span><\/p>\n<p><span>\u00c9tat : bon \u00e9tat vintage.<\/span><br \/><span>Merci de noter que les v\u00eatements ne sont pas neufs et qu\u2019ils peuvent porter l&#8217;usure d&#8217;une pi\u00e8ce de seconde main.<\/span><br \/><span>\u00c0 noter : un l\u00e9ger d\u00e9faut au bas de la doublure ainsi qu\u2019au niveau d\u2019une aisselle. Les \u00e9paulettes sont d\u2019origine et pr\u00e9sentent un rembourrage l\u00e9g\u00e8rement fatigu\u00e9, sans impact sur le port\u00e9.<\/span><\/p>\n<p><span>Pour plus d&#8217;informations :\u00a0contactez-nous.<\/span><\/p>\n","protected":false},"excerpt":{"rendered":"<p>Veste courte Lanvin \u2013 \u201cLa Boutique de Jeanne Lanvin\u201d, circa ann\u00e9es 1970. Mod\u00e8le en laine textur\u00e9e \u00e0 motif quadrill\u00e9 noir et cr\u00e8me, embl\u00e9matique de l\u2019esth\u00e9tique graphique des sixties. La coupe est courte et structur\u00e9e, avec des \u00e9paules marqu\u00e9es et un large col arrondi. Fermeture par boutons en r\u00e9sine ton sur ton. La veste est enti\u00e8rement [&hellip;]<\/p>\n","protected":false},"featured_media":3888330,"comment_status":"open","ping_status":"closed","template":"","meta":[],"product_brand":[],"product_cat":[],"product_tag":[],"acf":[],"_links":{"self":[{"href":"https:\/\/streetmarkets.fr\/app\/wp-json\/wp\/v2\/product\/3888329"}],"collection":[{"href":"https:\/\/streetmarkets.fr\/app\/wp-json\/wp\/v2\/product"}],"about":[{"href":"https:\/\/streetmarkets.fr\/app\/wp-json\/wp\/v2\/types\/product"}],"replies":[{"embeddable":true,"href":"https:\/\/streetmarkets.fr\/app\/wp-json\/wp\/v2\/comments?post=3888329"}],"wp:featuredmedia":[{"embeddable":true,"href":"https:\/\/streetmarkets.fr\/app\/wp-json\/wp\/v2\/media\/3888330"}],"wp:attachment":[{"href":"https:\/\/streetmarkets.fr\/app\/wp-json\/wp\/v2\/media?parent=3888329"}],"wp:term":[{"taxonomy":"product_brand","embeddable":true,"href":"https:\/\/streetmarkets.fr\/app\/wp-json\/wp\/v2\/product_brand?post=3888329"},{"taxonomy":"product_cat","embeddable":true,"href":"https:\/\/streetmarkets.fr\/app\/wp-json\/wp\/v2\/product_cat?post=3888329"},{"taxonomy":"product_tag","embeddable":true,"href":"https:\/\/streetmarkets.fr\/app\/wp-json\/wp\/v2\/product_tag?post=3888329"}],"curies":[{"name":"wp","href":"https:\/\/api.w.org\/{rel}","templated":true}]}}