{"id":3883512,"date":"2026-04-02T02:04:31","date_gmt":"2026-04-02T00:04:31","guid":{"rendered":"https:\/\/streetmarkets.fr\/app\/produit\/girls-of-dust-johnny-organic-jersey-tee-black\/"},"modified":"2026-05-13T02:05:54","modified_gmt":"2026-05-13T00:05:54","slug":"girls-of-dust-johnny-organic-jersey-tee-black","status":"publish","type":"product","link":"https:\/\/streetmarkets.fr\/app\/produit\/girls-of-dust-johnny-organic-jersey-tee-black\/","title":{"rendered":"GIRLS OF DUST JOHNNY Organic Jersey Tee Black"},"content":{"rendered":"<p><b>Cr\u00e9ateur :<\/b> Girls of Dust<\/p>\n<p><b>Detail : <\/b>D<span class=\"Y2IQFc\" lang=\"fr\">\u00e9bardeur sans manches \u00e0 col rond, confectionn\u00e9 en coton biologique portugais \u00e0 fibres ouvertes. <\/span><\/p>\n<p><span class=\"Y2IQFc\" lang=\"fr\">Sans manches Coupe classique 100 % coton biologique<\/span><\/p>\n<p><em>Detail : <span class=\"Y2IQFc\" lang=\"en\">Sleeveless tank top with a round neck, made from open-staple organic Portuguese cotton. Sleeveless, classic fit, 100% organic cotton<\/span><\/em><\/p>\n","protected":false},"excerpt":{"rendered":"<p>Cr\u00e9ateur : Girls of Dust Detail : D\u00e9bardeur sans manches \u00e0 col rond, confectionn\u00e9 en coton biologique portugais \u00e0 fibres ouvertes. Sans manches Coupe classique 100 % coton biologique Detail : Sleeveless tank top with a round neck, made from open-staple organic Portuguese cotton. Sleeveless, classic fit, 100% organic cotton<\/p>\n","protected":false},"featured_media":3883513,"comment_status":"open","ping_status":"closed","template":"","meta":[],"product_brand":[],"product_cat":[],"product_tag":[],"acf":[],"_links":{"self":[{"href":"https:\/\/streetmarkets.fr\/app\/wp-json\/wp\/v2\/product\/3883512"}],"collection":[{"href":"https:\/\/streetmarkets.fr\/app\/wp-json\/wp\/v2\/product"}],"about":[{"href":"https:\/\/streetmarkets.fr\/app\/wp-json\/wp\/v2\/types\/product"}],"replies":[{"embeddable":true,"href":"https:\/\/streetmarkets.fr\/app\/wp-json\/wp\/v2\/comments?post=3883512"}],"wp:featuredmedia":[{"embeddable":true,"href":"https:\/\/streetmarkets.fr\/app\/wp-json\/wp\/v2\/media\/3883513"}],"wp:attachment":[{"href":"https:\/\/streetmarkets.fr\/app\/wp-json\/wp\/v2\/media?parent=3883512"}],"wp:term":[{"taxonomy":"product_brand","embeddable":true,"href":"https:\/\/streetmarkets.fr\/app\/wp-json\/wp\/v2\/product_brand?post=3883512"},{"taxonomy":"product_cat","embeddable":true,"href":"https:\/\/streetmarkets.fr\/app\/wp-json\/wp\/v2\/product_cat?post=3883512"},{"taxonomy":"product_tag","embeddable":true,"href":"https:\/\/streetmarkets.fr\/app\/wp-json\/wp\/v2\/product_tag?post=3883512"}],"curies":[{"name":"wp","href":"https:\/\/api.w.org\/{rel}","templated":true}]}}