{"id":3883069,"date":"2026-04-01T02:50:31","date_gmt":"2026-04-01T00:50:31","guid":{"rendered":"https:\/\/streetmarkets.fr\/app\/produit\/object-n-11-251-u-black-2\/"},"modified":"2026-05-12T02:47:24","modified_gmt":"2026-05-12T00:47:24","slug":"object-n-11-251-u-black-2","status":"publish","type":"product","link":"https:\/\/streetmarkets.fr\/app\/produit\/object-n-11-251-u-black-2\/","title":{"rendered":"Object N.11 (251 \/ U \/ BLACK)"},"content":{"rendered":"<p>\u00c9pingle-le pour montrer au monde que tu fais partie de la famille Bellerose.<\/p>\n<ul>\n<li>Petit pin &#8220;Depuis l&#8217;\u00e9t\u00e9 1989&#8221;<\/li>\n<li>En m\u00e9tal<\/li>\n<\/ul>\n","protected":false},"excerpt":{"rendered":"<p>\u00c9pingle-le pour montrer au monde que tu fais partie de la famille Bellerose. Petit pin &#8220;Depuis l&#8217;\u00e9t\u00e9 1989&#8221; En m\u00e9tal<\/p>\n","protected":false},"featured_media":4124604,"comment_status":"open","ping_status":"closed","template":"","meta":[],"product_brand":[2529],"product_cat":[],"product_tag":[],"acf":[],"_links":{"self":[{"href":"https:\/\/streetmarkets.fr\/app\/wp-json\/wp\/v2\/product\/3883069"}],"collection":[{"href":"https:\/\/streetmarkets.fr\/app\/wp-json\/wp\/v2\/product"}],"about":[{"href":"https:\/\/streetmarkets.fr\/app\/wp-json\/wp\/v2\/types\/product"}],"replies":[{"embeddable":true,"href":"https:\/\/streetmarkets.fr\/app\/wp-json\/wp\/v2\/comments?post=3883069"}],"wp:featuredmedia":[{"embeddable":true,"href":"https:\/\/streetmarkets.fr\/app\/wp-json\/wp\/v2\/media\/4124604"}],"wp:attachment":[{"href":"https:\/\/streetmarkets.fr\/app\/wp-json\/wp\/v2\/media?parent=3883069"}],"wp:term":[{"taxonomy":"product_brand","embeddable":true,"href":"https:\/\/streetmarkets.fr\/app\/wp-json\/wp\/v2\/product_brand?post=3883069"},{"taxonomy":"product_cat","embeddable":true,"href":"https:\/\/streetmarkets.fr\/app\/wp-json\/wp\/v2\/product_cat?post=3883069"},{"taxonomy":"product_tag","embeddable":true,"href":"https:\/\/streetmarkets.fr\/app\/wp-json\/wp\/v2\/product_tag?post=3883069"}],"curies":[{"name":"wp","href":"https:\/\/api.w.org\/{rel}","templated":true}]}}