{"id":3878217,"date":"2026-04-01T02:01:19","date_gmt":"2026-04-01T00:01:19","guid":{"rendered":"https:\/\/streetmarkets.fr\/app\/produit\/goldwin-high-twisted-wool-relax-s-s-shirt-black\/"},"modified":"2026-05-11T02:03:38","modified_gmt":"2026-05-11T00:03:38","slug":"goldwin-high-twisted-wool-relax-s-s-shirt-black","status":"publish","type":"product","link":"https:\/\/streetmarkets.fr\/app\/produit\/goldwin-high-twisted-wool-relax-s-s-shirt-black\/","title":{"rendered":"GOLDWIN High Twisted Wool Relax S\/S Shirt Black"},"content":{"rendered":"<p><b>Cr\u00e9ateur :<\/b> GOLDWIN, Japan<\/p>\n<p><b>Detail : <\/b>Une chemise \u00e0 col droit raffin\u00e9e confectionn\u00e9e en tissu m\u00e9lang\u00e9 laine de Bishu, alliant une texture riche \u00e0 une facilit\u00e9 d&rsquo;entretien et une coupe moderne ax\u00e9e sur le confort.<\/p>\n<p>Fabriqu\u00e9e avec un textile m\u00e9lang\u00e9 laine de Bishu de qualit\u00e9 sup\u00e9rieure, trait\u00e9 pour \u00eatre lavable, permettant un entretien facile \u00e0 domicile tout en conservant une apparence soign\u00e9e.<\/p>\n<p>La construction en fil \u00e0 fort retors offre une sensation s\u00e8che et nette au toucher et aide \u00e0 r\u00e9sister aux plis pour une meilleure facilit\u00e9 d&rsquo;entretien.<\/p>\n<p>Dot\u00e9e d\u2019une coupe avec manches mont\u00e9es \u00e0 l\u2019avant et manches raglan \u00e0 l\u2019arri\u00e8re, offrant une meilleure mobilit\u00e9 et libert\u00e9 de mouvement.<\/p>\n<p>Finition avec des boutons naturels en nacre durables mais \u00e9l\u00e9gants sur la patte de boutonnage avant et les poignets, renforc\u00e9s par une couture enveloppante \u00e0 la main pour am\u00e9liorer la long\u00e9vit\u00e9 et la facilit\u00e9 d\u2019usage.<\/p>\n<p>100 % laine<\/p>\n<div class=\"metafield\">Code : GL55703<\/div>\n<div><\/div>\n<p class=\"tw-data-text tw-text-large tw-ta\" dir=\"ltr\" data-placeholder=\"Traduction\" data-ved=\"2ahUKEwiYw8Sx8KuJAxX_VqQEHWAxCHIQ3ewLegQIAxAU\" aria-label=\"Texte traduit\u00a0: Trousers made from stretch material, 100% polyester. It retains its shape without risk of creasing. Stretching without polyurethane makes the material more resistant to wear. Treated with a water-resistant coating to withstand light rain. The right side pocket has an interior security pocket. The back pockets are positioned to highlight the curved line of the yoke that runs along the hip line.\"><em><span class=\"Y2IQFc\" lang=\"en\">Detail : <\/span><span class=\"Y2IQFc\" lang=\"en\">A refined stand-up collar shirt crafted from a Bishu wool blend, combining a rich texture with easy care and a modern, comfort-focused fit. Made from a premium Bishu wool blend, treated to be machine washable, allowing for easy home care while maintaining a crisp appearance. The tightly twisted yarn construction provides a dry, crisp feel and helps resist wrinkles for easy care. Featuring set-in sleeves at the front and raglan sleeves at the back, offering enhanced mobility and freedom of movement. Finished with durable yet elegant natural mother-of-pearl buttons on the front placket and cuffs, reinforced with hand-stitched wrap-around seams for added durability and ease of use.<\/span><\/em><\/p>\n","protected":false},"excerpt":{"rendered":"<p>Cr\u00e9ateur : GOLDWIN, Japan Detail : Une chemise \u00e0 col droit raffin\u00e9e confectionn\u00e9e en tissu m\u00e9lang\u00e9 laine de Bishu, alliant une texture riche \u00e0 une facilit\u00e9 d&rsquo;entretien et une coupe moderne ax\u00e9e sur le confort. Fabriqu\u00e9e avec un textile m\u00e9lang\u00e9 laine de Bishu de qualit\u00e9 sup\u00e9rieure, trait\u00e9 pour \u00eatre lavable, permettant un entretien facile \u00e0 [&hellip;]<\/p>\n","protected":false},"featured_media":3878218,"comment_status":"open","ping_status":"closed","template":"","meta":[],"product_brand":[],"product_cat":[],"product_tag":[],"acf":[],"_links":{"self":[{"href":"https:\/\/streetmarkets.fr\/app\/wp-json\/wp\/v2\/product\/3878217"}],"collection":[{"href":"https:\/\/streetmarkets.fr\/app\/wp-json\/wp\/v2\/product"}],"about":[{"href":"https:\/\/streetmarkets.fr\/app\/wp-json\/wp\/v2\/types\/product"}],"replies":[{"embeddable":true,"href":"https:\/\/streetmarkets.fr\/app\/wp-json\/wp\/v2\/comments?post=3878217"}],"wp:featuredmedia":[{"embeddable":true,"href":"https:\/\/streetmarkets.fr\/app\/wp-json\/wp\/v2\/media\/3878218"}],"wp:attachment":[{"href":"https:\/\/streetmarkets.fr\/app\/wp-json\/wp\/v2\/media?parent=3878217"}],"wp:term":[{"taxonomy":"product_brand","embeddable":true,"href":"https:\/\/streetmarkets.fr\/app\/wp-json\/wp\/v2\/product_brand?post=3878217"},{"taxonomy":"product_cat","embeddable":true,"href":"https:\/\/streetmarkets.fr\/app\/wp-json\/wp\/v2\/product_cat?post=3878217"},{"taxonomy":"product_tag","embeddable":true,"href":"https:\/\/streetmarkets.fr\/app\/wp-json\/wp\/v2\/product_tag?post=3878217"}],"curies":[{"name":"wp","href":"https:\/\/api.w.org\/{rel}","templated":true}]}}