{"id":3878199,"date":"2026-04-01T02:01:15","date_gmt":"2026-04-01T00:01:15","guid":{"rendered":"https:\/\/streetmarkets.fr\/app\/produit\/goldwin-wide-ankle-easy-pants-sand-land\/"},"modified":"2026-05-09T02:03:12","modified_gmt":"2026-05-09T00:03:12","slug":"goldwin-wide-ankle-easy-pants-sand-land","status":"publish","type":"product","link":"https:\/\/streetmarkets.fr\/app\/produit\/goldwin-wide-ankle-easy-pants-sand-land\/","title":{"rendered":"GOLDWIN WIDE Ankle Easy Pants Sand Land"},"content":{"rendered":"<p><b>Cr\u00e9ateur :<\/b> GOLDWIN, Japan<\/p>\n<p><b>Detail : <\/b>Pantalon int\u00e9grant des mat\u00e9riaux fonctionnels pour l\u2019ext\u00e9rieur dans un style tendance. Son tissu softshell \u00e0 2 couches est compos\u00e9 \u00e0 100 % de polyester extensible m\u00e9caniquement avec une structure en maille extr\u00eamement respirante et \u00e0 s\u00e9chage rapide.<\/p>\n<p>\u00c9quip\u00e9 d\u2019une protection contre les rayons UV, test\u00e9e selon la norme AS\/NZS 4399, la norme australienne\/n\u00e9o-z\u00e9landaise pour les v\u00eatements de protection solaire.<\/p>\n<p>D\u00e9perlant, r\u00e9sistant \u00e0 la pluie l\u00e9g\u00e8re.<\/p>\n<p>Silhouette large et audacieuse distinctive, ajustable gr\u00e2ce au cordon de serrage \u00e0 l\u2019ourlet.<\/p>\n<p>Longueur cheville (couture int\u00e9rieure au quart de la jambe).<\/p>\n<p>La taille est dot\u00e9e d\u2019un \u00e9lastique et d\u2019un cordon de serrage.<\/p>\n<p>Une poche de s\u00e9curit\u00e9 zipp\u00e9e \u00e0 l\u2019int\u00e9rieur de la poche droite de la taille. La poche arri\u00e8re droite est \u00e9galement munie d\u2019une fermeture \u00e9clair.<\/p>\n<p>Des fils recycl\u00e9s sont partiellement utilis\u00e9s pour r\u00e9duire l\u2019impact sur l\u2019environnement.<\/p>\n<p>100 % polyester<\/p>\n<p><b><\/b>Code : GL75183<\/p>\n<p class=\"tw-data-text tw-text-large tw-ta\" dir=\"ltr\" data-placeholder=\"Traduction\" data-ved=\"2ahUKEwiYw8Sx8KuJAxX_VqQEHWAxCHIQ3ewLegQIAxAU\" aria-label=\"Texte traduit\u00a0: Trousers made from stretch material, 100% polyester. It retains its shape without risk of creasing. Stretching without polyurethane makes the material more resistant to wear. Treated with a water-resistant coating to withstand light rain. The right side pocket has an interior security pocket. The back pockets are positioned to highlight the curved line of the yoke that runs along the hip line.\"><em><span class=\"Y2IQFc\" lang=\"en\">Detail : <\/span><span class=\"Y2IQFc\" lang=\"en\">Trousers incorporating functional materials for the outdoors in a trendy style. The 2-layer softshell fabric is made of 100% mechanically stretch polyester with an extremely breathable and quick-drying knit structure. Features UV protection, tested to AS\/NZS 4399, the Australian\/New Zealand standard for sun protection clothing. Water-repellent, resistant to light rain. Distinctive wide and bold silhouette, adjustable with a drawstring at the hem. Ankle length (inner seam at the quarter point of the leg). The waistband has an elasticated and drawstring closure. A zippered security pocket is located inside the right waist pocket. The right back pocket also has a zipper. Recycled yarns are partially used to reduce environmental impact.<\/span><\/em><\/p>\n","protected":false},"excerpt":{"rendered":"<p>Cr\u00e9ateur : GOLDWIN, Japan Detail : Pantalon int\u00e9grant des mat\u00e9riaux fonctionnels pour l\u2019ext\u00e9rieur dans un style tendance. Son tissu softshell \u00e0 2 couches est compos\u00e9 \u00e0 100 % de polyester extensible m\u00e9caniquement avec une structure en maille extr\u00eamement respirante et \u00e0 s\u00e9chage rapide. \u00c9quip\u00e9 d\u2019une protection contre les rayons UV, test\u00e9e selon la norme AS\/NZS [&hellip;]<\/p>\n","protected":false},"featured_media":3878200,"comment_status":"open","ping_status":"closed","template":"","meta":[],"product_brand":[],"product_cat":[],"product_tag":[],"acf":[],"_links":{"self":[{"href":"https:\/\/streetmarkets.fr\/app\/wp-json\/wp\/v2\/product\/3878199"}],"collection":[{"href":"https:\/\/streetmarkets.fr\/app\/wp-json\/wp\/v2\/product"}],"about":[{"href":"https:\/\/streetmarkets.fr\/app\/wp-json\/wp\/v2\/types\/product"}],"replies":[{"embeddable":true,"href":"https:\/\/streetmarkets.fr\/app\/wp-json\/wp\/v2\/comments?post=3878199"}],"wp:featuredmedia":[{"embeddable":true,"href":"https:\/\/streetmarkets.fr\/app\/wp-json\/wp\/v2\/media\/3878200"}],"wp:attachment":[{"href":"https:\/\/streetmarkets.fr\/app\/wp-json\/wp\/v2\/media?parent=3878199"}],"wp:term":[{"taxonomy":"product_brand","embeddable":true,"href":"https:\/\/streetmarkets.fr\/app\/wp-json\/wp\/v2\/product_brand?post=3878199"},{"taxonomy":"product_cat","embeddable":true,"href":"https:\/\/streetmarkets.fr\/app\/wp-json\/wp\/v2\/product_cat?post=3878199"},{"taxonomy":"product_tag","embeddable":true,"href":"https:\/\/streetmarkets.fr\/app\/wp-json\/wp\/v2\/product_tag?post=3878199"}],"curies":[{"name":"wp","href":"https:\/\/api.w.org\/{rel}","templated":true}]}}