{"id":3878092,"date":"2026-03-31T08:40:56","date_gmt":"2026-03-31T06:40:56","guid":{"rendered":"https:\/\/streetmarkets.fr\/app\/produit\/top-lita-zephyr-riviera-ma-poesie\/"},"modified":"2026-05-12T08:40:30","modified_gmt":"2026-05-12T06:40:30","slug":"top-lita-zephyr-riviera-ma-poesie","status":"publish","type":"product","link":"https:\/\/streetmarkets.fr\/app\/produit\/top-lita-zephyr-riviera-ma-poesie\/","title":{"rendered":"Top Lita Zephyr riviera &#8211; Ma Po\u00e9sie"},"content":{"rendered":"<ul>\n<li>\n<p><span>Top en cr\u00eape de coton unie avec biais contrast\u00e9<br \/>&#8211; Encolure ronde resserrable par cordon \u00e0 nouer au-dessus de l\u2019ouverture en V devant<br \/>&#8211; Fermeture en goutte d&#8217;eau avec bouton au dos<br \/>&#8211; Manches amples<br \/>&#8211; Fentes sur les c\u00f4t\u00e9s<\/span>\n<\/li>\n<li><span>Taille unique\u00a0<\/span><\/li>\n<\/ul>\n<p>\u00a0<\/p>\n","protected":false},"excerpt":{"rendered":"<p>Top en cr\u00eape de coton unie avec biais contrast\u00e9&#8211; Encolure ronde resserrable par cordon \u00e0 nouer au-dessus de l\u2019ouverture en V devant&#8211; Fermeture en goutte d&#8217;eau avec bouton au dos&#8211; Manches amples&#8211; Fentes sur les c\u00f4t\u00e9s Taille unique\u00a0 \u00a0<\/p>\n","protected":false},"featured_media":3878093,"comment_status":"open","ping_status":"closed","template":"","meta":[],"product_brand":[],"product_cat":[],"product_tag":[],"acf":[],"_links":{"self":[{"href":"https:\/\/streetmarkets.fr\/app\/wp-json\/wp\/v2\/product\/3878092"}],"collection":[{"href":"https:\/\/streetmarkets.fr\/app\/wp-json\/wp\/v2\/product"}],"about":[{"href":"https:\/\/streetmarkets.fr\/app\/wp-json\/wp\/v2\/types\/product"}],"replies":[{"embeddable":true,"href":"https:\/\/streetmarkets.fr\/app\/wp-json\/wp\/v2\/comments?post=3878092"}],"wp:featuredmedia":[{"embeddable":true,"href":"https:\/\/streetmarkets.fr\/app\/wp-json\/wp\/v2\/media\/3878093"}],"wp:attachment":[{"href":"https:\/\/streetmarkets.fr\/app\/wp-json\/wp\/v2\/media?parent=3878092"}],"wp:term":[{"taxonomy":"product_brand","embeddable":true,"href":"https:\/\/streetmarkets.fr\/app\/wp-json\/wp\/v2\/product_brand?post=3878092"},{"taxonomy":"product_cat","embeddable":true,"href":"https:\/\/streetmarkets.fr\/app\/wp-json\/wp\/v2\/product_cat?post=3878092"},{"taxonomy":"product_tag","embeddable":true,"href":"https:\/\/streetmarkets.fr\/app\/wp-json\/wp\/v2\/product_tag?post=3878092"}],"curies":[{"name":"wp","href":"https:\/\/api.w.org\/{rel}","templated":true}]}}