{"id":3873302,"date":"2026-03-31T02:00:37","date_gmt":"2026-03-31T00:00:37","guid":{"rendered":"https:\/\/streetmarkets.fr\/app\/produit\/goldwin-rip-stop-shorts-black\/"},"modified":"2026-05-06T02:04:20","modified_gmt":"2026-05-06T00:04:20","slug":"goldwin-rip-stop-shorts-black","status":"publish","type":"product","link":"https:\/\/streetmarkets.fr\/app\/produit\/goldwin-rip-stop-shorts-black\/","title":{"rendered":"GOLDWIN Rip-stop Shorts Black"},"content":{"rendered":"<p><b>Cr\u00e9ateur :<\/b> GOLDWIN, Japan<\/p>\n<p><b>Detail : <\/b>Shorts d\u00e9perlants confectionn\u00e9s en tissu l\u00e9ger avec la solidit\u00e9 du ripstop, longueur au-dessus du genou.<\/p>\n<p>D\u00e9perlant pour r\u00e9sister \u00e0 une pluie l\u00e9g\u00e8re.<\/p>\n<p>Une doublure en maille pour un confort accru.<\/p>\n<p>Grandes poches cargo et poches obliques sur les deux hanches<\/p>\n<p>Les poches sur les deux hanches poss\u00e8dent des cordons de serrage dissimul\u00e9s \u00e0 l\u2019int\u00e9rieur, \u00e9vitant toute g\u00eane et cr\u00e9ant un aspect \u00e9pur\u00e9 et minimaliste.<\/p>\n<p>La taille est \u00e9quip\u00e9e d\u2019un r\u00e9glage pour un serrage facile.<\/p>\n<p>Le tissu est fabriqu\u00e9 avec du fil recycl\u00e9 issu de bouteilles en plastique afin de r\u00e9duire l\u2019impact sur l\u2019environnement.<\/p>\n<p>100 % polyester<br \/>\n100 % polyester<\/p>\n<p>Code : GL75172<\/p>\n<p class=\"tw-data-text tw-text-large tw-ta\" dir=\"ltr\" data-placeholder=\"Traduction\" data-ved=\"2ahUKEwiYw8Sx8KuJAxX_VqQEHWAxCHIQ3ewLegQIAxAU\" aria-label=\"Texte traduit\u00a0: Trousers made from stretch material, 100% polyester. It retains its shape without risk of creasing. Stretching without polyurethane makes the material more resistant to wear. Treated with a water-resistant coating to withstand light rain. The right side pocket has an interior security pocket. The back pockets are positioned to highlight the curved line of the yoke that runs along the hip line.\"><em><span class=\"Y2IQFc\" lang=\"en\">Detail : <\/span><span class=\"Y2IQFc\" lang=\"en\">Water-repellent shorts made from lightweight ripstop fabric with a durable, above-the-knee length. Water-repellent to withstand light rain. A mesh lining for added comfort. Large cargo pockets and angled hip pockets. The hip pockets have drawstrings concealed inside, preventing any discomfort and creating a clean, minimalist look. The waistband features an adjustable strap for easy tightening. The fabric is made with recycled yarn from plastic bottles to reduce environmental impact.<\/span><\/em><\/p>\n","protected":false},"excerpt":{"rendered":"<p>Cr\u00e9ateur : GOLDWIN, Japan Detail : Shorts d\u00e9perlants confectionn\u00e9s en tissu l\u00e9ger avec la solidit\u00e9 du ripstop, longueur au-dessus du genou. D\u00e9perlant pour r\u00e9sister \u00e0 une pluie l\u00e9g\u00e8re. Une doublure en maille pour un confort accru. Grandes poches cargo et poches obliques sur les deux hanches Les poches sur les deux hanches poss\u00e8dent des cordons [&hellip;]<\/p>\n","protected":false},"featured_media":3873303,"comment_status":"open","ping_status":"closed","template":"","meta":[],"product_brand":[],"product_cat":[],"product_tag":[],"acf":[],"_links":{"self":[{"href":"https:\/\/streetmarkets.fr\/app\/wp-json\/wp\/v2\/product\/3873302"}],"collection":[{"href":"https:\/\/streetmarkets.fr\/app\/wp-json\/wp\/v2\/product"}],"about":[{"href":"https:\/\/streetmarkets.fr\/app\/wp-json\/wp\/v2\/types\/product"}],"replies":[{"embeddable":true,"href":"https:\/\/streetmarkets.fr\/app\/wp-json\/wp\/v2\/comments?post=3873302"}],"wp:featuredmedia":[{"embeddable":true,"href":"https:\/\/streetmarkets.fr\/app\/wp-json\/wp\/v2\/media\/3873303"}],"wp:attachment":[{"href":"https:\/\/streetmarkets.fr\/app\/wp-json\/wp\/v2\/media?parent=3873302"}],"wp:term":[{"taxonomy":"product_brand","embeddable":true,"href":"https:\/\/streetmarkets.fr\/app\/wp-json\/wp\/v2\/product_brand?post=3873302"},{"taxonomy":"product_cat","embeddable":true,"href":"https:\/\/streetmarkets.fr\/app\/wp-json\/wp\/v2\/product_cat?post=3873302"},{"taxonomy":"product_tag","embeddable":true,"href":"https:\/\/streetmarkets.fr\/app\/wp-json\/wp\/v2\/product_tag?post=3873302"}],"curies":[{"name":"wp","href":"https:\/\/api.w.org\/{rel}","templated":true}]}}