{"id":3872729,"date":"2026-03-30T03:34:28","date_gmt":"2026-03-30T01:34:28","guid":{"rendered":"https:\/\/streetmarkets.fr\/app\/produit\/ici-berlin-cem\/"},"modified":"2026-05-11T03:34:03","modified_gmt":"2026-05-11T01:34:03","slug":"ici-berlin-cem","status":"publish","type":"product","link":"https:\/\/streetmarkets.fr\/app\/produit\/ici-berlin-cem\/","title":{"rendered":"ICI BERLIN &#8211; cem"},"content":{"rendered":"<p data-start=\"34\" data-end=\"165\">Monture solaire vintage au design \u00e9pur\u00e9, avec une forme rectangulaire l\u00e9g\u00e8rement angulaire, typique des ann\u00e9es 90 \/ d\u00e9but 2000.\u00a0Structure m\u00e9tallique fine dans une finition sombre (noir \/ canon de fusil), qui accentue son c\u00f4t\u00e9 sobre et contemporain. Les verres gris fum\u00e9 renforcent cette esth\u00e9tique minimaliste et facile \u00e0 porter.<\/p>\n<p data-start=\"378\" data-end=\"485\">Monture ultra l\u00e9g\u00e8re et tr\u00e8s flexible, offrant un confort optimal et une grande souplesse au quotidien.\u00a0Pont fin et lignes nettes pour un rendu discret mais affirm\u00e9, dans un esprit Y2K.\u00a0Une paire au style clean, technique et intemporel, id\u00e9ale pour un look minimal ou plus pointu.<\/p>\n<div id=\"accordion\">\n<div class=\"card\" style=\"border-top: 1px solid #d3d3d3;border-left: none;border-right: none;border-bottom: 1px solid #d3d3d3\">\n<button style=\"color: black;background-color: initial;box-shadow: none;font-size: 20px;text-transform: uppercase;border: none\" class=\"card-header collapsed card-link\" data-toggle=\"collapse\" data-target=\"#collapseOne\"> <b class=\"header-title float-left\" style=\"font-family: Oswald;font-size: 15px;font-style: normal;font-variant: normal;font-weight: 400;line-height: 18.2px;text-align: justify;color: #766456;letter-spacing: 1px\"> Description d\u00e9taill\u00e9e <\/b> <i class=\"fas fa-angle-right float-right\" style=\"position: absolute;right: 10px;color: #766456\"><\/i> <\/button><\/p>\n<div id=\"collapseOne\" class=\"collapse\">\n<div class=\"card-body\">\n<p style=\"margin-bottom: -3px\"><b><br \/>Marque :<\/b> ICI BERLIN<b><br \/>Ann\u00e9e :\u00a0<\/b>1990<\/p>\n<p style=\"margin-bottom: -3px\"><b>Forme : <\/b>Rectangulaire<\/p>\n<p style=\"margin-bottom: -3px\"><b>Couleur :<\/b> Noir\u00a0<\/p>\n<p style=\"margin-bottom: -3px\"><b>Mat\u00e9riaux :<\/b> M\u00e9tal<\/p>\n<p style=\"margin-bottom: -3px\"><b>Verres :<\/b> Gris<\/p>\n<p style=\"margin-bottom: -15px\"><b>Fabrication :<\/b> France<\/p>\n<p><\/p>\n<p style=\"margin-bottom: -5px\"><b>Etat : <\/b>Tr\u00e8s bon \u00e9tat<b>\u00a0<\/b><\/p>\n<p><\/p>\n<p style=\"margin-bottom: -5px;font-style: italic\">Toutes nos lunettes passent entre les mains de nos opticiens, qui r\u00e9habilitent et ajustent les montures pour un confort optimal.<\/p>\n<\/div>\n<\/div>\n<\/div>\n<div style=\"border: none;border-bottom: 1px solid #d3d3d3\" class=\"card\">\n<button data-target=\"#collapseTwo\" data-toggle=\"collapse\" class=\"card-header collapsed card-link\" style=\"color: black;background-color: initial;box-shadow: none;font-size: 20px;text-transform: uppercase;border: none\"> <b style=\"font-family: Oswald;font-size: 15px;font-style: normal;font-variant: normal;font-weight: 400;line-height: 18.2px;text-align: justify;color: #766456;letter-spacing: 1px\" class=\"header-title float-left\"> Lunettes filtre lumi\u00e8re bleue <\/b> <i style=\"position: absolute;right: 10px;color: #766456\" class=\"fas fa-angle-right float-right\"><\/i> <\/button><\/p>\n<div class=\"collapse\" id=\"collapseTwo\">\n<div style=\"margin-top: -10px\" class=\"card-body\">\n<p>\u00a0<\/p>\n<p>Nos lunettes \u00ab filtre lumi\u00e8re bleue \u00bb sont \u00e9quip\u00e9es de verres sans correction Crizal Prevencia du verrier fran\u00e7ais ESSILOR.<\/p>\n<p>Ces verres assurent une protection \u00e0 vos yeux contre une partie de la lumi\u00e8re bleue nocive (\u00e9crans, led) et des rayons UV.<\/p>\n<p>Ils vous apporteront plus de confort et de bien \u00eatre au quotidien, car ils laissent passer la lumi\u00e8re essentielle et sont r\u00e9sistants aux rayures et salissures. Pour en savoir plus sur la lumi\u00e8re bleue <a href=\"https:\/\/seconde-vue.com\/blogs\/edito-seconde-vue\/la-lumiere-bleue-limpact-sur-nos-yeux-1\"> cliquez ici<\/a><\/p>\n<\/div>\n<\/div>\n<\/div>\n<div class=\"card\" style=\"border: none;border-bottom: 1px solid #d3d3d3\">\n<button style=\"color: black;background-color: initial;box-shadow: none;font-size: 20px;text-transform: uppercase;border: none\" class=\"card-header collapsed card-link\" data-toggle=\"collapse\" data-target=\"#collapseThree\"> <b class=\"header-title float-left\" style=\"font-family: Oswald;font-size: 15px;font-style: normal;font-variant: normal;font-weight: 400;line-height: 18.2px;text-align: justify;color: #766456;letter-spacing: 1px\"> Guide des tailles<\/b> <i class=\"fas fa-angle-right float-right\" style=\"position: absolute;right: 10px;color: #766456\"><\/i> <\/button><\/p>\n<div id=\"collapseThree\" class=\"collapse\">\n<div class=\"card-body\">\n<img decoding=\"async\" src=\"https:\/\/cdn.shopify.com\/s\/files\/1\/0602\/6009\/0089\/files\/mesurerectanglePNG.png?v=1636987570\" border=\"0\"> <\/p>\n<p class=\"guide_des_tailles\"><b>A <\/b> &#8211; Face : 135 mm\u00a0<br \/><b>B <\/b>\u00a0&#8211; Pont\/Nez : 8 mm <br \/><b>C <\/b>\u00a0&#8211; Calibre : 30 mm<\/p>\n<\/div>\n<\/div>\n<\/div>\n<div class=\"card\" style=\"border: none;border-bottom: 1px solid #d3d3d3\">\n<button style=\"color: black;background-color: initial;box-shadow: none;font-size: 20px;text-transform: uppercase;border: none\" class=\"card-header collapsed card-link\" data-toggle=\"collapse\" data-target=\"#collapseFour\"> <b class=\"header-title float-left\" style=\"font-family: Oswald;font-size: 15px;font-style: normal;font-variant: normal;font-weight: 400;line-height: 18.2px;text-align: justify;color: #766456;letter-spacing: 1px\"> Entretien <\/b> <i class=\"fas fa-angle-right float-right\" style=\"position: absolute;right: 10px;color: #766456\"><\/i> <\/button><\/p>\n<div id=\"collapseFour\" class=\"collapse\">\n<div class=\"card-body\">\n<p class=\"entretiens\">\u00a0<\/p>\n<p class=\"entretiens\">&#8211; Nettoyez vos lunettes avec de l&#8217;eau froide (jamais chaude) et du savon liquide et essuyez les avec une microfibre.<\/p>\n<p class=\"entretiens\">&#8211; Rangez vos lunettes dans leur \u00e9tui et ne jamais les poser sur les verres.<\/p>\n<p class=\"derniers_entretiens\">&#8211; Ne laissez jamais vos lunettes pr\u00e8s d&#8217;une source de chaleur<\/p>\n<\/div>\n<\/div>\n<\/div>\n<div style=\"border: none;border-bottom: 1px solid #d3d3d3\" class=\"card\">\n<button data-target=\"#collapseFive\" data-toggle=\"collapse\" class=\"card-header collapsed card-link\" style=\"color: black;background-color: initial;box-shadow: none;font-size: 20px;text-transform: uppercase;border: none\"> <b style=\"font-family: Oswald;font-size: 15px;font-style: normal;font-variant: normal;font-weight: 400;line-height: 18.2px;text-align: justify;color: #766456;letter-spacing: 1px\" class=\"header-title float-left\"> Garanties <\/b> <i style=\"position: absolute;right: 10px;color: #766456\" class=\"fas fa-angle-right float-right\"><\/i> <\/button><\/p>\n<div class=\"collapse\" id=\"collapseFive\">\n<div style=\"margin-top: -10px\" class=\"card-body\">\n<p>Nos montures lumi\u00e8re bleu sont garanties 1 an (\u00e0 partir de la date d&#8217;achat) : pi\u00e8ce et main d&#8217;oeuvre, avec remplacement du mod\u00e8le \u00e0 l&#8217;identique (en fonction des stocks disponibles).<\/p>\n<p>\u00c0 savoir Cette garantie ne couvre pas : les casses, les vols, les d\u00e9gradations volontaires, les usures normales et les rayures sur verres.<\/p>\n<p style=\"margin-bottom: -5px\">Les verres de vue ne sont quant \u00e0 eux pas garantis, car faits sur-mesure.<\/p>\n<\/div>\n<\/div>\n<\/div>\n<\/div>\n<p style=\"font-style: italic;margin-top: 10px\">Chaque paire est livr\u00e9e dans un pochon fabriqu\u00e9 en France \u00e0 partir de tissus vintage.<br \/>Seconde Vue est une entreprise certifi\u00e9e B Corp. \u00a0<br \/>\n\t\t\t\t$(&#8216;.card-header&#8217;).click(function() {<br \/>\n\t\t\t\t\t$(this).find(&#8216;i&#8217;).toggleClass(&#8216;fas fa-angle-right fas fa-angle-down&#8217;);<br \/>\n\t\t\t\t});\n\t\t\t<\/p>\n","protected":false},"excerpt":{"rendered":"<p>Monture solaire vintage au design \u00e9pur\u00e9, avec une forme rectangulaire l\u00e9g\u00e8rement angulaire, typique des ann\u00e9es 90 \/ d\u00e9but 2000.\u00a0Structure m\u00e9tallique fine dans une finition sombre (noir \/ canon de fusil), qui accentue son c\u00f4t\u00e9 sobre et contemporain. Les verres gris fum\u00e9 renforcent cette esth\u00e9tique minimaliste et facile \u00e0 porter. Monture ultra l\u00e9g\u00e8re et tr\u00e8s flexible, [&hellip;]<\/p>\n","protected":false},"featured_media":3872730,"comment_status":"open","ping_status":"closed","template":"","meta":[],"product_brand":[],"product_cat":[],"product_tag":[],"acf":[],"_links":{"self":[{"href":"https:\/\/streetmarkets.fr\/app\/wp-json\/wp\/v2\/product\/3872729"}],"collection":[{"href":"https:\/\/streetmarkets.fr\/app\/wp-json\/wp\/v2\/product"}],"about":[{"href":"https:\/\/streetmarkets.fr\/app\/wp-json\/wp\/v2\/types\/product"}],"replies":[{"embeddable":true,"href":"https:\/\/streetmarkets.fr\/app\/wp-json\/wp\/v2\/comments?post=3872729"}],"wp:featuredmedia":[{"embeddable":true,"href":"https:\/\/streetmarkets.fr\/app\/wp-json\/wp\/v2\/media\/3872730"}],"wp:attachment":[{"href":"https:\/\/streetmarkets.fr\/app\/wp-json\/wp\/v2\/media?parent=3872729"}],"wp:term":[{"taxonomy":"product_brand","embeddable":true,"href":"https:\/\/streetmarkets.fr\/app\/wp-json\/wp\/v2\/product_brand?post=3872729"},{"taxonomy":"product_cat","embeddable":true,"href":"https:\/\/streetmarkets.fr\/app\/wp-json\/wp\/v2\/product_cat?post=3872729"},{"taxonomy":"product_tag","embeddable":true,"href":"https:\/\/streetmarkets.fr\/app\/wp-json\/wp\/v2\/product_tag?post=3872729"}],"curies":[{"name":"wp","href":"https:\/\/api.w.org\/{rel}","templated":true}]}}