{"id":3872689,"date":"2026-03-30T03:34:25","date_gmt":"2026-03-30T01:34:25","guid":{"rendered":"https:\/\/streetmarkets.fr\/app\/produit\/boz-diamant\/"},"modified":"2026-05-07T03:33:51","modified_gmt":"2026-05-07T01:33:51","slug":"boz-diamant","status":"publish","type":"product","link":"https:\/\/streetmarkets.fr\/app\/produit\/boz-diamant\/","title":{"rendered":"BOZ &#8211; DIAMANT"},"content":{"rendered":"<p data-start=\"46\" data-end=\"280\">Monture vintage BOZ des ann\u00e9es 90, fabriqu\u00e9e en France dans le Jura, berceau historique de la lunetterie. Ce mod\u00e8le se distingue par sa forme ovale \u00e9tir\u00e9e, typique des silhouettes \u00e9l\u00e9gantes et minimalistes de l\u2019\u00e9poque.<br \/>R\u00e9alis\u00e9e dans une mati\u00e8re translucide cristalline, la monture joue sur la l\u00e9g\u00e8ret\u00e9 visuelle et la puret\u00e9 des lignes. Les contours fins mettent en valeur le regard avec subtilit\u00e9, tandis que les extr\u00e9mit\u00e9s sont d\u00e9licatement orn\u00e9es de petits strass, apportant une touche pr\u00e9cieuse et f\u00e9minine. \u00c0 la fois discr\u00e8te et sophistiqu\u00e9e, cette pi\u00e8ce incarne parfaitement l\u2019esth\u00e9tique des ann\u00e9es 90 : un design \u00e9pur\u00e9 rehauss\u00e9 de strass sur les c\u00f4t\u00e9s de la monture. Une monture intemporelle, facile \u00e0 porter, qui allie savoir-faire artisanal fran\u00e7ais et \u00e9l\u00e9gance r\u00e9tro.\u00a0<\/p>\n<p data-start=\"46\" data-end=\"280\">Une monture qui peut \u00eatre \u00e9quip\u00e9es de verres de correction ou de verres solaires directement en boutique.\u00a0<\/p>\n<div id=\"accordion\">\n<div class=\"card\" style=\"border-top: 1px solid #d3d3d3;border-left: none;border-right: none;border-bottom: 1px solid #d3d3d3\">\n<button style=\"color: black;background-color: initial;box-shadow: none;font-size: 20px;text-transform: uppercase;border: none\" class=\"card-header collapsed card-link\" data-toggle=\"collapse\" data-target=\"#collapseOne\"> <b class=\"header-title float-left\" style=\"font-family: Oswald;font-size: 15px;font-style: normal;font-variant: normal;font-weight: 400;line-height: 18.2px;text-align: justify;color: #766456;letter-spacing: 1px\"> Description d\u00e9taill\u00e9e <\/b> <i class=\"fas fa-angle-right float-right\" style=\"position: absolute;right: 10px;color: #766456\"><\/i> <\/button><\/p>\n<div id=\"collapseOne\" class=\"collapse\">\n<div class=\"card-body\">\n<p style=\"margin-bottom: -3px\">\u00a0<\/p>\n<p style=\"margin-bottom: -3px\"><b>Marque : <\/b>BOZ<\/p>\n<p style=\"margin-bottom: -3px\"><b>Ann\u00e9e : <\/b>90<\/p>\n<p style=\"margin-bottom: -3px\"><b>Forme :<\/b> Cat-eye<\/p>\n<p style=\"margin-bottom: -3px\"><b>Couleur : <\/b>Transparent<\/p>\n<p style=\"margin-bottom: -3px\"><b>Mat\u00e9riaux :<\/b> Ac\u00e9tate<\/p>\n<p style=\"margin-bottom: -3px\"><b>Verres :<\/b> sans verres<\/p>\n<p style=\"margin-bottom: -15px\"><b>Fabrication : <\/b>\u00a0France<\/p>\n<p><\/p>\n<p style=\"margin-bottom: -5px\"><b>Etat : <\/b> Neuf, jamais port\u00e9<\/p>\n<p><\/p>\n<p style=\"margin-bottom: -5px;font-style: italic\">Toutes nos lunettes passent entre les mains de nos opticiens, qui r\u00e9habilitent et ajustent les montures pour un confort optimal.<\/p>\n<\/div>\n<\/div>\n<\/div>\n<div class=\"card\" style=\"border: none;border-bottom: 1px solid #d3d3d3\">\n<button style=\"color: black;background-color: initial;box-shadow: none;font-size: 20px;text-transform: uppercase;border: none\" class=\"card-header collapsed card-link\" data-toggle=\"collapse\" data-target=\"#collapseTwo\"> <b class=\"header-title float-left\" style=\"font-family: Oswald;font-size: 15px;font-style: normal;font-variant: normal;font-weight: 400;line-height: 18.2px;text-align: justify;color: #766456;letter-spacing: 1px\"> Guide des tailles<\/b> <i class=\"fas fa-angle-right float-right\" style=\"position: absolute;right: 10px;color: #766456\"><\/i> <\/button><\/p>\n<div id=\"collapseTwo\" class=\"collapse\">\n<div class=\"card-body\">\n<img decoding=\"async\" src=\"https:\/\/cdn.shopify.com\/s\/files\/1\/0602\/6009\/0089\/files\/mesurerectanglePNG.png?v=1636987570\" border=\"0\"> <\/p>\n<p class=\"guide_des_tailles\"><b>A <\/b>\u00a0&#8211; Face : 135 mm <br \/><b>B <\/b> &#8211; Pont\/Nez : 15 mm <br \/><b>C <\/b>\u00a0&#8211; Calibre : 41 mm<\/p>\n<p class=\"guide_des_tailles\">\u00a0<\/p>\n<\/div>\n<\/div>\n<\/div>\n<div class=\"card\" style=\"border: none;border-bottom: 1px solid #d3d3d3\">\n<button style=\"color: black;background-color: initial;box-shadow: none;font-size: 20px;text-transform: uppercase;border: none\" class=\"card-header collapsed card-link\" data-toggle=\"collapse\" data-target=\"#collapseThree\"> <b class=\"header-title float-left\" style=\"font-family: Oswald;font-size: 15px;font-style: normal;font-variant: normal;font-weight: 400;line-height: 18.2px;text-align: justify;color: #766456;letter-spacing: 1px\"> Entretien <\/b> <i class=\"fas fa-angle-right float-right\" style=\"position: absolute;right: 10px;color: #766456\"><\/i> <\/button><\/p>\n<div id=\"collapseThree\" class=\"collapse\">\n<div class=\"card-body\">\n<p class=\"entretiens\">&#8211; Nettoyez vos lunettes avec de l&#8217;eau froide (jamais chaude) et du savon liquide et essuyez les avec une microfibre.<br \/>&#8211; Rangez vos lunettes dans leur \u00e9tui et ne jamais les poser sur les verres.<\/p>\n<p class=\"derniers_entretiens\">&#8211; Ne laissez jamais vos lunettes pr\u00e8s d&#8217;une source de chaleur<\/p>\n<\/div>\n<\/div>\n<\/div>\n<\/div>\n<p style=\"font-style: italic;margin-top: 10px\">Chaque paire est livr\u00e9e dans son \u00e9tui \u00e0 lunettes Seconde Vue<\/p>\n","protected":false},"excerpt":{"rendered":"<p>Monture vintage BOZ des ann\u00e9es 90, fabriqu\u00e9e en France dans le Jura, berceau historique de la lunetterie. Ce mod\u00e8le se distingue par sa forme ovale \u00e9tir\u00e9e, typique des silhouettes \u00e9l\u00e9gantes et minimalistes de l\u2019\u00e9poque.R\u00e9alis\u00e9e dans une mati\u00e8re translucide cristalline, la monture joue sur la l\u00e9g\u00e8ret\u00e9 visuelle et la puret\u00e9 des lignes. Les contours fins mettent [&hellip;]<\/p>\n","protected":false},"featured_media":3872690,"comment_status":"open","ping_status":"closed","template":"","meta":[],"product_brand":[],"product_cat":[],"product_tag":[],"acf":[],"_links":{"self":[{"href":"https:\/\/streetmarkets.fr\/app\/wp-json\/wp\/v2\/product\/3872689"}],"collection":[{"href":"https:\/\/streetmarkets.fr\/app\/wp-json\/wp\/v2\/product"}],"about":[{"href":"https:\/\/streetmarkets.fr\/app\/wp-json\/wp\/v2\/types\/product"}],"replies":[{"embeddable":true,"href":"https:\/\/streetmarkets.fr\/app\/wp-json\/wp\/v2\/comments?post=3872689"}],"wp:featuredmedia":[{"embeddable":true,"href":"https:\/\/streetmarkets.fr\/app\/wp-json\/wp\/v2\/media\/3872690"}],"wp:attachment":[{"href":"https:\/\/streetmarkets.fr\/app\/wp-json\/wp\/v2\/media?parent=3872689"}],"wp:term":[{"taxonomy":"product_brand","embeddable":true,"href":"https:\/\/streetmarkets.fr\/app\/wp-json\/wp\/v2\/product_brand?post=3872689"},{"taxonomy":"product_cat","embeddable":true,"href":"https:\/\/streetmarkets.fr\/app\/wp-json\/wp\/v2\/product_cat?post=3872689"},{"taxonomy":"product_tag","embeddable":true,"href":"https:\/\/streetmarkets.fr\/app\/wp-json\/wp\/v2\/product_tag?post=3872689"}],"curies":[{"name":"wp","href":"https:\/\/api.w.org\/{rel}","templated":true}]}}