{"id":3867923,"date":"2026-03-30T02:04:18","date_gmt":"2026-03-30T00:04:18","guid":{"rendered":"https:\/\/streetmarkets.fr\/app\/produit\/ymc-earth-charlotte-black\/"},"modified":"2026-05-11T02:04:52","modified_gmt":"2026-05-11T00:04:52","slug":"ymc-earth-charlotte-black","status":"publish","type":"product","link":"https:\/\/streetmarkets.fr\/app\/produit\/ymc-earth-charlotte-black\/","title":{"rendered":"YMC Earth CHARLOTTE Black"},"content":{"rendered":"<div class=\"woocommerce-product-details__short-description\">\n<p><b>Cr\u00e9ateur :<\/b> YMC, You Must Create<\/p>\n<p><b>R\u00e9alisation : <\/b>T-shirt slim \u00e0 manches courtes, coton bio c\u00f4tel\u00e9 flamm\u00e9<br \/>\nFinition teint\u00e9e, surpiq\u00fbres baseball \u00e0 l&rsquo;ourlet et aux poignets<br \/>\nOurlet arrondi<\/p>\n<p>100% coton biologique<\/p>\n<p>code produit : Q6AZB01<\/p>\n<p><em>Slim-fit short-sleeved t-shirt in organic cotton slub rib<\/em><br \/>\n<em>Dye-to-match finish, baseball stitching at the hem and cuffs<\/em><br \/>\n<em>Curved hem<\/em><\/p>\n<p><em>100% organic cotton<\/em><\/p>\n<\/div>\n<p>YMC Earth CHARLOTTE Black<\/p>\n","protected":false},"excerpt":{"rendered":"<p>Cr\u00e9ateur : YMC, You Must Create R\u00e9alisation : T-shirt slim \u00e0 manches courtes, coton bio c\u00f4tel\u00e9 flamm\u00e9 Finition teint\u00e9e, surpiq\u00fbres baseball \u00e0 l&rsquo;ourlet et aux poignets Ourlet arrondi 100% coton biologique code produit : Q6AZB01 Slim-fit short-sleeved t-shirt in organic cotton slub rib Dye-to-match finish, baseball stitching at the hem and cuffs Curved hem 100% [&hellip;]<\/p>\n","protected":false},"featured_media":3867924,"comment_status":"open","ping_status":"closed","template":"","meta":[],"product_brand":[],"product_cat":[],"product_tag":[],"acf":[],"_links":{"self":[{"href":"https:\/\/streetmarkets.fr\/app\/wp-json\/wp\/v2\/product\/3867923"}],"collection":[{"href":"https:\/\/streetmarkets.fr\/app\/wp-json\/wp\/v2\/product"}],"about":[{"href":"https:\/\/streetmarkets.fr\/app\/wp-json\/wp\/v2\/types\/product"}],"replies":[{"embeddable":true,"href":"https:\/\/streetmarkets.fr\/app\/wp-json\/wp\/v2\/comments?post=3867923"}],"wp:featuredmedia":[{"embeddable":true,"href":"https:\/\/streetmarkets.fr\/app\/wp-json\/wp\/v2\/media\/3867924"}],"wp:attachment":[{"href":"https:\/\/streetmarkets.fr\/app\/wp-json\/wp\/v2\/media?parent=3867923"}],"wp:term":[{"taxonomy":"product_brand","embeddable":true,"href":"https:\/\/streetmarkets.fr\/app\/wp-json\/wp\/v2\/product_brand?post=3867923"},{"taxonomy":"product_cat","embeddable":true,"href":"https:\/\/streetmarkets.fr\/app\/wp-json\/wp\/v2\/product_cat?post=3867923"},{"taxonomy":"product_tag","embeddable":true,"href":"https:\/\/streetmarkets.fr\/app\/wp-json\/wp\/v2\/product_tag?post=3867923"}],"curies":[{"name":"wp","href":"https:\/\/api.w.org\/{rel}","templated":true}]}}