{"id":3867880,"date":"2026-03-30T01:59:21","date_gmt":"2026-03-29T23:59:21","guid":{"rendered":"https:\/\/streetmarkets.fr\/app\/produit\/jackman-faded-sweat-himo-crew-fade-red\/"},"modified":"2026-05-06T02:01:16","modified_gmt":"2026-05-06T00:01:16","slug":"jackman-faded-sweat-himo-crew-fade-red","status":"publish","type":"product","link":"https:\/\/streetmarkets.fr\/app\/produit\/jackman-faded-sweat-himo-crew-fade-red\/","title":{"rendered":"JACKMAN Faded SWEAT HIMO Crew Fade red"},"content":{"rendered":"<p><b>Cr\u00e9ateur :<\/b> JACKMAN, Japan<\/p>\n<p><b>Detail : <\/b>Sweat fabriqu\u00e9 avec du fil de coton biologique fil\u00e9 \u00e0 l&rsquo;air pour le fil avant et du fil Coolmax Eco TC pour le fil de doublure. Avec sa touche vintage et une texture classique utilisant le Pigment Bio. Le design est bas\u00e9 sur les v\u00eatements port\u00e9s par les joueurs de baseball lors de l&rsquo;entra\u00eenement, qui comportent un cordon r\u00e9glable \u00e0 l&rsquo;ourlet.<\/p>\n<p>92 % coton, 8 % polyester<\/p>\n<p>Code : JM7466 Fade red<\/p>\n<p id=\"tw-target-text\" class=\"tw-data-text tw-text-large tw-ta\" dir=\"ltr\" data-placeholder=\"Traduction\" data-ved=\"2ahUKEwio2InMkr6JAxUrSKQEHQzVJaUQ3ewLegQICRAU\" aria-label=\"Texte traduit\u00a0: Sweatshirt made with air-spun organic cotton yarn for the face yarn and Coolmax Eco TC yarn for the lining yarn. With its vintage touch and a classic texture using Organic Pigment. The design is based on the clothing worn by baseball players during practice, which features an adjustable drawstring at the hem.\"><em><span class=\"Y2IQFc\" lang=\"en\">Sweatshirt made with air-spun organic cotton yarn for the face yarn and Coolmax Eco TC yarn for the lining yarn. With its vintage touch and a classic texture using Organic Pigment. The design is based on the clothing worn by baseball players during practice, which features an adjustable drawstring at the hem.<\/span><\/em><\/p>\n<p>&nbsp;<\/p>\n<p>&nbsp;<\/p>\n","protected":false},"excerpt":{"rendered":"<p>Cr\u00e9ateur : JACKMAN, Japan Detail : Sweat fabriqu\u00e9 avec du fil de coton biologique fil\u00e9 \u00e0 l&rsquo;air pour le fil avant et du fil Coolmax Eco TC pour le fil de doublure. Avec sa touche vintage et une texture classique utilisant le Pigment Bio. Le design est bas\u00e9 sur les v\u00eatements port\u00e9s par les joueurs [&hellip;]<\/p>\n","protected":false},"featured_media":3867881,"comment_status":"open","ping_status":"closed","template":"","meta":[],"product_brand":[],"product_cat":[],"product_tag":[],"acf":[],"_links":{"self":[{"href":"https:\/\/streetmarkets.fr\/app\/wp-json\/wp\/v2\/product\/3867880"}],"collection":[{"href":"https:\/\/streetmarkets.fr\/app\/wp-json\/wp\/v2\/product"}],"about":[{"href":"https:\/\/streetmarkets.fr\/app\/wp-json\/wp\/v2\/types\/product"}],"replies":[{"embeddable":true,"href":"https:\/\/streetmarkets.fr\/app\/wp-json\/wp\/v2\/comments?post=3867880"}],"wp:featuredmedia":[{"embeddable":true,"href":"https:\/\/streetmarkets.fr\/app\/wp-json\/wp\/v2\/media\/3867881"}],"wp:attachment":[{"href":"https:\/\/streetmarkets.fr\/app\/wp-json\/wp\/v2\/media?parent=3867880"}],"wp:term":[{"taxonomy":"product_brand","embeddable":true,"href":"https:\/\/streetmarkets.fr\/app\/wp-json\/wp\/v2\/product_brand?post=3867880"},{"taxonomy":"product_cat","embeddable":true,"href":"https:\/\/streetmarkets.fr\/app\/wp-json\/wp\/v2\/product_cat?post=3867880"},{"taxonomy":"product_tag","embeddable":true,"href":"https:\/\/streetmarkets.fr\/app\/wp-json\/wp\/v2\/product_tag?post=3867880"}],"curies":[{"name":"wp","href":"https:\/\/api.w.org\/{rel}","templated":true}]}}