{"id":3866507,"date":"2026-03-29T08:40:39","date_gmt":"2026-03-29T06:40:39","guid":{"rendered":"https:\/\/streetmarkets.fr\/app\/produit\/top-payal-pratap\/"},"modified":"2026-05-10T08:40:07","modified_gmt":"2026-05-10T06:40:07","slug":"top-payal-pratap","status":"publish","type":"product","link":"https:\/\/streetmarkets.fr\/app\/produit\/top-payal-pratap\/","title":{"rendered":"Top &#8211; Payal Pratap"},"content":{"rendered":"<p>Top vichy \u00e0 la coupe d\u00e9contract\u00e9e, orn\u00e9 de carreaux rouges et bleus<\/p>\n<p>Encolure ronde douce et des manches mi-longues confortables.<\/p>\n<p>Une fleur brod\u00e9e sur le cot\u00e9 apporte une touche artistique et unique;<\/p>\n<p>le liser\u00e9 JAUNE contrastant \u00e0 l&#8217;ourlet ajoute une subtile note de couleur<\/p>\n<p>Nouvelle marque chez Jo\u00e9e qui produit en s\u00e9ries limit\u00e9es.\u00a0<\/p>\n<p>Conseil taille : XScorrespond \u00e0 un 38\/40<\/p>\n","protected":false},"excerpt":{"rendered":"<p>Top vichy \u00e0 la coupe d\u00e9contract\u00e9e, orn\u00e9 de carreaux rouges et bleus Encolure ronde douce et des manches mi-longues confortables. Une fleur brod\u00e9e sur le cot\u00e9 apporte une touche artistique et unique; le liser\u00e9 JAUNE contrastant \u00e0 l&#8217;ourlet ajoute une subtile note de couleur Nouvelle marque chez Jo\u00e9e qui produit en s\u00e9ries limit\u00e9es.\u00a0 Conseil taille [&hellip;]<\/p>\n","protected":false},"featured_media":3866508,"comment_status":"open","ping_status":"closed","template":"","meta":[],"product_brand":[],"product_cat":[],"product_tag":[],"acf":[],"_links":{"self":[{"href":"https:\/\/streetmarkets.fr\/app\/wp-json\/wp\/v2\/product\/3866507"}],"collection":[{"href":"https:\/\/streetmarkets.fr\/app\/wp-json\/wp\/v2\/product"}],"about":[{"href":"https:\/\/streetmarkets.fr\/app\/wp-json\/wp\/v2\/types\/product"}],"replies":[{"embeddable":true,"href":"https:\/\/streetmarkets.fr\/app\/wp-json\/wp\/v2\/comments?post=3866507"}],"wp:featuredmedia":[{"embeddable":true,"href":"https:\/\/streetmarkets.fr\/app\/wp-json\/wp\/v2\/media\/3866508"}],"wp:attachment":[{"href":"https:\/\/streetmarkets.fr\/app\/wp-json\/wp\/v2\/media?parent=3866507"}],"wp:term":[{"taxonomy":"product_brand","embeddable":true,"href":"https:\/\/streetmarkets.fr\/app\/wp-json\/wp\/v2\/product_brand?post=3866507"},{"taxonomy":"product_cat","embeddable":true,"href":"https:\/\/streetmarkets.fr\/app\/wp-json\/wp\/v2\/product_cat?post=3866507"},{"taxonomy":"product_tag","embeddable":true,"href":"https:\/\/streetmarkets.fr\/app\/wp-json\/wp\/v2\/product_tag?post=3866507"}],"curies":[{"name":"wp","href":"https:\/\/api.w.org\/{rel}","templated":true}]}}