{"id":3866499,"date":"2026-03-29T08:40:39","date_gmt":"2026-03-29T06:40:39","guid":{"rendered":"https:\/\/streetmarkets.fr\/app\/produit\/pantalon-max-zephir-riviera-ma-poesie\/"},"modified":"2026-05-12T08:40:18","modified_gmt":"2026-05-12T06:40:18","slug":"pantalon-max-zephir-riviera-ma-poesie","status":"publish","type":"product","link":"https:\/\/streetmarkets.fr\/app\/produit\/pantalon-max-zephir-riviera-ma-poesie\/","title":{"rendered":"Pantalon Max zephir riviera &#8211; Ma Po\u00e9sie"},"content":{"rendered":"<p><span>\u00a0Cr\u00eape de coton unie avec\u00a0Coupe large et droite<br \/>&#8211; Poches c\u00f4t\u00e9s &amp; taille\u00a0\u00e9lastiqu\u00e9e<br \/>&#8211; Lien de serrage<br \/>&#8211; D\u00e9tail de biais blanc contrast\u00e9 sur les cot\u00e9s<\/span><\/p>\n<p><span>Taille unique\u00a0<\/span><\/p>\n","protected":false},"excerpt":{"rendered":"<p>\u00a0Cr\u00eape de coton unie avec\u00a0Coupe large et droite&#8211; Poches c\u00f4t\u00e9s &amp; taille\u00a0\u00e9lastiqu\u00e9e&#8211; Lien de serrage&#8211; D\u00e9tail de biais blanc contrast\u00e9 sur les cot\u00e9s Taille unique\u00a0<\/p>\n","protected":false},"featured_media":3866500,"comment_status":"open","ping_status":"closed","template":"","meta":[],"product_brand":[],"product_cat":[],"product_tag":[],"acf":[],"_links":{"self":[{"href":"https:\/\/streetmarkets.fr\/app\/wp-json\/wp\/v2\/product\/3866499"}],"collection":[{"href":"https:\/\/streetmarkets.fr\/app\/wp-json\/wp\/v2\/product"}],"about":[{"href":"https:\/\/streetmarkets.fr\/app\/wp-json\/wp\/v2\/types\/product"}],"replies":[{"embeddable":true,"href":"https:\/\/streetmarkets.fr\/app\/wp-json\/wp\/v2\/comments?post=3866499"}],"wp:featuredmedia":[{"embeddable":true,"href":"https:\/\/streetmarkets.fr\/app\/wp-json\/wp\/v2\/media\/3866500"}],"wp:attachment":[{"href":"https:\/\/streetmarkets.fr\/app\/wp-json\/wp\/v2\/media?parent=3866499"}],"wp:term":[{"taxonomy":"product_brand","embeddable":true,"href":"https:\/\/streetmarkets.fr\/app\/wp-json\/wp\/v2\/product_brand?post=3866499"},{"taxonomy":"product_cat","embeddable":true,"href":"https:\/\/streetmarkets.fr\/app\/wp-json\/wp\/v2\/product_cat?post=3866499"},{"taxonomy":"product_tag","embeddable":true,"href":"https:\/\/streetmarkets.fr\/app\/wp-json\/wp\/v2\/product_tag?post=3866499"}],"curies":[{"name":"wp","href":"https:\/\/api.w.org\/{rel}","templated":true}]}}