{"id":3861732,"date":"2026-03-29T01:01:23","date_gmt":"2026-03-29T00:01:23","guid":{"rendered":"https:\/\/streetmarkets.fr\/app\/produit\/mii-shirt-alba-marguerite-green\/"},"modified":"2026-05-09T02:06:37","modified_gmt":"2026-05-09T00:06:37","slug":"mii-shirt-alba-marguerite-green","status":"publish","type":"product","link":"https:\/\/streetmarkets.fr\/app\/produit\/mii-shirt-alba-marguerite-green\/","title":{"rendered":"MII Shirt ALBA Marguerite Green"},"content":{"rendered":"<div class=\"woocommerce-product-details__short-description\">\n<p><b>Cr\u00e9ateur :<\/b> Mii collection<\/p>\n<p><b>R\u00e9alisation : <\/b>Chemise courte 100% popeline de coton<br \/>\nCol chemisier avec pied de col, boutons en nacre, manches courtes \u00e0 large revers, pli rond au dos<\/p>\n<p>Brod\u00e9e \u00e0 la main en fil de coton.<\/p>\n<p><em><strong>Design : <\/strong>S<span class=\"Y2IQFc\" lang=\"en\">hort shirt in 100% cotton poplin Shirt collar with stand, mother-of-pearl buttons, short sleeves with wide cuffs, rounded pleat at the back Hand-embroidered in cotton thread.<\/span><\/em><\/p>\n<\/div>\n","protected":false},"excerpt":{"rendered":"<p>Cr\u00e9ateur : Mii collection R\u00e9alisation : Chemise courte 100% popeline de coton Col chemisier avec pied de col, boutons en nacre, manches courtes \u00e0 large revers, pli rond au dos Brod\u00e9e \u00e0 la main en fil de coton. Design : Short shirt in 100% cotton poplin Shirt collar with stand, mother-of-pearl buttons, short sleeves with [&hellip;]<\/p>\n","protected":false},"featured_media":3861733,"comment_status":"open","ping_status":"closed","template":"","meta":[],"product_brand":[],"product_cat":[],"product_tag":[],"acf":[],"_links":{"self":[{"href":"https:\/\/streetmarkets.fr\/app\/wp-json\/wp\/v2\/product\/3861732"}],"collection":[{"href":"https:\/\/streetmarkets.fr\/app\/wp-json\/wp\/v2\/product"}],"about":[{"href":"https:\/\/streetmarkets.fr\/app\/wp-json\/wp\/v2\/types\/product"}],"replies":[{"embeddable":true,"href":"https:\/\/streetmarkets.fr\/app\/wp-json\/wp\/v2\/comments?post=3861732"}],"wp:featuredmedia":[{"embeddable":true,"href":"https:\/\/streetmarkets.fr\/app\/wp-json\/wp\/v2\/media\/3861733"}],"wp:attachment":[{"href":"https:\/\/streetmarkets.fr\/app\/wp-json\/wp\/v2\/media?parent=3861732"}],"wp:term":[{"taxonomy":"product_brand","embeddable":true,"href":"https:\/\/streetmarkets.fr\/app\/wp-json\/wp\/v2\/product_brand?post=3861732"},{"taxonomy":"product_cat","embeddable":true,"href":"https:\/\/streetmarkets.fr\/app\/wp-json\/wp\/v2\/product_cat?post=3861732"},{"taxonomy":"product_tag","embeddable":true,"href":"https:\/\/streetmarkets.fr\/app\/wp-json\/wp\/v2\/product_tag?post=3861732"}],"curies":[{"name":"wp","href":"https:\/\/api.w.org\/{rel}","templated":true}]}}