{"id":3861193,"date":"2026-03-29T00:01:00","date_gmt":"2026-03-28T23:01:00","guid":{"rendered":"https:\/\/streetmarkets.fr\/app\/produit\/sweat-madame-yoga\/"},"modified":"2026-05-15T01:02:14","modified_gmt":"2026-05-14T23:02:14","slug":"sweat-madame-yoga","status":"publish","type":"product","link":"https:\/\/streetmarkets.fr\/app\/produit\/sweat-madame-yoga\/","title":{"rendered":"Sweat Madame Yoga"},"content":{"rendered":"<p>Sweat Madame Yoga : Le sweat qui glisse un esprit zen dans le vestiaire !\u00a0<br \/>On l\u2019enfile apr\u00e8s une s\u00e9ance, pour une journ\u00e9e tranquille ou simplement pour profiter de son confort. Coupe droite unisexe facile \u00e0 porter pour ce sweat-shirt unisexe . ( pour les femmes, prenez la taille en dessous de la v\u00f4tre)<br \/>Sur le devant, le visuel Madame Yoga attire l\u2019\u0153il avec son illustration inspir\u00e9e de l\u2019univers Monsieur Madame : t\u00eate en bas, petite fleur dans les cheveux et sourire tranquille. Une pi\u00e8ce \u00e0 l\u2019allure pop qui accompagne le quotidien.<\/p>\n<p>Ce qu\u2019on appr\u00e9cie particuli\u00e8rement :<\/p>\n<ul data-start=\"531\" data-end=\"839\">\n<li data-section-id=\"10zozh7\" data-start=\"531\" data-end=\"599\">Son coton bio \u00e9pais, doux et agr\u00e9able \u00e0 porter toute la journ\u00e9e.<\/li>\n<li data-section-id=\"1d5lpw2\" data-start=\"600\" data-end=\"677\">Sa coupe droite qui fonctionne aussi bien pour lui que pour elle.<\/li>\n<li data-section-id=\"1k1usd4\" data-start=\"678\" data-end=\"763\">Son col rond et ses bords-c\u00f4tes aux poignets et \u00e0 la taille pour une belle tenue.<\/li>\n<li data-section-id=\"1ixq2up\" data-start=\"764\" data-end=\"839\">Son illustration Madame Yoga, clin d\u2019\u0153il pop \u00e0 l\u2019univers Monsieur Madame.<\/li>\n<\/ul>\n<p>C\u00f4t\u00e9 mati\u00e8re \/ fabrication :\u00a0100 % coton biologique. Un coton dense et hypoallerg\u00e9nique qui assure confort et durabilit\u00e9 au fil des saisons.<\/p>\n","protected":false},"excerpt":{"rendered":"<p>Sweat Madame Yoga : Le sweat qui glisse un esprit zen dans le vestiaire !\u00a0On l\u2019enfile apr\u00e8s une s\u00e9ance, pour une journ\u00e9e tranquille ou simplement pour profiter de son confort. Coupe droite unisexe facile \u00e0 porter pour ce sweat-shirt unisexe . ( pour les femmes, prenez la taille en dessous de la v\u00f4tre)Sur le devant, [&hellip;]<\/p>\n","protected":false},"featured_media":3861194,"comment_status":"open","ping_status":"closed","template":"","meta":[],"product_brand":[],"product_cat":[],"product_tag":[],"acf":[],"_links":{"self":[{"href":"https:\/\/streetmarkets.fr\/app\/wp-json\/wp\/v2\/product\/3861193"}],"collection":[{"href":"https:\/\/streetmarkets.fr\/app\/wp-json\/wp\/v2\/product"}],"about":[{"href":"https:\/\/streetmarkets.fr\/app\/wp-json\/wp\/v2\/types\/product"}],"replies":[{"embeddable":true,"href":"https:\/\/streetmarkets.fr\/app\/wp-json\/wp\/v2\/comments?post=3861193"}],"wp:featuredmedia":[{"embeddable":true,"href":"https:\/\/streetmarkets.fr\/app\/wp-json\/wp\/v2\/media\/3861194"}],"wp:attachment":[{"href":"https:\/\/streetmarkets.fr\/app\/wp-json\/wp\/v2\/media?parent=3861193"}],"wp:term":[{"taxonomy":"product_brand","embeddable":true,"href":"https:\/\/streetmarkets.fr\/app\/wp-json\/wp\/v2\/product_brand?post=3861193"},{"taxonomy":"product_cat","embeddable":true,"href":"https:\/\/streetmarkets.fr\/app\/wp-json\/wp\/v2\/product_cat?post=3861193"},{"taxonomy":"product_tag","embeddable":true,"href":"https:\/\/streetmarkets.fr\/app\/wp-json\/wp\/v2\/product_tag?post=3861193"}],"curies":[{"name":"wp","href":"https:\/\/api.w.org\/{rel}","templated":true}]}}