{"id":3861161,"date":"2026-03-28T23:59:00","date_gmt":"2026-03-28T22:59:00","guid":{"rendered":"https:\/\/streetmarkets.fr\/app\/produit\/bague-vera\/"},"modified":"2026-05-15T00:59:24","modified_gmt":"2026-05-14T22:59:24","slug":"bague-vera","status":"publish","type":"product","link":"https:\/\/streetmarkets.fr\/app\/produit\/bague-vera\/","title":{"rendered":"Bague Vera"},"content":{"rendered":"<p data-start=\"0\" data-end=\"78\">Bague Vera : Notre statement dor\u00e9 qui habille la main en un clin d\u2019\u0153il !\u00a0<br \/>Avec Vera, on ne passe clairement pas inaper\u00e7u. Son format impose le style d\u00e8s qu\u2019on la porte, avec ce motif cha\u00eene revisit\u00e9 en version rigide, graphique et ajour\u00e9e. La structure tourne sur elle-m\u00eame, monte, descend, joue avec les volumes\u2026 un vrai travail de relief qui donne du caract\u00e8re \u00e0 la bague sans jamais l\u2019alourdir.<\/p>\n<p data-start=\"410\" data-end=\"617\">Sa largeur d\u20191 cm accentue son effet bijou fort. Ajustable, elle s\u2019adapte facilement \u00e0 nos doigts et suit nos envies de style sans contrainte.<\/p>\n<p data-start=\"619\" data-end=\"838\">R\u00e9alis\u00e9e en France en plaqu\u00e9 or 3 microns, elle r\u00e9siste \u00e0 l\u2019eau, ne noircit pas et nous accompagne au quotidien sans perdre de son allure. Une pi\u00e8ce moderne, pens\u00e9e pour durer et pour signer nos looks d\u2019un seul geste.<\/p>\n<p data-start=\"840\" data-end=\"1073\">Elle nous s\u00e9duit avec :<br data-start=\"860\" data-end=\"863\">\u2022 Son motif cha\u00eene rigide revisit\u00e9.<br data-start=\"929\" data-end=\"932\">\u2022 Sa structure ajour\u00e9e en relief.<br data-start=\"964\" data-end=\"967\" data-is-only-node=\"\">\u2022 Son anneau ouvert ajustable.<br data-start=\"996\" data-end=\"999\">\u2022 Son plaqu\u00e9 or 3 microns r\u00e9sistant \u00e0 l\u2019eau.<br data-start=\"1042\" data-end=\"1045\">\u2022 Sa fabrication fran\u00e7aise.<\/p>\n","protected":false},"excerpt":{"rendered":"<p>Bague Vera : Notre statement dor\u00e9 qui habille la main en un clin d\u2019\u0153il !\u00a0Avec Vera, on ne passe clairement pas inaper\u00e7u. Son format impose le style d\u00e8s qu\u2019on la porte, avec ce motif cha\u00eene revisit\u00e9 en version rigide, graphique et ajour\u00e9e. La structure tourne sur elle-m\u00eame, monte, descend, joue avec les volumes\u2026 un vrai [&hellip;]<\/p>\n","protected":false},"featured_media":3861162,"comment_status":"open","ping_status":"closed","template":"","meta":[],"product_brand":[],"product_cat":[],"product_tag":[],"acf":[],"_links":{"self":[{"href":"https:\/\/streetmarkets.fr\/app\/wp-json\/wp\/v2\/product\/3861161"}],"collection":[{"href":"https:\/\/streetmarkets.fr\/app\/wp-json\/wp\/v2\/product"}],"about":[{"href":"https:\/\/streetmarkets.fr\/app\/wp-json\/wp\/v2\/types\/product"}],"replies":[{"embeddable":true,"href":"https:\/\/streetmarkets.fr\/app\/wp-json\/wp\/v2\/comments?post=3861161"}],"wp:featuredmedia":[{"embeddable":true,"href":"https:\/\/streetmarkets.fr\/app\/wp-json\/wp\/v2\/media\/3861162"}],"wp:attachment":[{"href":"https:\/\/streetmarkets.fr\/app\/wp-json\/wp\/v2\/media?parent=3861161"}],"wp:term":[{"taxonomy":"product_brand","embeddable":true,"href":"https:\/\/streetmarkets.fr\/app\/wp-json\/wp\/v2\/product_brand?post=3861161"},{"taxonomy":"product_cat","embeddable":true,"href":"https:\/\/streetmarkets.fr\/app\/wp-json\/wp\/v2\/product_cat?post=3861161"},{"taxonomy":"product_tag","embeddable":true,"href":"https:\/\/streetmarkets.fr\/app\/wp-json\/wp\/v2\/product_tag?post=3861161"}],"curies":[{"name":"wp","href":"https:\/\/api.w.org\/{rel}","templated":true}]}}